{"id":15,"date":"2018-11-17T15:00:24","date_gmt":"2018-11-17T14:00:24","guid":{"rendered":"http:\/\/valentinaduna.com\/?page_id=15"},"modified":"2023-02-04T15:40:48","modified_gmt":"2023-02-04T14:40:48","slug":"danse-du-dragon","status":"publish","type":"page","link":"https:\/\/valentinaduna.com\/?page_id=15","title":{"rendered":"Danse du Dragon"},"content":{"rendered":"\t\t<div data-elementor-type=\"wp-page\" data-elementor-id=\"15\" class=\"elementor elementor-15\">\n\t\t\t\t\t\t<section class=\"elementor-section elementor-top-section elementor-element elementor-element-51e5837 elementor-section-boxed elementor-section-height-default elementor-section-height-default\" data-id=\"51e5837\" data-element_type=\"section\">\n\t\t\t\t\t\t<div class=\"elementor-container elementor-column-gap-default\">\n\t\t\t\t\t<div class=\"elementor-column elementor-col-100 elementor-top-column elementor-element elementor-element-b33232c\" data-id=\"b33232c\" data-element_type=\"column\">\n\t\t\t<div class=\"elementor-widget-wrap elementor-element-populated\">\n\t\t\t\t\t\t<div class=\"elementor-element elementor-element-228edb8 elementor-widget elementor-widget-spacer\" data-id=\"228edb8\" data-element_type=\"widget\" data-widget_type=\"spacer.default\">\n\t\t\t\t<div class=\"elementor-widget-container\">\n\t\t\t\t\t\t\t<div class=\"elementor-spacer\">\n\t\t\t<div class=\"elementor-spacer-inner\"><\/div>\n\t\t<\/div>\n\t\t\t\t\t\t<\/div>\n\t\t\t\t<\/div>\n\t\t\t\t<div class=\"elementor-element elementor-element-4b8226ec elementor-widget elementor-widget-heading\" data-id=\"4b8226ec\" data-element_type=\"widget\" data-widget_type=\"heading.default\">\n\t\t\t\t<div class=\"elementor-widget-container\">\n\t\t\t\t\t<h6 class=\"elementor-heading-title elementor-size-default\">Valentina Duna<\/h6>\t\t\t\t<\/div>\n\t\t\t\t<\/div>\n\t\t\t\t<div class=\"elementor-element elementor-element-6b64b22d elementor-widget elementor-widget-heading\" data-id=\"6b64b22d\" data-element_type=\"widget\" data-widget_type=\"heading.default\">\n\t\t\t\t<div class=\"elementor-widget-container\">\n\t\t\t\t\t<h2 class=\"elementor-heading-title elementor-size-default\">Danse du Dragon<\/h2>\t\t\t\t<\/div>\n\t\t\t\t<\/div>\n\t\t\t\t\t<\/div>\n\t\t<\/div>\n\t\t\t\t\t<\/div>\n\t\t<\/section>\n\t\t\t\t<section class=\"elementor-section elementor-top-section elementor-element elementor-element-64374982 elementor-section-boxed elementor-section-height-default elementor-section-height-default\" data-id=\"64374982\" data-element_type=\"section\">\n\t\t\t\t\t\t<div class=\"elementor-container elementor-column-gap-default\">\n\t\t\t\t\t<div class=\"elementor-column elementor-col-50 elementor-top-column elementor-element elementor-element-1fc823b0\" data-id=\"1fc823b0\" data-element_type=\"column\">\n\t\t\t<div class=\"elementor-widget-wrap elementor-element-populated\">\n\t\t\t\t\t\t<div class=\"elementor-element elementor-element-22a0160e elementor-widget elementor-widget-image\" data-id=\"22a0160e\" data-element_type=\"widget\" data-widget_type=\"image.default\">\n\t\t\t\t<div class=\"elementor-widget-container\">\n\t\t\t\t\t\t\t\t\t\t\t\t\t\t\t<img fetchpriority=\"high\" decoding=\"async\" width=\"1000\" height=\"667\" src=\"https:\/\/valentinaduna.com\/wp-content\/uploads\/2019\/02\/IMG_4834-e1549443334519.jpg\" class=\"attachment-full size-full wp-image-482\" alt=\"dragon-dance-yoga\" srcset=\"https:\/\/valentinaduna.com\/wp-content\/uploads\/2019\/02\/IMG_4834-e1549443334519.jpg 1000w, https:\/\/valentinaduna.com\/wp-content\/uploads\/2019\/02\/IMG_4834-e1549443334519-600x400.jpg 600w\" sizes=\"(max-width: 1000px) 100vw, 1000px\" \/>\t\t\t\t\t\t\t\t\t\t\t\t\t\t\t<\/div>\n\t\t\t\t<\/div>\n\t\t\t\t<div class=\"elementor-element elementor-element-3f7ce58c elementor-widget elementor-widget-text-editor\" data-id=\"3f7ce58c\" data-element_type=\"widget\" data-widget_type=\"text-editor.default\">\n\t\t\t\t<div class=\"elementor-widget-container\">\n\t\t\t\t\t\t\t\t\t<p>La danse du dragon est un flow gracieux et puissant qui va mettre en challenge notre esprit\/corps dans sa globalit\u00e9.<\/p>\n<p>Il am\u00e9liore notre \u00e9quilibre, nettoie et renforce notre corps physique, calme l\u2019esprit et manifeste notre plus profonde intention.<\/p>\n<p>Cette \u201cdanse\u201d, jumelle d\u2019un vinyasa, inspir\u00e9e du Qi Gong, s\u2019apprend en petites s\u00e9quences r\u00e9p\u00e9t\u00e9es \u00e0 l\u2019infini. C\u2019est pour cela qu\u2019elle contient le secret du Fractal et de la Transe. \u00c0 chaque s\u00e9quence se rajoute une nouvelle posture aux premi\u00e8res\u2026 Nous pouvons comparer la danse du Dragon \u00e0 une pri\u00e8re en \u201cJapa\u201c, tel avec un mala, chaque perle est une posture tenue par un fil dor\u00e9 pr\u00e2nic. Ainsi, nous cr\u00e9ons ce mouvement circulaire. Le processus est telle une transe alchimique o\u00f9 la musique et le rythme embrasse l\u2019exp\u00e9rience.<\/p>\t\t\t\t\t\t\t\t<\/div>\n\t\t\t\t<\/div>\n\t\t\t\t\t<\/div>\n\t\t<\/div>\n\t\t\t\t<div class=\"elementor-column elementor-col-50 elementor-top-column elementor-element elementor-element-3067b20f\" data-id=\"3067b20f\" data-element_type=\"column\">\n\t\t\t<div class=\"elementor-widget-wrap elementor-element-populated\">\n\t\t\t\t\t\t<div class=\"elementor-element elementor-element-4de65000 elementor-widget elementor-widget-heading\" data-id=\"4de65000\" data-element_type=\"widget\" data-widget_type=\"heading.default\">\n\t\t\t\t<div class=\"elementor-widget-container\">\n\t\t\t\t\t<h2 class=\"elementor-heading-title elementor-size-default\"><b>R\u00e9servez<\/b><\/h2>\t\t\t\t<\/div>\n\t\t\t\t<\/div>\n\t\t\t\t\t<\/div>\n\t\t<\/div>\n\t\t\t\t\t<\/div>\n\t\t<\/section>\n\t\t\t\t<section class=\"elementor-section elementor-top-section elementor-element elementor-element-4873027 elementor-section-boxed elementor-section-height-default elementor-section-height-default\" data-id=\"4873027\" data-element_type=\"section\">\n\t\t\t\t\t\t<div class=\"elementor-container elementor-column-gap-default\">\n\t\t\t\t\t<div class=\"elementor-column elementor-col-100 elementor-top-column elementor-element elementor-element-f3cc426\" data-id=\"f3cc426\" data-element_type=\"column\">\n\t\t\t<div class=\"elementor-widget-wrap elementor-element-populated\">\n\t\t\t\t\t\t<div class=\"elementor-element elementor-element-6804cf7 elementor-widget elementor-widget-spacer\" data-id=\"6804cf7\" data-element_type=\"widget\" data-widget_type=\"spacer.default\">\n\t\t\t\t<div class=\"elementor-widget-container\">\n\t\t\t\t\t\t\t<div class=\"elementor-spacer\">\n\t\t\t<div class=\"elementor-spacer-inner\"><\/div>\n\t\t<\/div>\n\t\t\t\t\t\t<\/div>\n\t\t\t\t<\/div>\n\t\t\t\t\t<\/div>\n\t\t<\/div>\n\t\t\t\t\t<\/div>\n\t\t<\/section>\n\t\t\t\t<\/div>\n\t\t","protected":false},"excerpt":{"rendered":"<p>Valentina Duna Danse du Dragon La danse du dragon est un flow gracieux et puissant qui va mettre en challenge notre esprit\/corps dans sa globalit\u00e9. Il am\u00e9liore notre \u00e9quilibre, nettoie et renforce notre corps physique, calme l\u2019esprit et manifeste notre plus profonde intention. Cette \u201cdanse\u201d, jumelle d\u2019un vinyasa, inspir\u00e9e du Qi Gong, s\u2019apprend en petites [&hellip;]<\/p>\n","protected":false},"author":1,"featured_media":482,"parent":0,"menu_order":0,"comment_status":"closed","ping_status":"closed","template":"elementor_header_footer","meta":{"footnotes":""},"class_list":["post-15","page","type-page","status-publish","has-post-thumbnail","hentry"],"yoast_head":"<!-- This site is optimized with the Yoast SEO plugin v26.7 - https:\/\/yoast.com\/wordpress\/plugins\/seo\/ -->\n<title>Danse du Dragon - Here &amp; now<\/title>\n<meta name=\"robots\" content=\"index, follow, max-snippet:-1, max-image-preview:large, max-video-preview:-1\" \/>\n<link rel=\"canonical\" href=\"https:\/\/valentinaduna.com\/?page_id=15\" \/>\n<meta property=\"og:locale\" content=\"fr_FR\" \/>\n<meta property=\"og:type\" content=\"article\" \/>\n<meta property=\"og:title\" content=\"Danse du Dragon - Here &amp; now\" \/>\n<meta property=\"og:description\" content=\"Valentina Duna Danse du Dragon La danse du dragon est un flow gracieux et puissant qui va mettre en challenge notre esprit\/corps dans sa globalit\u00e9. Il am\u00e9liore notre \u00e9quilibre, nettoie et renforce notre corps physique, calme l\u2019esprit et manifeste notre plus profonde intention. Cette \u201cdanse\u201d, jumelle d\u2019un vinyasa, inspir\u00e9e du Qi Gong, s\u2019apprend en petites [&hellip;]\" \/>\n<meta property=\"og:url\" content=\"https:\/\/valentinaduna.com\/?page_id=15\" \/>\n<meta property=\"og:site_name\" content=\"Here &amp; now\" \/>\n<meta property=\"article:modified_time\" content=\"2023-02-04T14:40:48+00:00\" \/>\n<meta property=\"og:image\" content=\"https:\/\/valentinaduna.com\/wp-content\/uploads\/2019\/02\/IMG_4834-e1549443334519.jpg\" \/>\n\t<meta property=\"og:image:width\" content=\"1000\" \/>\n\t<meta property=\"og:image:height\" content=\"667\" \/>\n\t<meta property=\"og:image:type\" content=\"image\/jpeg\" \/>\n<meta name=\"twitter:card\" content=\"summary_large_image\" \/>\n<meta name=\"twitter:label1\" content=\"Dur\u00e9e de lecture estim\u00e9e\" \/>\n\t<meta name=\"twitter:data1\" content=\"1 minute\" \/>\n<script type=\"application\/ld+json\" class=\"yoast-schema-graph\">{\"@context\":\"https:\/\/schema.org\",\"@graph\":[{\"@type\":\"WebPage\",\"@id\":\"https:\/\/valentinaduna.com\/?page_id=15\",\"url\":\"https:\/\/valentinaduna.com\/?page_id=15\",\"name\":\"Danse du Dragon - Here &amp; now\",\"isPartOf\":{\"@id\":\"https:\/\/valentinaduna.com\/#website\"},\"primaryImageOfPage\":{\"@id\":\"https:\/\/valentinaduna.com\/?page_id=15#primaryimage\"},\"image\":{\"@id\":\"https:\/\/valentinaduna.com\/?page_id=15#primaryimage\"},\"thumbnailUrl\":\"https:\/\/valentinaduna.com\/wp-content\/uploads\/2019\/02\/IMG_4834-e1549443334519.jpg\",\"datePublished\":\"2018-11-17T14:00:24+00:00\",\"dateModified\":\"2023-02-04T14:40:48+00:00\",\"breadcrumb\":{\"@id\":\"https:\/\/valentinaduna.com\/?page_id=15#breadcrumb\"},\"inLanguage\":\"fr-FR\",\"potentialAction\":[{\"@type\":\"ReadAction\",\"target\":[\"https:\/\/valentinaduna.com\/?page_id=15\"]}]},{\"@type\":\"ImageObject\",\"inLanguage\":\"fr-FR\",\"@id\":\"https:\/\/valentinaduna.com\/?page_id=15#primaryimage\",\"url\":\"https:\/\/valentinaduna.com\/wp-content\/uploads\/2019\/02\/IMG_4834-e1549443334519.jpg\",\"contentUrl\":\"https:\/\/valentinaduna.com\/wp-content\/uploads\/2019\/02\/IMG_4834-e1549443334519.jpg\",\"width\":1000,\"height\":667,\"caption\":\"dragon-dance-yoga\"},{\"@type\":\"BreadcrumbList\",\"@id\":\"https:\/\/valentinaduna.com\/?page_id=15#breadcrumb\",\"itemListElement\":[{\"@type\":\"ListItem\",\"position\":1,\"name\":\"Accueil\",\"item\":\"https:\/\/valentinaduna.com\/\"},{\"@type\":\"ListItem\",\"position\":2,\"name\":\"Danse du Dragon\"}]},{\"@type\":\"WebSite\",\"@id\":\"https:\/\/valentinaduna.com\/#website\",\"url\":\"https:\/\/valentinaduna.com\/\",\"name\":\"Here &amp; now\",\"description\":\"Valentina Duna \u2022 World Wild Yogini \u00e0 plumes\",\"potentialAction\":[{\"@type\":\"SearchAction\",\"target\":{\"@type\":\"EntryPoint\",\"urlTemplate\":\"https:\/\/valentinaduna.com\/?s={search_term_string}\"},\"query-input\":{\"@type\":\"PropertyValueSpecification\",\"valueRequired\":true,\"valueName\":\"search_term_string\"}}],\"inLanguage\":\"fr-FR\"}]}<\/script>\n<!-- \/ Yoast SEO plugin. -->","yoast_head_json":{"title":"Danse du Dragon - Here &amp; now","robots":{"index":"index","follow":"follow","max-snippet":"max-snippet:-1","max-image-preview":"max-image-preview:large","max-video-preview":"max-video-preview:-1"},"canonical":"https:\/\/valentinaduna.com\/?page_id=15","og_locale":"fr_FR","og_type":"article","og_title":"Danse du Dragon - Here &amp; now","og_description":"Valentina Duna Danse du Dragon La danse du dragon est un flow gracieux et puissant qui va mettre en challenge notre esprit\/corps dans sa globalit\u00e9. Il am\u00e9liore notre \u00e9quilibre, nettoie et renforce notre corps physique, calme l\u2019esprit et manifeste notre plus profonde intention. Cette \u201cdanse\u201d, jumelle d\u2019un vinyasa, inspir\u00e9e du Qi Gong, s\u2019apprend en petites [&hellip;]","og_url":"https:\/\/valentinaduna.com\/?page_id=15","og_site_name":"Here &amp; now","article_modified_time":"2023-02-04T14:40:48+00:00","og_image":[{"width":1000,"height":667,"url":"https:\/\/valentinaduna.com\/wp-content\/uploads\/2019\/02\/IMG_4834-e1549443334519.jpg","type":"image\/jpeg"}],"twitter_card":"summary_large_image","twitter_misc":{"Dur\u00e9e de lecture estim\u00e9e":"1 minute"},"schema":{"@context":"https:\/\/schema.org","@graph":[{"@type":"WebPage","@id":"https:\/\/valentinaduna.com\/?page_id=15","url":"https:\/\/valentinaduna.com\/?page_id=15","name":"Danse du Dragon - Here &amp; now","isPartOf":{"@id":"https:\/\/valentinaduna.com\/#website"},"primaryImageOfPage":{"@id":"https:\/\/valentinaduna.com\/?page_id=15#primaryimage"},"image":{"@id":"https:\/\/valentinaduna.com\/?page_id=15#primaryimage"},"thumbnailUrl":"https:\/\/valentinaduna.com\/wp-content\/uploads\/2019\/02\/IMG_4834-e1549443334519.jpg","datePublished":"2018-11-17T14:00:24+00:00","dateModified":"2023-02-04T14:40:48+00:00","breadcrumb":{"@id":"https:\/\/valentinaduna.com\/?page_id=15#breadcrumb"},"inLanguage":"fr-FR","potentialAction":[{"@type":"ReadAction","target":["https:\/\/valentinaduna.com\/?page_id=15"]}]},{"@type":"ImageObject","inLanguage":"fr-FR","@id":"https:\/\/valentinaduna.com\/?page_id=15#primaryimage","url":"https:\/\/valentinaduna.com\/wp-content\/uploads\/2019\/02\/IMG_4834-e1549443334519.jpg","contentUrl":"https:\/\/valentinaduna.com\/wp-content\/uploads\/2019\/02\/IMG_4834-e1549443334519.jpg","width":1000,"height":667,"caption":"dragon-dance-yoga"},{"@type":"BreadcrumbList","@id":"https:\/\/valentinaduna.com\/?page_id=15#breadcrumb","itemListElement":[{"@type":"ListItem","position":1,"name":"Accueil","item":"https:\/\/valentinaduna.com\/"},{"@type":"ListItem","position":2,"name":"Danse du Dragon"}]},{"@type":"WebSite","@id":"https:\/\/valentinaduna.com\/#website","url":"https:\/\/valentinaduna.com\/","name":"Here &amp; now","description":"Valentina Duna \u2022 World Wild Yogini \u00e0 plumes","potentialAction":[{"@type":"SearchAction","target":{"@type":"EntryPoint","urlTemplate":"https:\/\/valentinaduna.com\/?s={search_term_string}"},"query-input":{"@type":"PropertyValueSpecification","valueRequired":true,"valueName":"search_term_string"}}],"inLanguage":"fr-FR"}]}},"_links":{"self":[{"href":"https:\/\/valentinaduna.com\/index.php?rest_route=\/wp\/v2\/pages\/15","targetHints":{"allow":["GET"]}}],"collection":[{"href":"https:\/\/valentinaduna.com\/index.php?rest_route=\/wp\/v2\/pages"}],"about":[{"href":"https:\/\/valentinaduna.com\/index.php?rest_route=\/wp\/v2\/types\/page"}],"author":[{"embeddable":true,"href":"https:\/\/valentinaduna.com\/index.php?rest_route=\/wp\/v2\/users\/1"}],"replies":[{"embeddable":true,"href":"https:\/\/valentinaduna.com\/index.php?rest_route=%2Fwp%2Fv2%2Fcomments&post=15"}],"version-history":[{"count":32,"href":"https:\/\/valentinaduna.com\/index.php?rest_route=\/wp\/v2\/pages\/15\/revisions"}],"predecessor-version":[{"id":2709,"href":"https:\/\/valentinaduna.com\/index.php?rest_route=\/wp\/v2\/pages\/15\/revisions\/2709"}],"wp:featuredmedia":[{"embeddable":true,"href":"https:\/\/valentinaduna.com\/index.php?rest_route=\/wp\/v2\/media\/482"}],"wp:attachment":[{"href":"https:\/\/valentinaduna.com\/index.php?rest_route=%2Fwp%2Fv2%2Fmedia&parent=15"}],"curies":[{"name":"wp","href":"https:\/\/api.w.org\/{rel}","templated":true}]}}