{"id":19,"date":"2018-11-17T15:01:06","date_gmt":"2018-11-17T14:01:06","guid":{"rendered":"http:\/\/valentinaduna.com\/?page_id=19"},"modified":"2023-09-26T23:03:39","modified_gmt":"2023-09-26T21:03:39","slug":"sound-bath","status":"publish","type":"page","link":"https:\/\/valentinaduna.com\/?page_id=19","title":{"rendered":"Sound Bath"},"content":{"rendered":"\t\t<div data-elementor-type=\"wp-page\" data-elementor-id=\"19\" class=\"elementor elementor-19\">\n\t\t\t\t\t\t<section class=\"elementor-section elementor-top-section elementor-element elementor-element-2b78f68d elementor-section-boxed elementor-section-height-default elementor-section-height-default\" data-id=\"2b78f68d\" data-element_type=\"section\" data-settings=\"{&quot;background_background&quot;:&quot;classic&quot;}\">\n\t\t\t\t\t\t\t<div class=\"elementor-background-overlay\"><\/div>\n\t\t\t\t\t\t\t<div class=\"elementor-container elementor-column-gap-default\">\n\t\t\t\t\t<div class=\"elementor-column elementor-col-100 elementor-top-column elementor-element elementor-element-cd0a7c1\" data-id=\"cd0a7c1\" data-element_type=\"column\">\n\t\t\t<div class=\"elementor-widget-wrap elementor-element-populated\">\n\t\t\t\t\t\t<div class=\"elementor-element elementor-element-5af5cf5 elementor-widget elementor-widget-spacer\" data-id=\"5af5cf5\" data-element_type=\"widget\" data-widget_type=\"spacer.default\">\n\t\t\t\t<div class=\"elementor-widget-container\">\n\t\t\t\t\t\t\t<div class=\"elementor-spacer\">\n\t\t\t<div class=\"elementor-spacer-inner\"><\/div>\n\t\t<\/div>\n\t\t\t\t\t\t<\/div>\n\t\t\t\t<\/div>\n\t\t\t\t<div class=\"elementor-element elementor-element-71c217b6 elementor-widget elementor-widget-heading\" data-id=\"71c217b6\" data-element_type=\"widget\" data-widget_type=\"heading.default\">\n\t\t\t\t<div class=\"elementor-widget-container\">\n\t\t\t\t\t<h2 class=\"elementor-heading-title elementor-size-default\">Sound Bath<\/h2>\t\t\t\t<\/div>\n\t\t\t\t<\/div>\n\t\t\t\t<div class=\"elementor-element elementor-element-1a747a2 elementor-widget elementor-widget-spacer\" data-id=\"1a747a2\" data-element_type=\"widget\" data-widget_type=\"spacer.default\">\n\t\t\t\t<div class=\"elementor-widget-container\">\n\t\t\t\t\t\t\t<div class=\"elementor-spacer\">\n\t\t\t<div class=\"elementor-spacer-inner\"><\/div>\n\t\t<\/div>\n\t\t\t\t\t\t<\/div>\n\t\t\t\t<\/div>\n\t\t\t\t\t<\/div>\n\t\t<\/div>\n\t\t\t\t\t<\/div>\n\t\t<\/section>\n\t\t\t\t<section class=\"elementor-section elementor-top-section elementor-element elementor-element-9d3d379 elementor-section-boxed elementor-section-height-default elementor-section-height-default\" data-id=\"9d3d379\" data-element_type=\"section\">\n\t\t\t\t\t\t<div class=\"elementor-container elementor-column-gap-default\">\n\t\t\t\t\t<div class=\"elementor-column elementor-col-100 elementor-top-column elementor-element elementor-element-2bafbddd\" data-id=\"2bafbddd\" data-element_type=\"column\">\n\t\t\t<div class=\"elementor-widget-wrap elementor-element-populated\">\n\t\t\t\t\t\t<div class=\"elementor-element elementor-element-288fd0a elementor-widget elementor-widget-spacer\" data-id=\"288fd0a\" data-element_type=\"widget\" data-widget_type=\"spacer.default\">\n\t\t\t\t<div class=\"elementor-widget-container\">\n\t\t\t\t\t\t\t<div class=\"elementor-spacer\">\n\t\t\t<div class=\"elementor-spacer-inner\"><\/div>\n\t\t<\/div>\n\t\t\t\t\t\t<\/div>\n\t\t\t\t<\/div>\n\t\t\t\t<div class=\"elementor-element elementor-element-294b5970 elementor-widget elementor-widget-text-editor\" data-id=\"294b5970\" data-element_type=\"widget\" data-widget_type=\"text-editor.default\">\n\t\t\t\t<div class=\"elementor-widget-container\">\n\t\t\t\t\t\t\t\t\t<p>Le yoga a donc une capacit\u00e9 \u00e0 ouvrir le corps \u00e0 la clairsensibilit\u00e9. Qualit\u00e9 requise pour se donner \u00e0 l\u2019\u00e9coute des sons de gu\u00e9rison et d\u2019\u00e9veil du corps et de l&rsquo;esprit.<\/p>\n<blockquote>\n<p><strong>Valentina, avec plus de 20 ans d\u2019exp\u00e9riences dans le son, propose des immersions sonores, en posture de relaxation.<\/strong><\/p>\n<\/blockquote>\n<p>Se donner \u00e0 l\u2019instant et \u00e0 l\u2019\u00e9coute d\u2019une musique canalis\u00e9e, Valentina et sa tribu instrumentale fait vivre un voyage exceptionnel et \u00e9mouvant dans les espaces du r\u00eave et du fantastique. Lors de ses diff\u00e9rents s\u00e9jours autour du monde, elle rencontre des f\u00e9tiches musicaux, bols en terre et en m\u00e9taux, harpe et piano africains, carillons cristallins, feuilles et graines, tambour chamanique\u2026 Autant d\u2019amis qui font de ses sound bath un moment unique. Ces voyages offrent une d\u00e9tente et un reconnexion \u00e0 soi magique.<\/p>\n\t\t\t\t\t\t\t\t<\/div>\n\t\t\t\t<\/div>\n\t\t\t\t<div class=\"elementor-element elementor-element-6b52f45 elementor-widget elementor-widget-spacer\" data-id=\"6b52f45\" data-element_type=\"widget\" data-widget_type=\"spacer.default\">\n\t\t\t\t<div class=\"elementor-widget-container\">\n\t\t\t\t\t\t\t<div class=\"elementor-spacer\">\n\t\t\t<div class=\"elementor-spacer-inner\"><\/div>\n\t\t<\/div>\n\t\t\t\t\t\t<\/div>\n\t\t\t\t<\/div>\n\t\t\t\t\t<\/div>\n\t\t<\/div>\n\t\t\t\t\t<\/div>\n\t\t<\/section>\n\t\t\t\t<\/div>\n\t\t","protected":false},"excerpt":{"rendered":"<p>Sound Bath Le yoga a donc une capacit\u00e9 \u00e0 ouvrir le corps \u00e0 la clairsensibilit\u00e9. Qualit\u00e9 requise pour se donner \u00e0 l\u2019\u00e9coute des sons de gu\u00e9rison et d\u2019\u00e9veil du corps et de l&rsquo;esprit. Valentina, avec plus de 20 ans d\u2019exp\u00e9riences dans le son, propose des immersions sonores, en posture de relaxation. Se donner \u00e0 l\u2019instant [&hellip;]<\/p>\n","protected":false},"author":1,"featured_media":508,"parent":0,"menu_order":0,"comment_status":"closed","ping_status":"closed","template":"elementor_header_footer","meta":{"footnotes":""},"class_list":["post-19","page","type-page","status-publish","has-post-thumbnail","hentry"],"yoast_head":"<!-- This site is optimized with the Yoast SEO plugin v26.7 - https:\/\/yoast.com\/wordpress\/plugins\/seo\/ -->\n<title>Sound Bath - Here &amp; now<\/title>\n<meta name=\"robots\" content=\"index, follow, max-snippet:-1, max-image-preview:large, max-video-preview:-1\" \/>\n<link rel=\"canonical\" href=\"https:\/\/valentinaduna.com\/?page_id=19\" \/>\n<meta property=\"og:locale\" content=\"fr_FR\" \/>\n<meta property=\"og:type\" content=\"article\" \/>\n<meta property=\"og:title\" content=\"Sound Bath - Here &amp; now\" \/>\n<meta property=\"og:description\" content=\"Sound Bath Le yoga a donc une capacit\u00e9 \u00e0 ouvrir le corps \u00e0 la clairsensibilit\u00e9. Qualit\u00e9 requise pour se donner \u00e0 l\u2019\u00e9coute des sons de gu\u00e9rison et d\u2019\u00e9veil du corps et de l&rsquo;esprit. Valentina, avec plus de 20 ans d\u2019exp\u00e9riences dans le son, propose des immersions sonores, en posture de relaxation. Se donner \u00e0 l\u2019instant [&hellip;]\" \/>\n<meta property=\"og:url\" content=\"https:\/\/valentinaduna.com\/?page_id=19\" \/>\n<meta property=\"og:site_name\" content=\"Here &amp; now\" \/>\n<meta property=\"article:modified_time\" content=\"2023-09-26T21:03:39+00:00\" \/>\n<meta property=\"og:image\" content=\"https:\/\/valentinaduna.com\/wp-content\/uploads\/2019\/02\/sound-bath.png\" \/>\n\t<meta property=\"og:image:width\" content=\"1000\" \/>\n\t<meta property=\"og:image:height\" content=\"662\" \/>\n\t<meta property=\"og:image:type\" content=\"image\/png\" \/>\n<meta name=\"twitter:card\" content=\"summary_large_image\" \/>\n<meta name=\"twitter:label1\" content=\"Dur\u00e9e de lecture estim\u00e9e\" \/>\n\t<meta name=\"twitter:data1\" content=\"1 minute\" \/>\n<script type=\"application\/ld+json\" class=\"yoast-schema-graph\">{\"@context\":\"https:\/\/schema.org\",\"@graph\":[{\"@type\":\"WebPage\",\"@id\":\"https:\/\/valentinaduna.com\/?page_id=19\",\"url\":\"https:\/\/valentinaduna.com\/?page_id=19\",\"name\":\"Sound Bath - Here &amp; now\",\"isPartOf\":{\"@id\":\"https:\/\/valentinaduna.com\/#website\"},\"primaryImageOfPage\":{\"@id\":\"https:\/\/valentinaduna.com\/?page_id=19#primaryimage\"},\"image\":{\"@id\":\"https:\/\/valentinaduna.com\/?page_id=19#primaryimage\"},\"thumbnailUrl\":\"https:\/\/valentinaduna.com\/wp-content\/uploads\/2019\/02\/sound-bath.png\",\"datePublished\":\"2018-11-17T14:01:06+00:00\",\"dateModified\":\"2023-09-26T21:03:39+00:00\",\"breadcrumb\":{\"@id\":\"https:\/\/valentinaduna.com\/?page_id=19#breadcrumb\"},\"inLanguage\":\"fr-FR\",\"potentialAction\":[{\"@type\":\"ReadAction\",\"target\":[\"https:\/\/valentinaduna.com\/?page_id=19\"]}]},{\"@type\":\"ImageObject\",\"inLanguage\":\"fr-FR\",\"@id\":\"https:\/\/valentinaduna.com\/?page_id=19#primaryimage\",\"url\":\"https:\/\/valentinaduna.com\/wp-content\/uploads\/2019\/02\/sound-bath.png\",\"contentUrl\":\"https:\/\/valentinaduna.com\/wp-content\/uploads\/2019\/02\/sound-bath.png\",\"width\":1000,\"height\":662,\"caption\":\"yoga bain de son\"},{\"@type\":\"BreadcrumbList\",\"@id\":\"https:\/\/valentinaduna.com\/?page_id=19#breadcrumb\",\"itemListElement\":[{\"@type\":\"ListItem\",\"position\":1,\"name\":\"Accueil\",\"item\":\"https:\/\/valentinaduna.com\/\"},{\"@type\":\"ListItem\",\"position\":2,\"name\":\"Sound Bath\"}]},{\"@type\":\"WebSite\",\"@id\":\"https:\/\/valentinaduna.com\/#website\",\"url\":\"https:\/\/valentinaduna.com\/\",\"name\":\"Here &amp; now\",\"description\":\"Valentina Duna \u2022 World Wild Yogini \u00e0 plumes\",\"potentialAction\":[{\"@type\":\"SearchAction\",\"target\":{\"@type\":\"EntryPoint\",\"urlTemplate\":\"https:\/\/valentinaduna.com\/?s={search_term_string}\"},\"query-input\":{\"@type\":\"PropertyValueSpecification\",\"valueRequired\":true,\"valueName\":\"search_term_string\"}}],\"inLanguage\":\"fr-FR\"}]}<\/script>\n<!-- \/ Yoast SEO plugin. -->","yoast_head_json":{"title":"Sound Bath - Here &amp; now","robots":{"index":"index","follow":"follow","max-snippet":"max-snippet:-1","max-image-preview":"max-image-preview:large","max-video-preview":"max-video-preview:-1"},"canonical":"https:\/\/valentinaduna.com\/?page_id=19","og_locale":"fr_FR","og_type":"article","og_title":"Sound Bath - Here &amp; now","og_description":"Sound Bath Le yoga a donc une capacit\u00e9 \u00e0 ouvrir le corps \u00e0 la clairsensibilit\u00e9. Qualit\u00e9 requise pour se donner \u00e0 l\u2019\u00e9coute des sons de gu\u00e9rison et d\u2019\u00e9veil du corps et de l&rsquo;esprit. Valentina, avec plus de 20 ans d\u2019exp\u00e9riences dans le son, propose des immersions sonores, en posture de relaxation. Se donner \u00e0 l\u2019instant [&hellip;]","og_url":"https:\/\/valentinaduna.com\/?page_id=19","og_site_name":"Here &amp; now","article_modified_time":"2023-09-26T21:03:39+00:00","og_image":[{"width":1000,"height":662,"url":"https:\/\/valentinaduna.com\/wp-content\/uploads\/2019\/02\/sound-bath.png","type":"image\/png"}],"twitter_card":"summary_large_image","twitter_misc":{"Dur\u00e9e de lecture estim\u00e9e":"1 minute"},"schema":{"@context":"https:\/\/schema.org","@graph":[{"@type":"WebPage","@id":"https:\/\/valentinaduna.com\/?page_id=19","url":"https:\/\/valentinaduna.com\/?page_id=19","name":"Sound Bath - Here &amp; now","isPartOf":{"@id":"https:\/\/valentinaduna.com\/#website"},"primaryImageOfPage":{"@id":"https:\/\/valentinaduna.com\/?page_id=19#primaryimage"},"image":{"@id":"https:\/\/valentinaduna.com\/?page_id=19#primaryimage"},"thumbnailUrl":"https:\/\/valentinaduna.com\/wp-content\/uploads\/2019\/02\/sound-bath.png","datePublished":"2018-11-17T14:01:06+00:00","dateModified":"2023-09-26T21:03:39+00:00","breadcrumb":{"@id":"https:\/\/valentinaduna.com\/?page_id=19#breadcrumb"},"inLanguage":"fr-FR","potentialAction":[{"@type":"ReadAction","target":["https:\/\/valentinaduna.com\/?page_id=19"]}]},{"@type":"ImageObject","inLanguage":"fr-FR","@id":"https:\/\/valentinaduna.com\/?page_id=19#primaryimage","url":"https:\/\/valentinaduna.com\/wp-content\/uploads\/2019\/02\/sound-bath.png","contentUrl":"https:\/\/valentinaduna.com\/wp-content\/uploads\/2019\/02\/sound-bath.png","width":1000,"height":662,"caption":"yoga bain de son"},{"@type":"BreadcrumbList","@id":"https:\/\/valentinaduna.com\/?page_id=19#breadcrumb","itemListElement":[{"@type":"ListItem","position":1,"name":"Accueil","item":"https:\/\/valentinaduna.com\/"},{"@type":"ListItem","position":2,"name":"Sound Bath"}]},{"@type":"WebSite","@id":"https:\/\/valentinaduna.com\/#website","url":"https:\/\/valentinaduna.com\/","name":"Here &amp; now","description":"Valentina Duna \u2022 World Wild Yogini \u00e0 plumes","potentialAction":[{"@type":"SearchAction","target":{"@type":"EntryPoint","urlTemplate":"https:\/\/valentinaduna.com\/?s={search_term_string}"},"query-input":{"@type":"PropertyValueSpecification","valueRequired":true,"valueName":"search_term_string"}}],"inLanguage":"fr-FR"}]}},"_links":{"self":[{"href":"https:\/\/valentinaduna.com\/index.php?rest_route=\/wp\/v2\/pages\/19","targetHints":{"allow":["GET"]}}],"collection":[{"href":"https:\/\/valentinaduna.com\/index.php?rest_route=\/wp\/v2\/pages"}],"about":[{"href":"https:\/\/valentinaduna.com\/index.php?rest_route=\/wp\/v2\/types\/page"}],"author":[{"embeddable":true,"href":"https:\/\/valentinaduna.com\/index.php?rest_route=\/wp\/v2\/users\/1"}],"replies":[{"embeddable":true,"href":"https:\/\/valentinaduna.com\/index.php?rest_route=%2Fwp%2Fv2%2Fcomments&post=19"}],"version-history":[{"count":30,"href":"https:\/\/valentinaduna.com\/index.php?rest_route=\/wp\/v2\/pages\/19\/revisions"}],"predecessor-version":[{"id":5841,"href":"https:\/\/valentinaduna.com\/index.php?rest_route=\/wp\/v2\/pages\/19\/revisions\/5841"}],"wp:featuredmedia":[{"embeddable":true,"href":"https:\/\/valentinaduna.com\/index.php?rest_route=\/wp\/v2\/media\/508"}],"wp:attachment":[{"href":"https:\/\/valentinaduna.com\/index.php?rest_route=%2Fwp%2Fv2%2Fmedia&parent=19"}],"curies":[{"name":"wp","href":"https:\/\/api.w.org\/{rel}","templated":true}]}}