{"id":2288,"date":"2023-02-01T15:47:05","date_gmt":"2023-02-01T14:47:05","guid":{"rendered":"https:\/\/valentinaduna.com\/?page_id=2288"},"modified":"2024-06-18T17:17:31","modified_gmt":"2024-06-18T15:17:31","slug":"formation-yin-yoga-module-ii","status":"publish","type":"page","link":"https:\/\/valentinaduna.com\/?page_id=2288","title":{"rendered":"Formation Yin Yoga Module II"},"content":{"rendered":"\t\t<div data-elementor-type=\"wp-page\" data-elementor-id=\"2288\" class=\"elementor elementor-2288\">\n\t\t\t\t\t\t<section class=\"elementor-section elementor-top-section elementor-element elementor-element-3d1ab532 elementor-section-boxed elementor-section-height-default elementor-section-height-default\" data-id=\"3d1ab532\" data-element_type=\"section\" data-settings=\"{&quot;background_background&quot;:&quot;classic&quot;}\">\n\t\t\t\t\t\t\t<div class=\"elementor-background-overlay\"><\/div>\n\t\t\t\t\t\t\t<div class=\"elementor-container elementor-column-gap-default\">\n\t\t\t\t\t<div class=\"elementor-column elementor-col-100 elementor-top-column elementor-element elementor-element-3e54df4c\" data-id=\"3e54df4c\" data-element_type=\"column\">\n\t\t\t<div class=\"elementor-widget-wrap elementor-element-populated\">\n\t\t\t\t\t\t<div class=\"elementor-element elementor-element-477d0105 elementor-widget elementor-widget-spacer\" data-id=\"477d0105\" data-element_type=\"widget\" data-widget_type=\"spacer.default\">\n\t\t\t\t<div class=\"elementor-widget-container\">\n\t\t\t\t\t\t\t<div class=\"elementor-spacer\">\n\t\t\t<div class=\"elementor-spacer-inner\"><\/div>\n\t\t<\/div>\n\t\t\t\t\t\t<\/div>\n\t\t\t\t<\/div>\n\t\t\t\t<div class=\"elementor-element elementor-element-5557fa9e elementor-widget elementor-widget-heading\" data-id=\"5557fa9e\" data-element_type=\"widget\" data-widget_type=\"heading.default\">\n\t\t\t\t<div class=\"elementor-widget-container\">\n\t\t\t\t\t<h2 class=\"elementor-heading-title elementor-size-default\">Formation Yin Yoga II<\/h2>\t\t\t\t<\/div>\n\t\t\t\t<\/div>\n\t\t\t\t<div class=\"elementor-element elementor-element-7a0dec2c elementor-widget elementor-widget-spacer\" data-id=\"7a0dec2c\" data-element_type=\"widget\" data-widget_type=\"spacer.default\">\n\t\t\t\t<div class=\"elementor-widget-container\">\n\t\t\t\t\t\t\t<div class=\"elementor-spacer\">\n\t\t\t<div class=\"elementor-spacer-inner\"><\/div>\n\t\t<\/div>\n\t\t\t\t\t\t<\/div>\n\t\t\t\t<\/div>\n\t\t\t\t\t<\/div>\n\t\t<\/div>\n\t\t\t\t\t<\/div>\n\t\t<\/section>\n\t\t\t\t<section class=\"elementor-section elementor-top-section elementor-element elementor-element-151c4be elementor-section-boxed elementor-section-height-default elementor-section-height-default\" data-id=\"151c4be\" data-element_type=\"section\">\n\t\t\t\t\t\t<div class=\"elementor-container elementor-column-gap-default\">\n\t\t\t\t\t<div class=\"elementor-column elementor-col-100 elementor-top-column elementor-element elementor-element-a783453\" data-id=\"a783453\" data-element_type=\"column\">\n\t\t\t<div class=\"elementor-widget-wrap elementor-element-populated\">\n\t\t\t\t\t\t<div class=\"elementor-element elementor-element-a1c3137 elementor-widget elementor-widget-spacer\" data-id=\"a1c3137\" data-element_type=\"widget\" data-widget_type=\"spacer.default\">\n\t\t\t\t<div class=\"elementor-widget-container\">\n\t\t\t\t\t\t\t<div class=\"elementor-spacer\">\n\t\t\t<div class=\"elementor-spacer-inner\"><\/div>\n\t\t<\/div>\n\t\t\t\t\t\t<\/div>\n\t\t\t\t<\/div>\n\t\t\t\t\t<\/div>\n\t\t<\/div>\n\t\t\t\t\t<\/div>\n\t\t<\/section>\n\t\t\t\t<section class=\"elementor-section elementor-top-section elementor-element elementor-element-bb3f861 elementor-section-boxed elementor-section-height-default elementor-section-height-default\" data-id=\"bb3f861\" data-element_type=\"section\">\n\t\t\t\t\t\t<div class=\"elementor-container elementor-column-gap-default\">\n\t\t\t\t\t<div class=\"elementor-column elementor-col-100 elementor-top-column elementor-element elementor-element-228d705\" data-id=\"228d705\" data-element_type=\"column\">\n\t\t\t<div class=\"elementor-widget-wrap elementor-element-populated\">\n\t\t\t\t\t\t<div class=\"elementor-element elementor-element-0bef0a8 elementor-widget elementor-widget-heading\" data-id=\"0bef0a8\" data-element_type=\"widget\" data-widget_type=\"heading.default\">\n\t\t\t\t<div class=\"elementor-widget-container\">\n\t\t\t\t\t<h2 class=\"elementor-heading-title elementor-size-default\">Module 1I<\/h2>\t\t\t\t<\/div>\n\t\t\t\t<\/div>\n\t\t\t\t<div class=\"elementor-element elementor-element-df52aa5 elementor-widget elementor-widget-spacer\" data-id=\"df52aa5\" data-element_type=\"widget\" data-widget_type=\"spacer.default\">\n\t\t\t\t<div class=\"elementor-widget-container\">\n\t\t\t\t\t\t\t<div class=\"elementor-spacer\">\n\t\t\t<div class=\"elementor-spacer-inner\"><\/div>\n\t\t<\/div>\n\t\t\t\t\t\t<\/div>\n\t\t\t\t<\/div>\n\t\t\t\t\t<\/div>\n\t\t<\/div>\n\t\t\t\t\t<\/div>\n\t\t<\/section>\n\t\t\t\t<section class=\"elementor-section elementor-top-section elementor-element elementor-element-9b16795 elementor-section-boxed elementor-section-height-default elementor-section-height-default\" data-id=\"9b16795\" data-element_type=\"section\">\n\t\t\t\t\t\t<div class=\"elementor-container elementor-column-gap-default\">\n\t\t\t\t\t<div class=\"elementor-column elementor-col-100 elementor-top-column elementor-element elementor-element-817abd5\" data-id=\"817abd5\" data-element_type=\"column\">\n\t\t\t<div class=\"elementor-widget-wrap elementor-element-populated\">\n\t\t\t\t\t\t<div class=\"elementor-element elementor-element-7a77021 elementor-widget elementor-widget-text-editor\" data-id=\"7a77021\" data-element_type=\"widget\" data-widget_type=\"text-editor.default\">\n\t\t\t\t<div class=\"elementor-widget-container\">\n\t\t\t\t\t\t\t\t\t<p><b>C\u2019est un module compl\u00e9mentaire pour donner des outils suppl\u00e9mentaires d\u2019enseignement pour le professeur de Yin Yoga. Cette formation de Yin Yoga permet d\u2019approfondir la connaissance de la pratique de Yin Yoga pr\u00e9sent\u00e9e dans le module 1.&nbsp;&nbsp;<\/b><\/p><p><b>Le Yin Yoga a \u00e9t\u00e9 cr\u00e9\u00e9 par Paul Grilley et sa femme Suzey Grilley, et c\u2019est gr\u00e2ce \u00e0 elle que nous devons cette belle cr\u00e9ation dynamique et th\u00e9rapeutique, la Danse du Dragon.&nbsp;<\/b><b>Ces danses sont inspir\u00e9es du Qi Gong et du Vinyasa.&nbsp;&nbsp;<\/b><b>Elles permettent de travailler un aspect compl\u00e9mentaire de la pratique du Yin Yoga : le mouvement, l\u2019harmonie du souffle et du corps, la chaleur et le rythme.&nbsp;<\/b><\/p>\n<p><br><\/p>\n<p>Dans cette formation de cinq jours, intitul\u00e9e \u00ab L\u2019Art du Subtil \u00bb, l\u2019intention est port\u00e9e sur l\u2019\u00e9coute subtile de nous-m\u00eame dans nos pratiques et notre vie de tous les jours, quelle posture prenons nous et comment ? Comment faisons-nous les transitions d\u2019une posture \u00e0 une autre, d\u2019une action \u00e0 une autre, d\u2019une pens\u00e9e \u00e0 un songe, d\u2019un mot \u00e0 un silence\u2026&nbsp;<\/p>\n<p>Nous \u00e9tudierons les \u00ab Danses du Dragon \u00bb. Quatre versions vous seront transmises, ainsi que les cl\u00e9s pour cr\u00e9er les v\u00f4tres. Nous vous inviterons \u00e0 l\u2019exp\u00e9rience du subtil et de la fluidit\u00e9 dans le mouvement Yang.&nbsp;<\/p>\n<p>Pour affiner nos perceptions, nous travaillerons le Yoga du Son afin de sentir comment la vibration transforme notre \u00eatre. Comment le son sacr\u00e9 nous permet d\u2019alimenter ce chemin vers le Soi, nourrir notre arbre de la Connaissance et celui de la Vie. Nous \u00e9tudierons aussi des postures restauratives afin de les int\u00e9grer dans les s\u00e9quences de Yin Yoga et inviter nos \u00e9l\u00e8ves \u00e0 un travail plus profond.&nbsp; Enfin nous approfondirons la philosophie Tao\u00efste et celle de la m\u00e9decine traditionnelle chinoise ainsi que leurs histoires.&nbsp;<\/p>\t\t\t\t\t\t\t\t<\/div>\n\t\t\t\t<\/div>\n\t\t\t\t<div class=\"elementor-element elementor-element-dab001f elementor-widget elementor-widget-text-editor\" data-id=\"dab001f\" data-element_type=\"widget\" data-widget_type=\"text-editor.default\">\n\t\t\t\t<div class=\"elementor-widget-container\">\n\t\t\t\t\t\t\t\t\t<p>Formation en fran\u00e7ais, ou en anglais traduit en fran\u00e7ais<\/p>\t\t\t\t\t\t\t\t<\/div>\n\t\t\t\t<\/div>\n\t\t\t\t<div class=\"elementor-element elementor-element-53f30d9 elementor-widget elementor-widget-text-editor\" data-id=\"53f30d9\" data-element_type=\"widget\" data-widget_type=\"text-editor.default\">\n\t\t\t\t<div class=\"elementor-widget-container\">\n\t\t\t\t\t\t\t\t\t<p><b>Contenu de la formation<\/b><\/p>\t\t\t\t\t\t\t\t<\/div>\n\t\t\t\t<\/div>\n\t\t\t\t<div class=\"elementor-element elementor-element-2ca1594 elementor-widget elementor-widget-text-editor\" data-id=\"2ca1594\" data-element_type=\"widget\" data-widget_type=\"text-editor.default\">\n\t\t\t\t<div class=\"elementor-widget-container\">\n\t\t\t\t\t\t\t\t\t<ul>\n<li>Approfondissement de la philosophie et de l\u2019histoire du Tao\u00a0<\/li>\n<li>Postures restauratives : leurs apports, et comment les int\u00e9grer \u00e0 la pratique de Yin Yoga\u00a0<\/li>\n<li>Yoga du son\/N\u00e2ada Yoga : s\u2019\u00e9veiller \u00e0 la subtilit\u00e9 des corps \u00e9th\u00e9rique et astral, et \u00e0 l\u2019\u00e9coute silencieuse de la Vie.\u00a0<\/li>\n<li>Danses du dragon : apprentissage de quatre danses, leurs principes et leurs b\u00e9n\u00e9fices ainsi que leurs outils de s\u00e9quen\u00e7age\u00a0<\/li>\n<li>Pratiques guid\u00e9es\u00a0<\/li>\n<\/ul>\n<p>\u00a0<\/p>\n<p><em>Il est recommand\u00e9 d\u2019avoir suivi le module 1 avant de suivre le 2.\u00a0<\/em><\/p>\n<p><em>Cependant si vous souhaitez joindre celui-ci sans avoir fait le 1 nous vous invitons \u00e0 nous contacter.<\/em><\/p>\t\t\t\t\t\t\t\t<\/div>\n\t\t\t\t<\/div>\n\t\t\t\t<div class=\"elementor-element elementor-element-a294d92 elementor-widget elementor-widget-text-editor\" data-id=\"a294d92\" data-element_type=\"widget\" data-widget_type=\"text-editor.default\">\n\t\t\t\t<div class=\"elementor-widget-container\">\n\t\t\t\t\t\t\t\t\t<p><strong>Composition du module 1I<\/strong><\/p>\t\t\t\t\t\t\t\t<\/div>\n\t\t\t\t<\/div>\n\t\t\t\t<div class=\"elementor-element elementor-element-8d09b56 elementor-widget elementor-widget-text-editor\" data-id=\"8d09b56\" data-element_type=\"widget\" data-widget_type=\"text-editor.default\">\n\t\t\t\t<div class=\"elementor-widget-container\">\n\t\t\t\t\t\t\t\t\t<ul>\n<li>16h heures de pratique (dont 10H de Yin Yoga &amp; Yoga restauratif, 6 heures de Danse du Dragon)\u00a0<\/li>\n<li>15 heures de th\u00e9orie (Danses du Dragon, Yoga restauratif)\u00a0<\/li>\n<li>10 heures de Yoga du son (Pratique et th\u00e9orie, Pratique de chants sacr\u00e9s de diverses traditions, chants de gu\u00e9rison\/chants d\u2019\u00e9l\u00e9vation)\u00a0<\/li>\n<li>4 heures de Philosophie du Yoga et du Tao\u00a0<\/li>\n<\/ul>\n<p>\u00a0<\/p>\n<p>Total 45 heures sur le lieu. Des heures suppl\u00e9mentaires seront rajout\u00e9es apr\u00e8s le stage r\u00e9sidentiel (pour s\u2019assurer de la transmission compl\u00e8te du contenu th\u00e9orique et pratique).\u00a0<\/p>\n<div>Ceux qui auront suivis la formation de 5 jours, et r\u00e9dig\u00e9 le rapport de stage apr\u00e8s la formation recevront un certificat de 50 heures de Formation pour professeurs de Yin Yoga.\u00a0<\/div>\n<p>Cette formation est reconnue par le <b>Yoga Alliance<\/b> comme \u00abcontinuing education\u00bb et s\u2019ajoute aux heures de formation.<\/p>\t\t\t\t\t\t\t\t<\/div>\n\t\t\t\t<\/div>\n\t\t\t\t<div class=\"elementor-element elementor-element-ea12de6 elementor-widget elementor-widget-text-editor\" data-id=\"ea12de6\" data-element_type=\"widget\" data-widget_type=\"text-editor.default\">\n\t\t\t\t<div class=\"elementor-widget-container\">\n\t\t\t\t\t\t\t\t\t<p>\u00a0<\/p><div><b>Prochaines dates :\u00a0<\/b><\/div><div><b>du 29 juillet au 3 ao\u00fbt 2024 \u00e0 Nantes<\/b><\/div><div>organisatrice Samantha\u00a0<\/div><div>mail : info@sagaaryoga.com<\/div><div><b>du 26 au 31 Ao\u00fbt 2024 dans la Dr\u00f4me<\/b><\/div><div>avec organisatrice Khaoula\u00a0<\/div><div>mail :\u00a0<a href=\"mailto:kosmmose@gmail.com\" target=\"_blank\" rel=\"noopener\">kosmmose@gmail.com<\/a><\/div><div>\u00a0<\/div>\t\t\t\t\t\t\t\t<\/div>\n\t\t\t\t<\/div>\n\t\t\t\t<div class=\"elementor-element elementor-element-2bd877ee elementor-align-center elementor-widget elementor-widget-button\" data-id=\"2bd877ee\" data-element_type=\"widget\" data-widget_type=\"button.default\">\n\t\t\t\t<div class=\"elementor-widget-container\">\n\t\t\t\t\t\t\t\t\t<div class=\"elementor-button-wrapper\">\n\t\t\t\t\t<a class=\"elementor-button elementor-button-link elementor-size-sm elementor-animation-shrink\" href=\"https:\/\/valentinaduna.com\/?page_id=5795\">\n\t\t\t\t\t\t<span class=\"elementor-button-content-wrapper\">\n\t\t\t\t\t\t\t\t\t<span class=\"elementor-button-text\">Infos et inscription<\/span>\n\t\t\t\t\t<\/span>\n\t\t\t\t\t<\/a>\n\t\t\t\t<\/div>\n\t\t\t\t\t\t\t\t<\/div>\n\t\t\t\t<\/div>\n\t\t\t\t\t<\/div>\n\t\t<\/div>\n\t\t\t\t\t<\/div>\n\t\t<\/section>\n\t\t\t\t<\/div>\n\t\t","protected":false},"excerpt":{"rendered":"<p>Formation Yin Yoga II Module 1I C\u2019est un module compl\u00e9mentaire pour donner des outils suppl\u00e9mentaires d\u2019enseignement pour le professeur de Yin Yoga. Cette formation de Yin Yoga permet d\u2019approfondir la connaissance de la pratique de Yin Yoga pr\u00e9sent\u00e9e dans le module 1.&nbsp;&nbsp; Le Yin Yoga a \u00e9t\u00e9 cr\u00e9\u00e9 par Paul Grilley et sa femme Suzey [&hellip;]<\/p>\n","protected":false},"author":1,"featured_media":5952,"parent":0,"menu_order":0,"comment_status":"closed","ping_status":"closed","template":"elementor_header_footer","meta":{"footnotes":""},"class_list":["post-2288","page","type-page","status-publish","has-post-thumbnail","hentry"],"yoast_head":"<!-- This site is optimized with the Yoast SEO plugin v27.5 - https:\/\/yoast.com\/product\/yoast-seo-wordpress\/ -->\n<title>Formation Yin Yoga Module II - Here &amp; now<\/title>\n<meta name=\"description\" content=\"Formations yin yoga 50 hrs certifi\u00e9e Yoga Alliance. Avec C\u00e9cile Roubaud et Valentina Duna.Contactez moi si vous avez besoin d&#039;infos suppl\u00e9mentaires.\" \/>\n<meta name=\"robots\" content=\"index, follow, max-snippet:-1, max-image-preview:large, max-video-preview:-1\" \/>\n<link rel=\"canonical\" href=\"https:\/\/valentinaduna.com\/?page_id=2288\" \/>\n<meta property=\"og:locale\" content=\"fr_FR\" \/>\n<meta property=\"og:type\" content=\"article\" \/>\n<meta property=\"og:title\" content=\"Formation Yin Yoga Module II - Here &amp; now\" \/>\n<meta property=\"og:description\" content=\"Formations yin yoga 50 hrs certifi\u00e9e Yoga Alliance. Avec C\u00e9cile Roubaud et Valentina Duna.Contactez moi si vous avez besoin d&#039;infos suppl\u00e9mentaires.\" \/>\n<meta property=\"og:url\" content=\"https:\/\/valentinaduna.com\/?page_id=2288\" \/>\n<meta property=\"og:site_name\" content=\"Here &amp; now\" \/>\n<meta property=\"article:modified_time\" content=\"2024-06-18T15:17:31+00:00\" \/>\n<meta property=\"og:image\" content=\"https:\/\/valentinaduna.com\/wp-content\/uploads\/2023\/10\/PHOTO-2023-10-05-15-42-39.jpg\" \/>\n\t<meta property=\"og:image:width\" content=\"1600\" \/>\n\t<meta property=\"og:image:height\" content=\"1200\" \/>\n\t<meta property=\"og:image:type\" content=\"image\/jpeg\" \/>\n<meta name=\"twitter:card\" content=\"summary_large_image\" \/>\n<meta name=\"twitter:label1\" content=\"Dur\u00e9e de lecture estim\u00e9e\" \/>\n\t<meta name=\"twitter:data1\" content=\"3 minutes\" \/>\n<script type=\"application\/ld+json\" class=\"yoast-schema-graph\">{\"@context\":\"https:\\\/\\\/schema.org\",\"@graph\":[{\"@type\":\"WebPage\",\"@id\":\"https:\\\/\\\/valentinaduna.com\\\/?page_id=2288\",\"url\":\"https:\\\/\\\/valentinaduna.com\\\/?page_id=2288\",\"name\":\"Formation Yin Yoga Module II - Here &amp; now\",\"isPartOf\":{\"@id\":\"https:\\\/\\\/valentinaduna.com\\\/#website\"},\"primaryImageOfPage\":{\"@id\":\"https:\\\/\\\/valentinaduna.com\\\/?page_id=2288#primaryimage\"},\"image\":{\"@id\":\"https:\\\/\\\/valentinaduna.com\\\/?page_id=2288#primaryimage\"},\"thumbnailUrl\":\"https:\\\/\\\/valentinaduna.com\\\/wp-content\\\/uploads\\\/2023\\\/10\\\/PHOTO-2023-10-05-15-42-39.jpg\",\"datePublished\":\"2023-02-01T14:47:05+00:00\",\"dateModified\":\"2024-06-18T15:17:31+00:00\",\"description\":\"Formations yin yoga 50 hrs certifi\u00e9e Yoga Alliance. Avec C\u00e9cile Roubaud et Valentina Duna.Contactez moi si vous avez besoin d'infos suppl\u00e9mentaires.\",\"breadcrumb\":{\"@id\":\"https:\\\/\\\/valentinaduna.com\\\/?page_id=2288#breadcrumb\"},\"inLanguage\":\"fr-FR\",\"potentialAction\":[{\"@type\":\"ReadAction\",\"target\":[\"https:\\\/\\\/valentinaduna.com\\\/?page_id=2288\"]}]},{\"@type\":\"ImageObject\",\"inLanguage\":\"fr-FR\",\"@id\":\"https:\\\/\\\/valentinaduna.com\\\/?page_id=2288#primaryimage\",\"url\":\"https:\\\/\\\/valentinaduna.com\\\/wp-content\\\/uploads\\\/2023\\\/10\\\/PHOTO-2023-10-05-15-42-39.jpg\",\"contentUrl\":\"https:\\\/\\\/valentinaduna.com\\\/wp-content\\\/uploads\\\/2023\\\/10\\\/PHOTO-2023-10-05-15-42-39.jpg\",\"width\":1600,\"height\":1200},{\"@type\":\"BreadcrumbList\",\"@id\":\"https:\\\/\\\/valentinaduna.com\\\/?page_id=2288#breadcrumb\",\"itemListElement\":[{\"@type\":\"ListItem\",\"position\":1,\"name\":\"Accueil\",\"item\":\"https:\\\/\\\/valentinaduna.com\\\/\"},{\"@type\":\"ListItem\",\"position\":2,\"name\":\"Formation Yin Yoga Module II\"}]},{\"@type\":\"WebSite\",\"@id\":\"https:\\\/\\\/valentinaduna.com\\\/#website\",\"url\":\"https:\\\/\\\/valentinaduna.com\\\/\",\"name\":\"Here &amp; now\",\"description\":\"Valentina Duna \u2022 World Wild Yogini \u00e0 plumes\",\"potentialAction\":[{\"@type\":\"SearchAction\",\"target\":{\"@type\":\"EntryPoint\",\"urlTemplate\":\"https:\\\/\\\/valentinaduna.com\\\/?s={search_term_string}\"},\"query-input\":{\"@type\":\"PropertyValueSpecification\",\"valueRequired\":true,\"valueName\":\"search_term_string\"}}],\"inLanguage\":\"fr-FR\"}]}<\/script>\n<!-- \/ Yoast SEO plugin. -->","yoast_head_json":{"title":"Formation Yin Yoga Module II - Here &amp; now","description":"Formations yin yoga 50 hrs certifi\u00e9e Yoga Alliance. Avec C\u00e9cile Roubaud et Valentina Duna.Contactez moi si vous avez besoin d'infos suppl\u00e9mentaires.","robots":{"index":"index","follow":"follow","max-snippet":"max-snippet:-1","max-image-preview":"max-image-preview:large","max-video-preview":"max-video-preview:-1"},"canonical":"https:\/\/valentinaduna.com\/?page_id=2288","og_locale":"fr_FR","og_type":"article","og_title":"Formation Yin Yoga Module II - Here &amp; now","og_description":"Formations yin yoga 50 hrs certifi\u00e9e Yoga Alliance. Avec C\u00e9cile Roubaud et Valentina Duna.Contactez moi si vous avez besoin d'infos suppl\u00e9mentaires.","og_url":"https:\/\/valentinaduna.com\/?page_id=2288","og_site_name":"Here &amp; now","article_modified_time":"2024-06-18T15:17:31+00:00","og_image":[{"width":1600,"height":1200,"url":"https:\/\/valentinaduna.com\/wp-content\/uploads\/2023\/10\/PHOTO-2023-10-05-15-42-39.jpg","type":"image\/jpeg"}],"twitter_card":"summary_large_image","twitter_misc":{"Dur\u00e9e de lecture estim\u00e9e":"3 minutes"},"schema":{"@context":"https:\/\/schema.org","@graph":[{"@type":"WebPage","@id":"https:\/\/valentinaduna.com\/?page_id=2288","url":"https:\/\/valentinaduna.com\/?page_id=2288","name":"Formation Yin Yoga Module II - Here &amp; now","isPartOf":{"@id":"https:\/\/valentinaduna.com\/#website"},"primaryImageOfPage":{"@id":"https:\/\/valentinaduna.com\/?page_id=2288#primaryimage"},"image":{"@id":"https:\/\/valentinaduna.com\/?page_id=2288#primaryimage"},"thumbnailUrl":"https:\/\/valentinaduna.com\/wp-content\/uploads\/2023\/10\/PHOTO-2023-10-05-15-42-39.jpg","datePublished":"2023-02-01T14:47:05+00:00","dateModified":"2024-06-18T15:17:31+00:00","description":"Formations yin yoga 50 hrs certifi\u00e9e Yoga Alliance. Avec C\u00e9cile Roubaud et Valentina Duna.Contactez moi si vous avez besoin d'infos suppl\u00e9mentaires.","breadcrumb":{"@id":"https:\/\/valentinaduna.com\/?page_id=2288#breadcrumb"},"inLanguage":"fr-FR","potentialAction":[{"@type":"ReadAction","target":["https:\/\/valentinaduna.com\/?page_id=2288"]}]},{"@type":"ImageObject","inLanguage":"fr-FR","@id":"https:\/\/valentinaduna.com\/?page_id=2288#primaryimage","url":"https:\/\/valentinaduna.com\/wp-content\/uploads\/2023\/10\/PHOTO-2023-10-05-15-42-39.jpg","contentUrl":"https:\/\/valentinaduna.com\/wp-content\/uploads\/2023\/10\/PHOTO-2023-10-05-15-42-39.jpg","width":1600,"height":1200},{"@type":"BreadcrumbList","@id":"https:\/\/valentinaduna.com\/?page_id=2288#breadcrumb","itemListElement":[{"@type":"ListItem","position":1,"name":"Accueil","item":"https:\/\/valentinaduna.com\/"},{"@type":"ListItem","position":2,"name":"Formation Yin Yoga Module II"}]},{"@type":"WebSite","@id":"https:\/\/valentinaduna.com\/#website","url":"https:\/\/valentinaduna.com\/","name":"Here &amp; now","description":"Valentina Duna \u2022 World Wild Yogini \u00e0 plumes","potentialAction":[{"@type":"SearchAction","target":{"@type":"EntryPoint","urlTemplate":"https:\/\/valentinaduna.com\/?s={search_term_string}"},"query-input":{"@type":"PropertyValueSpecification","valueRequired":true,"valueName":"search_term_string"}}],"inLanguage":"fr-FR"}]}},"_links":{"self":[{"href":"https:\/\/valentinaduna.com\/index.php?rest_route=\/wp\/v2\/pages\/2288","targetHints":{"allow":["GET"]}}],"collection":[{"href":"https:\/\/valentinaduna.com\/index.php?rest_route=\/wp\/v2\/pages"}],"about":[{"href":"https:\/\/valentinaduna.com\/index.php?rest_route=\/wp\/v2\/types\/page"}],"author":[{"embeddable":true,"href":"https:\/\/valentinaduna.com\/index.php?rest_route=\/wp\/v2\/users\/1"}],"replies":[{"embeddable":true,"href":"https:\/\/valentinaduna.com\/index.php?rest_route=%2Fwp%2Fv2%2Fcomments&post=2288"}],"version-history":[{"count":100,"href":"https:\/\/valentinaduna.com\/index.php?rest_route=\/wp\/v2\/pages\/2288\/revisions"}],"predecessor-version":[{"id":6598,"href":"https:\/\/valentinaduna.com\/index.php?rest_route=\/wp\/v2\/pages\/2288\/revisions\/6598"}],"wp:featuredmedia":[{"embeddable":true,"href":"https:\/\/valentinaduna.com\/index.php?rest_route=\/wp\/v2\/media\/5952"}],"wp:attachment":[{"href":"https:\/\/valentinaduna.com\/index.php?rest_route=%2Fwp%2Fv2%2Fmedia&parent=2288"}],"curies":[{"name":"wp","href":"https:\/\/api.w.org\/{rel}","templated":true}]}}