{"id":249,"date":"2019-01-23T14:05:08","date_gmt":"2019-01-23T13:05:08","guid":{"rendered":"http:\/\/valentinaduna.com\/?page_id=249"},"modified":"2023-10-11T12:11:41","modified_gmt":"2023-10-11T10:11:41","slug":"formation-yin-yoga","status":"publish","type":"page","link":"https:\/\/valentinaduna.com\/?page_id=249","title":{"rendered":"Formation Yin Yoga Module I"},"content":{"rendered":"\t\t<div data-elementor-type=\"wp-page\" data-elementor-id=\"249\" class=\"elementor elementor-249\">\n\t\t\t\t\t\t<section class=\"elementor-section elementor-top-section elementor-element elementor-element-3d1ab532 elementor-section-boxed elementor-section-height-default elementor-section-height-default\" data-id=\"3d1ab532\" data-element_type=\"section\" data-settings=\"{&quot;background_background&quot;:&quot;classic&quot;}\">\n\t\t\t\t\t\t\t<div class=\"elementor-background-overlay\"><\/div>\n\t\t\t\t\t\t\t<div class=\"elementor-container elementor-column-gap-default\">\n\t\t\t\t\t<div class=\"elementor-column elementor-col-100 elementor-top-column elementor-element elementor-element-3e54df4c\" data-id=\"3e54df4c\" data-element_type=\"column\">\n\t\t\t<div class=\"elementor-widget-wrap elementor-element-populated\">\n\t\t\t\t\t\t<div class=\"elementor-element elementor-element-477d0105 elementor-widget elementor-widget-spacer\" data-id=\"477d0105\" data-element_type=\"widget\" data-widget_type=\"spacer.default\">\n\t\t\t\t<div class=\"elementor-widget-container\">\n\t\t\t\t\t\t\t<div class=\"elementor-spacer\">\n\t\t\t<div class=\"elementor-spacer-inner\"><\/div>\n\t\t<\/div>\n\t\t\t\t\t\t<\/div>\n\t\t\t\t<\/div>\n\t\t\t\t<div class=\"elementor-element elementor-element-5557fa9e elementor-widget elementor-widget-heading\" data-id=\"5557fa9e\" data-element_type=\"widget\" data-widget_type=\"heading.default\">\n\t\t\t\t<div class=\"elementor-widget-container\">\n\t\t\t\t\t<h2 class=\"elementor-heading-title elementor-size-default\">Formation Yin Yoga I<\/h2>\t\t\t\t<\/div>\n\t\t\t\t<\/div>\n\t\t\t\t<div class=\"elementor-element elementor-element-7a0dec2c elementor-widget elementor-widget-spacer\" data-id=\"7a0dec2c\" data-element_type=\"widget\" data-widget_type=\"spacer.default\">\n\t\t\t\t<div class=\"elementor-widget-container\">\n\t\t\t\t\t\t\t<div class=\"elementor-spacer\">\n\t\t\t<div class=\"elementor-spacer-inner\"><\/div>\n\t\t<\/div>\n\t\t\t\t\t\t<\/div>\n\t\t\t\t<\/div>\n\t\t\t\t\t<\/div>\n\t\t<\/div>\n\t\t\t\t\t<\/div>\n\t\t<\/section>\n\t\t\t\t<section class=\"elementor-section elementor-top-section elementor-element elementor-element-151c4be elementor-section-boxed elementor-section-height-default elementor-section-height-default\" data-id=\"151c4be\" data-element_type=\"section\">\n\t\t\t\t\t\t<div class=\"elementor-container elementor-column-gap-default\">\n\t\t\t\t\t<div class=\"elementor-column elementor-col-100 elementor-top-column elementor-element elementor-element-a783453\" data-id=\"a783453\" data-element_type=\"column\">\n\t\t\t<div class=\"elementor-widget-wrap elementor-element-populated\">\n\t\t\t\t\t\t<div class=\"elementor-element elementor-element-a1c3137 elementor-widget elementor-widget-spacer\" data-id=\"a1c3137\" data-element_type=\"widget\" data-widget_type=\"spacer.default\">\n\t\t\t\t<div class=\"elementor-widget-container\">\n\t\t\t\t\t\t\t<div class=\"elementor-spacer\">\n\t\t\t<div class=\"elementor-spacer-inner\"><\/div>\n\t\t<\/div>\n\t\t\t\t\t\t<\/div>\n\t\t\t\t<\/div>\n\t\t\t\t\t<\/div>\n\t\t<\/div>\n\t\t\t\t\t<\/div>\n\t\t<\/section>\n\t\t\t\t<section class=\"elementor-section elementor-top-section elementor-element elementor-element-d7dfc05 elementor-section-boxed elementor-section-height-default elementor-section-height-default\" data-id=\"d7dfc05\" data-element_type=\"section\">\n\t\t\t\t\t\t<div class=\"elementor-container elementor-column-gap-default\">\n\t\t\t\t\t<div class=\"elementor-column elementor-col-100 elementor-top-column elementor-element elementor-element-0cfd446\" data-id=\"0cfd446\" data-element_type=\"column\">\n\t\t\t<div class=\"elementor-widget-wrap elementor-element-populated\">\n\t\t\t\t\t\t<div class=\"elementor-element elementor-element-0bef0a8 elementor-widget elementor-widget-heading\" data-id=\"0bef0a8\" data-element_type=\"widget\" data-widget_type=\"heading.default\">\n\t\t\t\t<div class=\"elementor-widget-container\">\n\t\t\t\t\t<h2 class=\"elementor-heading-title elementor-size-default\">Module 1\u200b<\/h2>\t\t\t\t<\/div>\n\t\t\t\t<\/div>\n\t\t\t\t<div class=\"elementor-element elementor-element-dab001f elementor-widget elementor-widget-text-editor\" data-id=\"dab001f\" data-element_type=\"widget\" data-widget_type=\"text-editor.default\">\n\t\t\t\t<div class=\"elementor-widget-container\">\n\t\t\t\t\t\t\t\t\t<p>Formations yin yoga 50 hrs certifi\u00e9e Yoga Alliance<\/p>\n<p>Avec C\u00e9cile Roubaud et Valentina Duna en r\u00e9sidentiel<\/p>\n<p>Formation en fran\u00e7ais et \/ ou en anglais.<\/p>\t\t\t\t\t\t\t\t<\/div>\n\t\t\t\t<\/div>\n\t\t\t\t<div class=\"elementor-element elementor-element-53f30d9 elementor-widget elementor-widget-text-editor\" data-id=\"53f30d9\" data-element_type=\"widget\" data-widget_type=\"text-editor.default\">\n\t\t\t\t<div class=\"elementor-widget-container\">\n\t\t\t\t\t\t\t\t\t<p><b>Contenu de la formation<\/b><\/p>\t\t\t\t\t\t\t\t<\/div>\n\t\t\t\t<\/div>\n\t\t\t\t<div class=\"elementor-element elementor-element-2ca1594 elementor-widget elementor-widget-text-editor\" data-id=\"2ca1594\" data-element_type=\"widget\" data-widget_type=\"text-editor.default\">\n\t\t\t\t<div class=\"elementor-widget-container\">\n\t\t\t\t\t\t\t\t\t<ol>\n<li>Initiation \u00e0 la philosophie tao\u00efste. La pratique Yin du non-effort, son influence sur nos existences et sur notre enseignement\u00a0<\/li>\n<li>Flux d\u2019\u00e9nergie (Qi ou Prana) dans le corps : circulation et influence dans la pratique du Yin Yoga\u00a0<\/li>\n<li>Anatomie et compr\u00e9hension de notre propre constitution Pratique guid\u00e9e du Yin Yoga<\/li>\n<li>\u00c9laboration d\u2019une s\u00e9quence de Yin\u00a0<\/li>\n<li>L\u2019espace sacr\u00e9 et l\u2019espace prot\u00e9g\u00e9 en Yin Yoga Cette formation s\u2019adresse aux professeurs de Yoga et aux praticiens s\u00e9rieux qui souhaitent approfondir leur pratique de Yin Yoga.<\/li>\n<\/ol>\n<p>\u00a0<\/p>\n<div>\n<p><em>Cette formation s\u2019adresse aux professeurs de Yoga et aux praticiens s\u00e9rieux qui souhaitent approfondir leur pratique de Yin Yoga.<\/em><\/p>\n<\/div>\t\t\t\t\t\t\t\t<\/div>\n\t\t\t\t<\/div>\n\t\t\t\t<div class=\"elementor-element elementor-element-a294d92 elementor-widget elementor-widget-text-editor\" data-id=\"a294d92\" data-element_type=\"widget\" data-widget_type=\"text-editor.default\">\n\t\t\t\t<div class=\"elementor-widget-container\">\n\t\t\t\t\t\t\t\t\t<p><strong>Composition du module 1<\/strong><\/p>\t\t\t\t\t\t\t\t<\/div>\n\t\t\t\t<\/div>\n\t\t\t\t<div class=\"elementor-element elementor-element-8d09b56 elementor-widget elementor-widget-text-editor\" data-id=\"8d09b56\" data-element_type=\"widget\" data-widget_type=\"text-editor.default\">\n\t\t\t\t<div class=\"elementor-widget-container\">\n\t\t\t\t\t\t\t\t\t<ul>\n<li>18 heures de pratique<\/li>\n<li>12 heures d\u2019Anatomie et Physiologie<\/li>\n<li>8 heures de m\u00e9thodologie d\u2019enseignement<\/li>\n<li>5 heures de Philosophie du Yoga<\/li>\n<li>2 heures de simulation d\u2019enseignement<\/li>\n<\/ul>\n<div>\u00a0<\/div>\n<p>Total 45 heures sur le lieu.\u00a0<\/p>\n<p>Des heures suppl\u00e9mentaires seront rajout\u00e9es apr\u00e8s le stage r\u00e9sidentiel pour s\u2019assurer de la transmission compl\u00e8te du contenu th\u00e9orique et pratique.\u00a0<\/p>\n<p>Ceux qui auront suivis la formation de six jours, et r\u00e9dig\u00e9 le rapport de stage dans un d\u00e9lai de 45 jours apr\u00e8s la formation recevront un certificat de 50 heures de Formation pour professeurs de Yin Yoga.\u00a0<\/p>\n<p>Cette formation est reconnue par le <b>Yoga Alliance<\/b> comme \u00abcontinuing education\u00bb et s\u2019ajoute aux heures de formation.<\/p>\t\t\t\t\t\t\t\t<\/div>\n\t\t\t\t<\/div>\n\t\t\t\t\t<\/div>\n\t\t<\/div>\n\t\t\t\t\t<\/div>\n\t\t<\/section>\n\t\t\t\t<section class=\"elementor-section elementor-top-section elementor-element elementor-element-98355e7 elementor-section-boxed elementor-section-height-default elementor-section-height-default\" data-id=\"98355e7\" data-element_type=\"section\">\n\t\t\t\t\t\t<div class=\"elementor-container elementor-column-gap-default\">\n\t\t\t\t\t<div class=\"elementor-column elementor-col-100 elementor-top-column elementor-element elementor-element-cfb3ce4\" data-id=\"cfb3ce4\" data-element_type=\"column\">\n\t\t\t<div class=\"elementor-widget-wrap elementor-element-populated\">\n\t\t\t\t\t\t<div class=\"elementor-element elementor-element-dc8e2da elementor-widget elementor-widget-spacer\" data-id=\"dc8e2da\" data-element_type=\"widget\" data-widget_type=\"spacer.default\">\n\t\t\t\t<div class=\"elementor-widget-container\">\n\t\t\t\t\t\t\t<div class=\"elementor-spacer\">\n\t\t\t<div class=\"elementor-spacer-inner\"><\/div>\n\t\t<\/div>\n\t\t\t\t\t\t<\/div>\n\t\t\t\t<\/div>\n\t\t\t\t\t<\/div>\n\t\t<\/div>\n\t\t\t\t\t<\/div>\n\t\t<\/section>\n\t\t\t\t<section class=\"elementor-section elementor-top-section elementor-element elementor-element-b4bf823 elementor-section-boxed elementor-section-height-default elementor-section-height-default\" data-id=\"b4bf823\" data-element_type=\"section\">\n\t\t\t\t\t\t<div class=\"elementor-container elementor-column-gap-default\">\n\t\t\t\t\t<div class=\"elementor-column elementor-col-33 elementor-top-column elementor-element elementor-element-270c640\" data-id=\"270c640\" data-element_type=\"column\">\n\t\t\t<div class=\"elementor-widget-wrap elementor-element-populated\">\n\t\t\t\t\t\t<div class=\"elementor-element elementor-element-4ce5b7e elementor-widget elementor-widget-image\" data-id=\"4ce5b7e\" data-element_type=\"widget\" data-widget_type=\"image.default\">\n\t\t\t\t<div class=\"elementor-widget-container\">\n\t\t\t\t\t\t\t\t\t\t\t\t\t\t\t\t<a href=\"https:\/\/valentinaduna.com\/wp-content\/uploads\/2023\/09\/flyer-TTYIN1-valais-23.png\" data-elementor-open-lightbox=\"yes\" data-e-action-hash=\"#elementor-action%3Aaction%3Dlightbox%26settings%3DeyJpZCI6NTYxNiwidXJsIjoiaHR0cHM6XC9cL3ZhbGVudGluYWR1bmEuY29tXC93cC1jb250ZW50XC91cGxvYWRzXC8yMDIzXC8wOVwvZmx5ZXItVFRZSU4xLXZhbGFpcy0yMy5wbmcifQ%3D%3D\">\n\t\t\t\t\t\t\t<img fetchpriority=\"high\" decoding=\"async\" width=\"800\" height=\"1132\" src=\"https:\/\/valentinaduna.com\/wp-content\/uploads\/2023\/09\/flyer-TTYIN1-valais-23.png\" class=\"attachment-full size-full wp-image-5616\" alt=\"\" srcset=\"https:\/\/valentinaduna.com\/wp-content\/uploads\/2023\/09\/flyer-TTYIN1-valais-23.png 800w, https:\/\/valentinaduna.com\/wp-content\/uploads\/2023\/09\/flyer-TTYIN1-valais-23-212x300.png 212w, https:\/\/valentinaduna.com\/wp-content\/uploads\/2023\/09\/flyer-TTYIN1-valais-23-724x1024.png 724w, https:\/\/valentinaduna.com\/wp-content\/uploads\/2023\/09\/flyer-TTYIN1-valais-23-768x1087.png 768w, https:\/\/valentinaduna.com\/wp-content\/uploads\/2023\/09\/flyer-TTYIN1-valais-23-600x849.png 600w\" sizes=\"(max-width: 800px) 100vw, 800px\" \/>\t\t\t\t\t\t\t\t<\/a>\n\t\t\t\t\t\t\t\t\t\t\t\t\t\t\t<\/div>\n\t\t\t\t<\/div>\n\t\t\t\t\t<\/div>\n\t\t<\/div>\n\t\t\t\t<div class=\"elementor-column elementor-col-33 elementor-top-column elementor-element elementor-element-15f893c\" data-id=\"15f893c\" data-element_type=\"column\">\n\t\t\t<div class=\"elementor-widget-wrap elementor-element-populated\">\n\t\t\t\t\t\t<div class=\"elementor-element elementor-element-2793ea4 elementor-widget elementor-widget-image\" data-id=\"2793ea4\" data-element_type=\"widget\" data-widget_type=\"image.default\">\n\t\t\t\t<div class=\"elementor-widget-container\">\n\t\t\t\t\t\t\t\t\t\t\t\t\t\t\t\t<a href=\"https:\/\/valentinaduna.com\/wp-content\/uploads\/2023\/09\/COM-YIN-TT-1-FEV-24-Publication-Instagram.jpg\" data-elementor-open-lightbox=\"yes\" data-e-action-hash=\"#elementor-action%3Aaction%3Dlightbox%26settings%3DeyJpZCI6NTYxNCwidXJsIjoiaHR0cHM6XC9cL3ZhbGVudGluYWR1bmEuY29tXC93cC1jb250ZW50XC91cGxvYWRzXC8yMDIzXC8wOVwvQ09NLVlJTi1UVC0xLUZFVi0yNC1QdWJsaWNhdGlvbi1JbnN0YWdyYW0uanBnIn0%3D\">\n\t\t\t\t\t\t\t<img decoding=\"async\" width=\"1080\" height=\"1080\" src=\"https:\/\/valentinaduna.com\/wp-content\/uploads\/2023\/09\/COM-YIN-TT-1-FEV-24-Publication-Instagram.jpg\" class=\"attachment-full size-full wp-image-5614\" alt=\"\" srcset=\"https:\/\/valentinaduna.com\/wp-content\/uploads\/2023\/09\/COM-YIN-TT-1-FEV-24-Publication-Instagram.jpg 1080w, https:\/\/valentinaduna.com\/wp-content\/uploads\/2023\/09\/COM-YIN-TT-1-FEV-24-Publication-Instagram-300x300.jpg 300w, https:\/\/valentinaduna.com\/wp-content\/uploads\/2023\/09\/COM-YIN-TT-1-FEV-24-Publication-Instagram-1024x1024.jpg 1024w, https:\/\/valentinaduna.com\/wp-content\/uploads\/2023\/09\/COM-YIN-TT-1-FEV-24-Publication-Instagram-150x150.jpg 150w, https:\/\/valentinaduna.com\/wp-content\/uploads\/2023\/09\/COM-YIN-TT-1-FEV-24-Publication-Instagram-768x768.jpg 768w, https:\/\/valentinaduna.com\/wp-content\/uploads\/2023\/09\/COM-YIN-TT-1-FEV-24-Publication-Instagram-640x640.jpg 640w, https:\/\/valentinaduna.com\/wp-content\/uploads\/2023\/09\/COM-YIN-TT-1-FEV-24-Publication-Instagram-50x50.jpg 50w, https:\/\/valentinaduna.com\/wp-content\/uploads\/2023\/09\/COM-YIN-TT-1-FEV-24-Publication-Instagram-600x600.jpg 600w, https:\/\/valentinaduna.com\/wp-content\/uploads\/2023\/09\/COM-YIN-TT-1-FEV-24-Publication-Instagram-100x100.jpg 100w\" sizes=\"(max-width: 1080px) 100vw, 1080px\" \/>\t\t\t\t\t\t\t\t<\/a>\n\t\t\t\t\t\t\t\t\t\t\t\t\t\t\t<\/div>\n\t\t\t\t<\/div>\n\t\t\t\t\t<\/div>\n\t\t<\/div>\n\t\t\t\t<div class=\"elementor-column elementor-col-33 elementor-top-column elementor-element elementor-element-6175dfb\" data-id=\"6175dfb\" data-element_type=\"column\">\n\t\t\t<div class=\"elementor-widget-wrap elementor-element-populated\">\n\t\t\t\t\t\t<div class=\"elementor-element elementor-element-f0bb798 elementor-widget elementor-widget-image\" data-id=\"f0bb798\" data-element_type=\"widget\" data-widget_type=\"image.default\">\n\t\t\t\t<div class=\"elementor-widget-container\">\n\t\t\t\t\t\t\t\t\t\t\t\t\t\t\t\t<a href=\"https:\/\/valentinaduna.com\/wp-content\/uploads\/2023\/09\/flyer-ttyin1-mai23.jpg\" data-elementor-open-lightbox=\"yes\" data-e-action-hash=\"#elementor-action%3Aaction%3Dlightbox%26settings%3DeyJpZCI6NTczMywidXJsIjoiaHR0cHM6XC9cL3ZhbGVudGluYWR1bmEuY29tXC93cC1jb250ZW50XC91cGxvYWRzXC8yMDIzXC8wOVwvZmx5ZXItdHR5aW4xLW1haTIzLmpwZyJ9\">\n\t\t\t\t\t\t\t<img decoding=\"async\" width=\"768\" height=\"1086\" src=\"https:\/\/valentinaduna.com\/wp-content\/uploads\/2023\/09\/flyer-ttyin1-mai23-768x1086.jpg\" class=\"attachment-medium_large size-medium_large wp-image-5733\" alt=\"\" srcset=\"https:\/\/valentinaduna.com\/wp-content\/uploads\/2023\/09\/flyer-ttyin1-mai23-768x1086.jpg 768w, https:\/\/valentinaduna.com\/wp-content\/uploads\/2023\/09\/flyer-ttyin1-mai23-212x300.jpg 212w, https:\/\/valentinaduna.com\/wp-content\/uploads\/2023\/09\/flyer-ttyin1-mai23-724x1024.jpg 724w, https:\/\/valentinaduna.com\/wp-content\/uploads\/2023\/09\/flyer-ttyin1-mai23-1086x1536.jpg 1086w, https:\/\/valentinaduna.com\/wp-content\/uploads\/2023\/09\/flyer-ttyin1-mai23-1320x1867.jpg 1320w, https:\/\/valentinaduna.com\/wp-content\/uploads\/2023\/09\/flyer-ttyin1-mai23-600x849.jpg 600w, https:\/\/valentinaduna.com\/wp-content\/uploads\/2023\/09\/flyer-ttyin1-mai23.jpg 1414w\" sizes=\"(max-width: 768px) 100vw, 768px\" \/>\t\t\t\t\t\t\t\t<\/a>\n\t\t\t\t\t\t\t\t\t\t\t\t\t\t\t<\/div>\n\t\t\t\t<\/div>\n\t\t\t\t\t<\/div>\n\t\t<\/div>\n\t\t\t\t\t<\/div>\n\t\t<\/section>\n\t\t\t\t<section class=\"elementor-section elementor-top-section elementor-element elementor-element-22f1f34 elementor-section-boxed elementor-section-height-default elementor-section-height-default\" data-id=\"22f1f34\" data-element_type=\"section\">\n\t\t\t\t\t\t<div class=\"elementor-container elementor-column-gap-default\">\n\t\t\t\t\t<div class=\"elementor-column elementor-col-100 elementor-top-column elementor-element elementor-element-e520162\" data-id=\"e520162\" data-element_type=\"column\">\n\t\t\t<div class=\"elementor-widget-wrap elementor-element-populated\">\n\t\t\t\t\t\t<div class=\"elementor-element elementor-element-37c35be elementor-widget elementor-widget-spacer\" data-id=\"37c35be\" data-element_type=\"widget\" data-widget_type=\"spacer.default\">\n\t\t\t\t<div class=\"elementor-widget-container\">\n\t\t\t\t\t\t\t<div class=\"elementor-spacer\">\n\t\t\t<div class=\"elementor-spacer-inner\"><\/div>\n\t\t<\/div>\n\t\t\t\t\t\t<\/div>\n\t\t\t\t<\/div>\n\t\t\t\t\t<\/div>\n\t\t<\/div>\n\t\t\t\t\t<\/div>\n\t\t<\/section>\n\t\t\t\t<section class=\"elementor-section elementor-top-section elementor-element elementor-element-31a2cce elementor-section-boxed elementor-section-height-default elementor-section-height-default\" data-id=\"31a2cce\" data-element_type=\"section\">\n\t\t\t\t\t\t<div class=\"elementor-container elementor-column-gap-default\">\n\t\t\t\t\t<div class=\"elementor-column elementor-col-33 elementor-top-column elementor-element elementor-element-98d6a95\" data-id=\"98d6a95\" data-element_type=\"column\">\n\t\t\t<div class=\"elementor-widget-wrap\">\n\t\t\t\t\t\t\t<\/div>\n\t\t<\/div>\n\t\t\t\t<div class=\"elementor-column elementor-col-33 elementor-top-column elementor-element elementor-element-34f88e6\" data-id=\"34f88e6\" data-element_type=\"column\">\n\t\t\t<div class=\"elementor-widget-wrap elementor-element-populated\">\n\t\t\t\t\t\t<div class=\"elementor-element elementor-element-47ca0865 elementor-align-center elementor-widget elementor-widget-button\" data-id=\"47ca0865\" data-element_type=\"widget\" data-widget_type=\"button.default\">\n\t\t\t\t<div class=\"elementor-widget-container\">\n\t\t\t\t\t\t\t\t\t<div class=\"elementor-button-wrapper\">\n\t\t\t\t\t<a class=\"elementor-button elementor-button-link elementor-size-sm elementor-animation-shrink\" href=\"https:\/\/valentinaduna.com\/?page_id=5795\">\n\t\t\t\t\t\t<span class=\"elementor-button-content-wrapper\">\n\t\t\t\t\t\t\t\t\t<span class=\"elementor-button-text\"> Infos et inscription<\/span>\n\t\t\t\t\t<\/span>\n\t\t\t\t\t<\/a>\n\t\t\t\t<\/div>\n\t\t\t\t\t\t\t\t<\/div>\n\t\t\t\t<\/div>\n\t\t\t\t\t<\/div>\n\t\t<\/div>\n\t\t\t\t<div class=\"elementor-column elementor-col-33 elementor-top-column elementor-element elementor-element-800d2f8\" data-id=\"800d2f8\" data-element_type=\"column\">\n\t\t\t<div class=\"elementor-widget-wrap\">\n\t\t\t\t\t\t\t<\/div>\n\t\t<\/div>\n\t\t\t\t\t<\/div>\n\t\t<\/section>\n\t\t\t\t<\/div>\n\t\t","protected":false},"excerpt":{"rendered":"<p>Formation Yin Yoga I Module 1\u200b Formations yin yoga 50 hrs certifi\u00e9e Yoga Alliance Avec C\u00e9cile Roubaud et Valentina Duna en r\u00e9sidentiel Formation en fran\u00e7ais et \/ ou en anglais. Contenu de la formation Initiation \u00e0 la philosophie tao\u00efste. La pratique Yin du non-effort, son influence sur nos existences et sur notre enseignement\u00a0 Flux d\u2019\u00e9nergie [&hellip;]<\/p>\n","protected":false},"author":2,"featured_media":0,"parent":0,"menu_order":0,"comment_status":"closed","ping_status":"closed","template":"elementor_header_footer","meta":{"footnotes":""},"class_list":["post-249","page","type-page","status-publish","hentry"],"yoast_head":"<!-- This site is optimized with the Yoast SEO plugin v26.7 - https:\/\/yoast.com\/wordpress\/plugins\/seo\/ -->\n<title>Formation Yin Yoga Module I - Here &amp; now<\/title>\n<meta name=\"description\" content=\"Formations yin yoga 50 hrs certifi\u00e9e Yoga Alliance. Avec C\u00e9cile Roubaud et Valentina Duna.Contactez moi si vous avez besoin d&#039;infos suppl\u00e9mentaires.\" \/>\n<meta name=\"robots\" content=\"index, follow, max-snippet:-1, max-image-preview:large, max-video-preview:-1\" \/>\n<link rel=\"canonical\" href=\"https:\/\/valentinaduna.com\/?page_id=249\" \/>\n<meta property=\"og:locale\" content=\"fr_FR\" \/>\n<meta property=\"og:type\" content=\"article\" \/>\n<meta property=\"og:title\" content=\"Formation Yin Yoga Module I - Here &amp; now\" \/>\n<meta property=\"og:description\" content=\"Formations yin yoga 50 hrs certifi\u00e9e Yoga Alliance. Avec C\u00e9cile Roubaud et Valentina Duna.Contactez moi si vous avez besoin d&#039;infos suppl\u00e9mentaires.\" \/>\n<meta property=\"og:url\" content=\"https:\/\/valentinaduna.com\/?page_id=249\" \/>\n<meta property=\"og:site_name\" content=\"Here &amp; now\" \/>\n<meta property=\"article:modified_time\" content=\"2023-10-11T10:11:41+00:00\" \/>\n<meta property=\"og:image\" content=\"https:\/\/valentinaduna.com\/wp-content\/uploads\/2023\/09\/flyer-TTYIN1-valais-23.png\" \/>\n<meta name=\"twitter:card\" content=\"summary_large_image\" \/>\n<meta name=\"twitter:label1\" content=\"Dur\u00e9e de lecture estim\u00e9e\" \/>\n\t<meta name=\"twitter:data1\" content=\"2 minutes\" \/>\n<script type=\"application\/ld+json\" class=\"yoast-schema-graph\">{\"@context\":\"https:\/\/schema.org\",\"@graph\":[{\"@type\":\"WebPage\",\"@id\":\"https:\/\/valentinaduna.com\/?page_id=249\",\"url\":\"https:\/\/valentinaduna.com\/?page_id=249\",\"name\":\"Formation Yin Yoga Module I - Here &amp; now\",\"isPartOf\":{\"@id\":\"https:\/\/valentinaduna.com\/#website\"},\"primaryImageOfPage\":{\"@id\":\"https:\/\/valentinaduna.com\/?page_id=249#primaryimage\"},\"image\":{\"@id\":\"https:\/\/valentinaduna.com\/?page_id=249#primaryimage\"},\"thumbnailUrl\":\"https:\/\/valentinaduna.com\/wp-content\/uploads\/2023\/09\/flyer-TTYIN1-valais-23.png\",\"datePublished\":\"2019-01-23T13:05:08+00:00\",\"dateModified\":\"2023-10-11T10:11:41+00:00\",\"description\":\"Formations yin yoga 50 hrs certifi\u00e9e Yoga Alliance. Avec C\u00e9cile Roubaud et Valentina Duna.Contactez moi si vous avez besoin d'infos suppl\u00e9mentaires.\",\"breadcrumb\":{\"@id\":\"https:\/\/valentinaduna.com\/?page_id=249#breadcrumb\"},\"inLanguage\":\"fr-FR\",\"potentialAction\":[{\"@type\":\"ReadAction\",\"target\":[\"https:\/\/valentinaduna.com\/?page_id=249\"]}]},{\"@type\":\"ImageObject\",\"inLanguage\":\"fr-FR\",\"@id\":\"https:\/\/valentinaduna.com\/?page_id=249#primaryimage\",\"url\":\"https:\/\/valentinaduna.com\/wp-content\/uploads\/2023\/09\/flyer-TTYIN1-valais-23.png\",\"contentUrl\":\"https:\/\/valentinaduna.com\/wp-content\/uploads\/2023\/09\/flyer-TTYIN1-valais-23.png\"},{\"@type\":\"BreadcrumbList\",\"@id\":\"https:\/\/valentinaduna.com\/?page_id=249#breadcrumb\",\"itemListElement\":[{\"@type\":\"ListItem\",\"position\":1,\"name\":\"Accueil\",\"item\":\"https:\/\/valentinaduna.com\/\"},{\"@type\":\"ListItem\",\"position\":2,\"name\":\"Formation Yin Yoga Module I\"}]},{\"@type\":\"WebSite\",\"@id\":\"https:\/\/valentinaduna.com\/#website\",\"url\":\"https:\/\/valentinaduna.com\/\",\"name\":\"Here &amp; now\",\"description\":\"Valentina Duna \u2022 World Wild Yogini \u00e0 plumes\",\"potentialAction\":[{\"@type\":\"SearchAction\",\"target\":{\"@type\":\"EntryPoint\",\"urlTemplate\":\"https:\/\/valentinaduna.com\/?s={search_term_string}\"},\"query-input\":{\"@type\":\"PropertyValueSpecification\",\"valueRequired\":true,\"valueName\":\"search_term_string\"}}],\"inLanguage\":\"fr-FR\"}]}<\/script>\n<!-- \/ Yoast SEO plugin. -->","yoast_head_json":{"title":"Formation Yin Yoga Module I - Here &amp; now","description":"Formations yin yoga 50 hrs certifi\u00e9e Yoga Alliance. Avec C\u00e9cile Roubaud et Valentina Duna.Contactez moi si vous avez besoin d'infos suppl\u00e9mentaires.","robots":{"index":"index","follow":"follow","max-snippet":"max-snippet:-1","max-image-preview":"max-image-preview:large","max-video-preview":"max-video-preview:-1"},"canonical":"https:\/\/valentinaduna.com\/?page_id=249","og_locale":"fr_FR","og_type":"article","og_title":"Formation Yin Yoga Module I - Here &amp; now","og_description":"Formations yin yoga 50 hrs certifi\u00e9e Yoga Alliance. Avec C\u00e9cile Roubaud et Valentina Duna.Contactez moi si vous avez besoin d'infos suppl\u00e9mentaires.","og_url":"https:\/\/valentinaduna.com\/?page_id=249","og_site_name":"Here &amp; now","article_modified_time":"2023-10-11T10:11:41+00:00","og_image":[{"url":"https:\/\/valentinaduna.com\/wp-content\/uploads\/2023\/09\/flyer-TTYIN1-valais-23.png","type":"","width":"","height":""}],"twitter_card":"summary_large_image","twitter_misc":{"Dur\u00e9e de lecture estim\u00e9e":"2 minutes"},"schema":{"@context":"https:\/\/schema.org","@graph":[{"@type":"WebPage","@id":"https:\/\/valentinaduna.com\/?page_id=249","url":"https:\/\/valentinaduna.com\/?page_id=249","name":"Formation Yin Yoga Module I - Here &amp; now","isPartOf":{"@id":"https:\/\/valentinaduna.com\/#website"},"primaryImageOfPage":{"@id":"https:\/\/valentinaduna.com\/?page_id=249#primaryimage"},"image":{"@id":"https:\/\/valentinaduna.com\/?page_id=249#primaryimage"},"thumbnailUrl":"https:\/\/valentinaduna.com\/wp-content\/uploads\/2023\/09\/flyer-TTYIN1-valais-23.png","datePublished":"2019-01-23T13:05:08+00:00","dateModified":"2023-10-11T10:11:41+00:00","description":"Formations yin yoga 50 hrs certifi\u00e9e Yoga Alliance. Avec C\u00e9cile Roubaud et Valentina Duna.Contactez moi si vous avez besoin d'infos suppl\u00e9mentaires.","breadcrumb":{"@id":"https:\/\/valentinaduna.com\/?page_id=249#breadcrumb"},"inLanguage":"fr-FR","potentialAction":[{"@type":"ReadAction","target":["https:\/\/valentinaduna.com\/?page_id=249"]}]},{"@type":"ImageObject","inLanguage":"fr-FR","@id":"https:\/\/valentinaduna.com\/?page_id=249#primaryimage","url":"https:\/\/valentinaduna.com\/wp-content\/uploads\/2023\/09\/flyer-TTYIN1-valais-23.png","contentUrl":"https:\/\/valentinaduna.com\/wp-content\/uploads\/2023\/09\/flyer-TTYIN1-valais-23.png"},{"@type":"BreadcrumbList","@id":"https:\/\/valentinaduna.com\/?page_id=249#breadcrumb","itemListElement":[{"@type":"ListItem","position":1,"name":"Accueil","item":"https:\/\/valentinaduna.com\/"},{"@type":"ListItem","position":2,"name":"Formation Yin Yoga Module I"}]},{"@type":"WebSite","@id":"https:\/\/valentinaduna.com\/#website","url":"https:\/\/valentinaduna.com\/","name":"Here &amp; now","description":"Valentina Duna \u2022 World Wild Yogini \u00e0 plumes","potentialAction":[{"@type":"SearchAction","target":{"@type":"EntryPoint","urlTemplate":"https:\/\/valentinaduna.com\/?s={search_term_string}"},"query-input":{"@type":"PropertyValueSpecification","valueRequired":true,"valueName":"search_term_string"}}],"inLanguage":"fr-FR"}]}},"_links":{"self":[{"href":"https:\/\/valentinaduna.com\/index.php?rest_route=\/wp\/v2\/pages\/249","targetHints":{"allow":["GET"]}}],"collection":[{"href":"https:\/\/valentinaduna.com\/index.php?rest_route=\/wp\/v2\/pages"}],"about":[{"href":"https:\/\/valentinaduna.com\/index.php?rest_route=\/wp\/v2\/types\/page"}],"author":[{"embeddable":true,"href":"https:\/\/valentinaduna.com\/index.php?rest_route=\/wp\/v2\/users\/2"}],"replies":[{"embeddable":true,"href":"https:\/\/valentinaduna.com\/index.php?rest_route=%2Fwp%2Fv2%2Fcomments&post=249"}],"version-history":[{"count":342,"href":"https:\/\/valentinaduna.com\/index.php?rest_route=\/wp\/v2\/pages\/249\/revisions"}],"predecessor-version":[{"id":5993,"href":"https:\/\/valentinaduna.com\/index.php?rest_route=\/wp\/v2\/pages\/249\/revisions\/5993"}],"wp:attachment":[{"href":"https:\/\/valentinaduna.com\/index.php?rest_route=%2Fwp%2Fv2%2Fmedia&parent=249"}],"curies":[{"name":"wp","href":"https:\/\/api.w.org\/{rel}","templated":true}]}}