{"id":25,"date":"2018-11-17T15:03:06","date_gmt":"2018-11-17T14:03:06","guid":{"rendered":"http:\/\/valentinaduna.com\/?page_id=25"},"modified":"2023-10-11T20:49:00","modified_gmt":"2023-10-11T18:49:00","slug":"fractalya-celebration","status":"publish","type":"page","link":"https:\/\/valentinaduna.com\/?page_id=25","title":{"rendered":"Fractalya C\u00e9l\u00e9bration"},"content":{"rendered":"\t\t<div data-elementor-type=\"wp-page\" data-elementor-id=\"25\" class=\"elementor elementor-25\">\n\t\t\t\t\t\t<section class=\"elementor-section elementor-top-section elementor-element elementor-element-23af1b15 elementor-section-boxed elementor-section-height-default elementor-section-height-default\" data-id=\"23af1b15\" data-element_type=\"section\" data-settings=\"{&quot;background_background&quot;:&quot;classic&quot;}\">\n\t\t\t\t\t\t\t<div class=\"elementor-background-overlay\"><\/div>\n\t\t\t\t\t\t\t<div class=\"elementor-container elementor-column-gap-default\">\n\t\t\t\t\t<div class=\"elementor-column elementor-col-100 elementor-top-column elementor-element elementor-element-5f195642\" data-id=\"5f195642\" data-element_type=\"column\">\n\t\t\t<div class=\"elementor-widget-wrap elementor-element-populated\">\n\t\t\t\t\t\t<div class=\"elementor-element elementor-element-7b85ed6a elementor-widget elementor-widget-spacer\" data-id=\"7b85ed6a\" data-element_type=\"widget\" data-widget_type=\"spacer.default\">\n\t\t\t\t<div class=\"elementor-widget-container\">\n\t\t\t\t\t\t\t<div class=\"elementor-spacer\">\n\t\t\t<div class=\"elementor-spacer-inner\"><\/div>\n\t\t<\/div>\n\t\t\t\t\t\t<\/div>\n\t\t\t\t<\/div>\n\t\t\t\t<div class=\"elementor-element elementor-element-33d0c0b0 elementor-widget elementor-widget-heading\" data-id=\"33d0c0b0\" data-element_type=\"widget\" data-widget_type=\"heading.default\">\n\t\t\t\t<div class=\"elementor-widget-container\">\n\t\t\t\t\t<h2 class=\"elementor-heading-title elementor-size-default\">Fractalya C\u00e9l\u00e9bration<\/h2>\t\t\t\t<\/div>\n\t\t\t\t<\/div>\n\t\t\t\t<div class=\"elementor-element elementor-element-784f1331 elementor-widget elementor-widget-spacer\" data-id=\"784f1331\" data-element_type=\"widget\" data-widget_type=\"spacer.default\">\n\t\t\t\t<div class=\"elementor-widget-container\">\n\t\t\t\t\t\t\t<div class=\"elementor-spacer\">\n\t\t\t<div class=\"elementor-spacer-inner\"><\/div>\n\t\t<\/div>\n\t\t\t\t\t\t<\/div>\n\t\t\t\t<\/div>\n\t\t\t\t\t<\/div>\n\t\t<\/div>\n\t\t\t\t\t<\/div>\n\t\t<\/section>\n\t\t\t\t<section class=\"elementor-section elementor-top-section elementor-element elementor-element-1ef1245 elementor-section-boxed elementor-section-height-default elementor-section-height-default\" data-id=\"1ef1245\" data-element_type=\"section\">\n\t\t\t\t\t\t<div class=\"elementor-container elementor-column-gap-default\">\n\t\t\t\t\t<div class=\"elementor-column elementor-col-100 elementor-top-column elementor-element elementor-element-1d940e82\" data-id=\"1d940e82\" data-element_type=\"column\">\n\t\t\t<div class=\"elementor-widget-wrap elementor-element-populated\">\n\t\t\t\t\t\t<div class=\"elementor-element elementor-element-bf4a828 elementor-widget elementor-widget-text-editor\" data-id=\"bf4a828\" data-element_type=\"widget\" data-widget_type=\"text-editor.default\">\n\t\t\t\t<div class=\"elementor-widget-container\">\n\t\t\t\t\t\t\t\t\t<p><b>Fractalya 2023 sera la neuvi\u00e8me \u00e9dition de cette c\u00e9l\u00e9bration surr\u00e9aliste et unique. Elle aura lieu cette ann\u00e9e du 1er au 4 novembre au Mas Nouveau dans les mystiques C\u00e9vennes.<\/b><\/p><p><b><br><\/b><\/p>\n<p><\/p>\n<p>Fractalya, un nom qui r\u00e9sonne comme un mythe elfique. Un mythe, vous avez dit ? Oui, nous allons ensemble tisser une histoire, le temps d&rsquo;une suspension, dans les contre forts du Mont Loz\u00e8re.<\/p>\n<p>Fractal, forme g\u00e9om\u00e9trique dynamis\u00e9e qui se d\u00e9ploie \u00e0 l&rsquo;infini, vision d&rsquo;une spirale des possibles. Cr\u00e9ation de l&rsquo;Intention.<\/p>\n<p>Tal, en hindi signifie rythme. Un mot, un &nbsp;mouvement, temps et contre-temps, danser notre vie. Le tal de notre tambour cardiaque, le Coeur, \u00e0 l&rsquo;honneur. Tal, la respiration, l&rsquo;inspir qui se l\u00e8ve, l&rsquo;expir qui s&rsquo;asseoit, la suspension, puis le silence&#8230;&nbsp;<\/p>\n<p>Fractalya, comme le nom d&rsquo;une fleur, fleur de vie, l&rsquo;\u00e9closion d&rsquo;une nouvelle Terre par l&rsquo;\u00e9veil de la conscience.<\/p>\n<p>Fractalya est une vision de Marie-Valentina, celle de la co-cr\u00e9ation consciente. D\u00e9velopper le &lsquo;je&rsquo; dans le &lsquo;nous&rsquo;. Le &lsquo;nous&rsquo; c&rsquo;est 2 femmes et 3 hommes,&nbsp;<a href=\"http:\/\/amis.es\/\" target=\"_blank\" rel=\"noopener\" data-saferedirecturl=\"https:\/\/www.google.com\/url?q=http:\/\/amis.es&amp;source=gmail&amp;ust=1695844333720000&amp;usg=AOvVaw1pIIrTI0fLyYu4XOHh7dsJ\">amis.es<\/a>, professionnels.elles et magiciens.nes dans l&rsquo;art du yoga, le chamanisme, la danse, la musique, la philosophie, la psychologie, la po\u00e9sie et l&rsquo;\u00e9cologie. Fractalya c&rsquo;est une quintessence de ces divers arts, une c\u00e9l\u00e9bration du &lsquo;nous&rsquo; avec et pour &lsquo;vous&rsquo;.&nbsp;<\/p>\n<p><\/p>\n<p>Cette ann\u00e9e encore, nous reprenons le fil num\u00e9rologique de l&rsquo;ann\u00e9e comme source d&rsquo;inspiration:&nbsp;<\/p>\n<p>La somme de 2 + 0 + 2 + 3 = 7&#8230;&nbsp;SEPT&#8230; Ce chiffre est consid\u00e9r\u00e9 comme magique et correspond \u00e0 la r\u00e9flexion et le renouvellement. Il symbolise aussi la sagesse, la cr\u00e9ativit\u00e9 et le dynamisme. On peut \u00e9galement lui attribuer l\u2019originalit\u00e9, l\u2019inventivit\u00e9 et l\u2019authenticit\u00e9. Nous honorons aussi le passage de la lumi\u00e8re aux t\u00e9n\u00e8bres en hommage \u00e0 &nbsp;Samhain, grande f\u00eate pa\u00efenne du Moyen \u00c2ge, pour cela nous aimerions honorer l&rsquo;esprit du grand-p\u00e8re Feu, l&rsquo;oreille de dieu.&nbsp;<\/p>\n<p><\/p>\n<p>Cette immersion est ouverte \u00e0 tous ceux et celles sensibles \u00e0 l&rsquo;\u00e9veil de la conscience pour un monde altruiste et amoureux.&nbsp;<\/p>\n<p>Invitez-vous dans ce mythe unique au sein de M\u00e8re Nature.<\/p>\n<p><\/p>\n<p>Toutes les infos sur&nbsp;<a href=\"http:\/\/www.fractalya.fr\/\" target=\"_blank\" rel=\"noopener\" data-saferedirecturl=\"https:\/\/www.google.com\/url?q=http:\/\/www.fractalya.fr&amp;source=gmail&amp;ust=1695844333720000&amp;usg=AOvVaw1OUt6ANk9yf0_1buJYtL69\">www.fractalya.fr<\/a><\/p>\t\t\t\t\t\t\t\t<\/div>\n\t\t\t\t<\/div>\n\t\t\t\t<div class=\"elementor-element elementor-element-8b7bdc2 elementor-align-center elementor-widget elementor-widget-button\" data-id=\"8b7bdc2\" data-element_type=\"widget\" data-widget_type=\"button.default\">\n\t\t\t\t<div class=\"elementor-widget-container\">\n\t\t\t\t\t\t\t\t\t<div class=\"elementor-button-wrapper\">\n\t\t\t\t\t<a class=\"elementor-button elementor-button-link elementor-size-sm elementor-animation-shrink\" href=\"https:\/\/valentinaduna.com\/?page_id=6002\">\n\t\t\t\t\t\t<span class=\"elementor-button-content-wrapper\">\n\t\t\t\t\t\t\t\t\t<span class=\"elementor-button-text\">S'inscrire<\/span>\n\t\t\t\t\t<\/span>\n\t\t\t\t\t<\/a>\n\t\t\t\t<\/div>\n\t\t\t\t\t\t\t\t<\/div>\n\t\t\t\t<\/div>\n\t\t\t\t\t<\/div>\n\t\t<\/div>\n\t\t\t\t\t<\/div>\n\t\t<\/section>\n\t\t\t\t<\/div>\n\t\t","protected":false},"excerpt":{"rendered":"<p>Fractalya C\u00e9l\u00e9bration Fractalya 2023 sera la neuvi\u00e8me \u00e9dition de cette c\u00e9l\u00e9bration surr\u00e9aliste et unique. Elle aura lieu cette ann\u00e9e du 1er au 4 novembre au Mas Nouveau dans les mystiques C\u00e9vennes. Fractalya, un nom qui r\u00e9sonne comme un mythe elfique. Un mythe, vous avez dit ? Oui, nous allons ensemble tisser une histoire, le temps [&hellip;]<\/p>\n","protected":false},"author":1,"featured_media":0,"parent":0,"menu_order":0,"comment_status":"closed","ping_status":"closed","template":"elementor_header_footer","meta":{"footnotes":""},"class_list":["post-25","page","type-page","status-publish","hentry"],"yoast_head":"<!-- This site is optimized with the Yoast SEO plugin v26.7 - https:\/\/yoast.com\/wordpress\/plugins\/seo\/ -->\n<title>Fractalya C\u00e9l\u00e9bration - Here &amp; now<\/title>\n<meta name=\"robots\" content=\"index, follow, max-snippet:-1, max-image-preview:large, max-video-preview:-1\" \/>\n<link rel=\"canonical\" href=\"https:\/\/valentinaduna.com\/?page_id=25\" \/>\n<meta property=\"og:locale\" content=\"fr_FR\" \/>\n<meta property=\"og:type\" content=\"article\" \/>\n<meta property=\"og:title\" content=\"Fractalya C\u00e9l\u00e9bration - Here &amp; now\" \/>\n<meta property=\"og:description\" content=\"Fractalya C\u00e9l\u00e9bration Fractalya 2023 sera la neuvi\u00e8me \u00e9dition de cette c\u00e9l\u00e9bration surr\u00e9aliste et unique. Elle aura lieu cette ann\u00e9e du 1er au 4 novembre au Mas Nouveau dans les mystiques C\u00e9vennes. Fractalya, un nom qui r\u00e9sonne comme un mythe elfique. Un mythe, vous avez dit ? Oui, nous allons ensemble tisser une histoire, le temps [&hellip;]\" \/>\n<meta property=\"og:url\" content=\"https:\/\/valentinaduna.com\/?page_id=25\" \/>\n<meta property=\"og:site_name\" content=\"Here &amp; now\" \/>\n<meta property=\"article:modified_time\" content=\"2023-10-11T18:49:00+00:00\" \/>\n<meta name=\"twitter:card\" content=\"summary_large_image\" \/>\n<meta name=\"twitter:label1\" content=\"Dur\u00e9e de lecture estim\u00e9e\" \/>\n\t<meta name=\"twitter:data1\" content=\"2 minutes\" \/>\n<script type=\"application\/ld+json\" class=\"yoast-schema-graph\">{\"@context\":\"https:\/\/schema.org\",\"@graph\":[{\"@type\":\"WebPage\",\"@id\":\"https:\/\/valentinaduna.com\/?page_id=25\",\"url\":\"https:\/\/valentinaduna.com\/?page_id=25\",\"name\":\"Fractalya C\u00e9l\u00e9bration - Here &amp; now\",\"isPartOf\":{\"@id\":\"https:\/\/valentinaduna.com\/#website\"},\"datePublished\":\"2018-11-17T14:03:06+00:00\",\"dateModified\":\"2023-10-11T18:49:00+00:00\",\"breadcrumb\":{\"@id\":\"https:\/\/valentinaduna.com\/?page_id=25#breadcrumb\"},\"inLanguage\":\"fr-FR\",\"potentialAction\":[{\"@type\":\"ReadAction\",\"target\":[\"https:\/\/valentinaduna.com\/?page_id=25\"]}]},{\"@type\":\"BreadcrumbList\",\"@id\":\"https:\/\/valentinaduna.com\/?page_id=25#breadcrumb\",\"itemListElement\":[{\"@type\":\"ListItem\",\"position\":1,\"name\":\"Accueil\",\"item\":\"https:\/\/valentinaduna.com\/\"},{\"@type\":\"ListItem\",\"position\":2,\"name\":\"Fractalya C\u00e9l\u00e9bration\"}]},{\"@type\":\"WebSite\",\"@id\":\"https:\/\/valentinaduna.com\/#website\",\"url\":\"https:\/\/valentinaduna.com\/\",\"name\":\"Here &amp; now\",\"description\":\"Valentina Duna \u2022 World Wild Yogini \u00e0 plumes\",\"potentialAction\":[{\"@type\":\"SearchAction\",\"target\":{\"@type\":\"EntryPoint\",\"urlTemplate\":\"https:\/\/valentinaduna.com\/?s={search_term_string}\"},\"query-input\":{\"@type\":\"PropertyValueSpecification\",\"valueRequired\":true,\"valueName\":\"search_term_string\"}}],\"inLanguage\":\"fr-FR\"}]}<\/script>\n<!-- \/ Yoast SEO plugin. -->","yoast_head_json":{"title":"Fractalya C\u00e9l\u00e9bration - Here &amp; now","robots":{"index":"index","follow":"follow","max-snippet":"max-snippet:-1","max-image-preview":"max-image-preview:large","max-video-preview":"max-video-preview:-1"},"canonical":"https:\/\/valentinaduna.com\/?page_id=25","og_locale":"fr_FR","og_type":"article","og_title":"Fractalya C\u00e9l\u00e9bration - Here &amp; now","og_description":"Fractalya C\u00e9l\u00e9bration Fractalya 2023 sera la neuvi\u00e8me \u00e9dition de cette c\u00e9l\u00e9bration surr\u00e9aliste et unique. Elle aura lieu cette ann\u00e9e du 1er au 4 novembre au Mas Nouveau dans les mystiques C\u00e9vennes. Fractalya, un nom qui r\u00e9sonne comme un mythe elfique. Un mythe, vous avez dit ? Oui, nous allons ensemble tisser une histoire, le temps [&hellip;]","og_url":"https:\/\/valentinaduna.com\/?page_id=25","og_site_name":"Here &amp; now","article_modified_time":"2023-10-11T18:49:00+00:00","twitter_card":"summary_large_image","twitter_misc":{"Dur\u00e9e de lecture estim\u00e9e":"2 minutes"},"schema":{"@context":"https:\/\/schema.org","@graph":[{"@type":"WebPage","@id":"https:\/\/valentinaduna.com\/?page_id=25","url":"https:\/\/valentinaduna.com\/?page_id=25","name":"Fractalya C\u00e9l\u00e9bration - Here &amp; now","isPartOf":{"@id":"https:\/\/valentinaduna.com\/#website"},"datePublished":"2018-11-17T14:03:06+00:00","dateModified":"2023-10-11T18:49:00+00:00","breadcrumb":{"@id":"https:\/\/valentinaduna.com\/?page_id=25#breadcrumb"},"inLanguage":"fr-FR","potentialAction":[{"@type":"ReadAction","target":["https:\/\/valentinaduna.com\/?page_id=25"]}]},{"@type":"BreadcrumbList","@id":"https:\/\/valentinaduna.com\/?page_id=25#breadcrumb","itemListElement":[{"@type":"ListItem","position":1,"name":"Accueil","item":"https:\/\/valentinaduna.com\/"},{"@type":"ListItem","position":2,"name":"Fractalya C\u00e9l\u00e9bration"}]},{"@type":"WebSite","@id":"https:\/\/valentinaduna.com\/#website","url":"https:\/\/valentinaduna.com\/","name":"Here &amp; now","description":"Valentina Duna \u2022 World Wild Yogini \u00e0 plumes","potentialAction":[{"@type":"SearchAction","target":{"@type":"EntryPoint","urlTemplate":"https:\/\/valentinaduna.com\/?s={search_term_string}"},"query-input":{"@type":"PropertyValueSpecification","valueRequired":true,"valueName":"search_term_string"}}],"inLanguage":"fr-FR"}]}},"_links":{"self":[{"href":"https:\/\/valentinaduna.com\/index.php?rest_route=\/wp\/v2\/pages\/25","targetHints":{"allow":["GET"]}}],"collection":[{"href":"https:\/\/valentinaduna.com\/index.php?rest_route=\/wp\/v2\/pages"}],"about":[{"href":"https:\/\/valentinaduna.com\/index.php?rest_route=\/wp\/v2\/types\/page"}],"author":[{"embeddable":true,"href":"https:\/\/valentinaduna.com\/index.php?rest_route=\/wp\/v2\/users\/1"}],"replies":[{"embeddable":true,"href":"https:\/\/valentinaduna.com\/index.php?rest_route=%2Fwp%2Fv2%2Fcomments&post=25"}],"version-history":[{"count":129,"href":"https:\/\/valentinaduna.com\/index.php?rest_route=\/wp\/v2\/pages\/25\/revisions"}],"predecessor-version":[{"id":6129,"href":"https:\/\/valentinaduna.com\/index.php?rest_route=\/wp\/v2\/pages\/25\/revisions\/6129"}],"wp:attachment":[{"href":"https:\/\/valentinaduna.com\/index.php?rest_route=%2Fwp%2Fv2%2Fmedia&parent=25"}],"curies":[{"name":"wp","href":"https:\/\/api.w.org\/{rel}","templated":true}]}}