{"id":2545,"date":"2023-02-01T20:19:37","date_gmt":"2023-02-01T19:19:37","guid":{"rendered":"https:\/\/valentinaduna.com\/?page_id=2545"},"modified":"2025-03-11T16:04:17","modified_gmt":"2025-03-11T15:04:17","slug":"shanka-immersion-formative","status":"publish","type":"page","link":"https:\/\/valentinaduna.com\/?page_id=2545","title":{"rendered":"SHANK\u00c4 \/\/ Immersion Formative"},"content":{"rendered":"\t\t<div data-elementor-type=\"wp-page\" data-elementor-id=\"2545\" class=\"elementor elementor-2545\">\n\t\t\t\t\t\t<section class=\"elementor-section elementor-top-section elementor-element elementor-element-7f89ddc7 elementor-section-boxed elementor-section-height-default elementor-section-height-default\" data-id=\"7f89ddc7\" data-element_type=\"section\" data-settings=\"{&quot;background_background&quot;:&quot;slideshow&quot;,&quot;background_slideshow_gallery&quot;:[{&quot;id&quot;:5977,&quot;url&quot;:&quot;https:\\\/\\\/valentinaduna.com\\\/wp-content\\\/uploads\\\/2023\\\/10\\\/shanka-2.jpeg&quot;},{&quot;id&quot;:5978,&quot;url&quot;:&quot;https:\\\/\\\/valentinaduna.com\\\/wp-content\\\/uploads\\\/2023\\\/10\\\/shanka-3.jpeg&quot;},{&quot;id&quot;:5980,&quot;url&quot;:&quot;https:\\\/\\\/valentinaduna.com\\\/wp-content\\\/uploads\\\/2023\\\/10\\\/shanka-1.jpeg&quot;},{&quot;id&quot;:5981,&quot;url&quot;:&quot;https:\\\/\\\/valentinaduna.com\\\/wp-content\\\/uploads\\\/2023\\\/10\\\/shanka-4.jpeg&quot;}],&quot;background_slideshow_loop&quot;:&quot;yes&quot;,&quot;background_slideshow_slide_duration&quot;:5000,&quot;background_slideshow_slide_transition&quot;:&quot;fade&quot;,&quot;background_slideshow_transition_duration&quot;:500}\">\n\t\t\t\t\t\t\t<div class=\"elementor-background-overlay\"><\/div>\n\t\t\t\t\t\t\t<div class=\"elementor-container elementor-column-gap-default\">\n\t\t\t\t\t<div class=\"elementor-column elementor-col-100 elementor-top-column elementor-element elementor-element-5120065e\" data-id=\"5120065e\" data-element_type=\"column\">\n\t\t\t<div class=\"elementor-widget-wrap elementor-element-populated\">\n\t\t\t\t\t\t<div class=\"elementor-element elementor-element-6dd9d057 elementor-widget elementor-widget-spacer\" data-id=\"6dd9d057\" data-element_type=\"widget\" data-widget_type=\"spacer.default\">\n\t\t\t\t<div class=\"elementor-widget-container\">\n\t\t\t\t\t\t\t<div class=\"elementor-spacer\">\n\t\t\t<div class=\"elementor-spacer-inner\"><\/div>\n\t\t<\/div>\n\t\t\t\t\t\t<\/div>\n\t\t\t\t<\/div>\n\t\t\t\t<div class=\"elementor-element elementor-element-7e314179 elementor-widget elementor-widget-heading\" data-id=\"7e314179\" data-element_type=\"widget\" data-widget_type=\"heading.default\">\n\t\t\t\t<div class=\"elementor-widget-container\">\n\t\t\t\t\t<h2 class=\"elementor-heading-title elementor-size-default\">SHANK\u00c4 \n<br>Immersion Formative<br>yoga du son <br>circlesongs<\/h2>\t\t\t\t<\/div>\n\t\t\t\t<\/div>\n\t\t\t\t<div class=\"elementor-element elementor-element-18d05d88 elementor-widget elementor-widget-spacer\" data-id=\"18d05d88\" data-element_type=\"widget\" data-widget_type=\"spacer.default\">\n\t\t\t\t<div class=\"elementor-widget-container\">\n\t\t\t\t\t\t\t<div class=\"elementor-spacer\">\n\t\t\t<div class=\"elementor-spacer-inner\"><\/div>\n\t\t<\/div>\n\t\t\t\t\t\t<\/div>\n\t\t\t\t<\/div>\n\t\t\t\t\t<\/div>\n\t\t<\/div>\n\t\t\t\t\t<\/div>\n\t\t<\/section>\n\t\t\t\t<section class=\"elementor-section elementor-top-section elementor-element elementor-element-14b8101 elementor-section-boxed elementor-section-height-default elementor-section-height-default\" data-id=\"14b8101\" data-element_type=\"section\">\n\t\t\t\t\t\t<div class=\"elementor-container elementor-column-gap-default\">\n\t\t\t\t\t<div class=\"elementor-column elementor-col-100 elementor-top-column elementor-element elementor-element-8aa2344\" data-id=\"8aa2344\" data-element_type=\"column\">\n\t\t\t<div class=\"elementor-widget-wrap elementor-element-populated\">\n\t\t\t\t\t\t<div class=\"elementor-element elementor-element-ede0b6c elementor-widget elementor-widget-spacer\" data-id=\"ede0b6c\" data-element_type=\"widget\" data-widget_type=\"spacer.default\">\n\t\t\t\t<div class=\"elementor-widget-container\">\n\t\t\t\t\t\t\t<div class=\"elementor-spacer\">\n\t\t\t<div class=\"elementor-spacer-inner\"><\/div>\n\t\t<\/div>\n\t\t\t\t\t\t<\/div>\n\t\t\t\t<\/div>\n\t\t\t\t<div class=\"elementor-element elementor-element-620ce946 elementor-widget elementor-widget-text-editor\" data-id=\"620ce946\" data-element_type=\"widget\" data-widget_type=\"text-editor.default\">\n\t\t\t\t<div class=\"elementor-widget-container\">\n\t\t\t\t\t\t\t\t\t<p><strong>Shank\u00e4 est une immersion unique, une exploration du myst\u00e8re de la voix.<\/strong><\/p>\t\t\t\t\t\t\t\t<\/div>\n\t\t\t\t<\/div>\n\t\t\t\t\t<\/div>\n\t\t<\/div>\n\t\t\t\t\t<\/div>\n\t\t<\/section>\n\t\t\t\t<section class=\"elementor-section elementor-top-section elementor-element elementor-element-41d430e elementor-section-boxed elementor-section-height-default elementor-section-height-default\" data-id=\"41d430e\" data-element_type=\"section\">\n\t\t\t\t\t\t<div class=\"elementor-container elementor-column-gap-default\">\n\t\t\t\t\t<div class=\"elementor-column elementor-col-100 elementor-top-column elementor-element elementor-element-4aa24f1\" data-id=\"4aa24f1\" data-element_type=\"column\">\n\t\t\t<div class=\"elementor-widget-wrap elementor-element-populated\">\n\t\t\t\t\t\t<div class=\"elementor-element elementor-element-10251c9 elementor-widget elementor-widget-heading\" data-id=\"10251c9\" data-element_type=\"widget\" data-widget_type=\"heading.default\">\n\t\t\t\t<div class=\"elementor-widget-container\">\n\t\t\t\t\t<h2 class=\"elementor-heading-title elementor-size-default\">Prochaine date<\/h2>\t\t\t\t<\/div>\n\t\t\t\t<\/div>\n\t\t\t\t<div class=\"elementor-element elementor-element-799c9e2 elementor-widget elementor-widget-heading\" data-id=\"799c9e2\" data-element_type=\"widget\" data-widget_type=\"heading.default\">\n\t\t\t\t<div class=\"elementor-widget-container\">\n\t\t\t\t\t<h2 class=\"elementor-heading-title elementor-size-default\">Shank\u00e4<\/h2>\t\t\t\t<\/div>\n\t\t\t\t<\/div>\n\t\t\t\t\t<\/div>\n\t\t<\/div>\n\t\t\t\t\t<\/div>\n\t\t<\/section>\n\t\t\t\t<section class=\"elementor-section elementor-top-section elementor-element elementor-element-4578e312 elementor-section-boxed elementor-section-height-default elementor-section-height-default\" data-id=\"4578e312\" data-element_type=\"section\">\n\t\t\t\t\t\t<div class=\"elementor-container elementor-column-gap-default\">\n\t\t\t\t\t<div class=\"elementor-column elementor-col-100 elementor-top-column elementor-element elementor-element-25ef7668\" data-id=\"25ef7668\" data-element_type=\"column\">\n\t\t\t<div class=\"elementor-widget-wrap elementor-element-populated\">\n\t\t\t\t\t\t<div class=\"elementor-element elementor-element-80fc5ab elementor-widget elementor-widget-text-editor\" data-id=\"80fc5ab\" data-element_type=\"widget\" data-widget_type=\"text-editor.default\">\n\t\t\t\t<div class=\"elementor-widget-container\">\n\t\t\t\t\t\t\t\t\t<p><strong>du 26 au 30 mars 2025<\/strong><\/p><p>Abbaye de Valsaintes &#8211; Alpes de Haute-Provence<\/p><p>Cette ann\u00e9e encore nous aurons la chance de nous rassembler \u00e0 l&rsquo;Abbaye de Valsaintes dans les Alpes de Haute-Provence. Valentina Duna sera en coanimation avec Rafaelia Carlier facilitatrice en Circlesongs.<\/p><p><b>L&rsquo;intention :<\/b><\/p><p>Pendant cette immersion, l&rsquo;invitation est d&rsquo;explorer notre voix comme un instrument de musique \u00e0 part enti\u00e8re, un instrument concret, vivant, ancr\u00e9. En utilisant l&rsquo;improvisation vocale collective, il s&rsquo;agit de jouer de la musique, litt\u00e9ralement, en osant sa voix, en d\u00e9veloppant sa cr\u00e9ativit\u00e9 et en s&rsquo;engageant dans la co-cr\u00e9ation musicale. Avec fun, tant qu&rsquo;\u00e0 faire.<br \/>Si vous avez une profession qui n\u00e9cessite et valorise la voix, la communication et\/ou le chant, cette immersion va vous accompagner vers plus de l\u00e9gitimit\u00e9 et confiance pour oser et lib\u00e9rer votre voix.<\/p><p>En yoga du son, Vous aurez l&rsquo;opportunit\u00e9 de faire vibrer votre voix m\u00e9decine et sacr\u00e9e par la voie de la pri\u00e8re en accordant votre corps instrument et en soignant l&rsquo;espace au travers duquel vous allez chanter avec Valentina Duna (set and setting).<\/p><p>Cette immersion vous offrira un espace de gu\u00e9rison et de lib\u00e9ration de la voix. Cultiver l&rsquo;\u00e9coute et parler en cercle. Dire sa v\u00e9rit\u00e9, la chanter, et glisser vers le Myst\u00e8re en confiance&#8230;<\/p><p>Cette odyss\u00e9e vocale se tissera avec l\u00e9g\u00e8ret\u00e9, dans une vision inclusive de la musique o\u00f9 l&rsquo;exp\u00e9rience est le ma\u00eetre.<\/p><p>Immersion ouverte \u00e0 toutes personnes curieuses et en chemin. Quelque soit votre intention et votre motivation, vous \u00eates bienvenus.es.<\/p><p><b>\u00c0 propos des Circlesongs et de l&rsquo;improvisation collective :<\/b><\/p><p>Popularis\u00e9es par Bobby Mc Ferrin, les circlesongs sont des chants collectifs spontan\u00e9s men\u00e9s par une personne au centre du cercle. Celle-ci improvise des parties chant\u00e9es en boucle qu\u2019elle transmet \u00e0 diff\u00e9rentes parties du groupe. Ainsi se cr\u00e9ent des chants polyphoniques o\u00f9 se d\u00e9veloppent l\u2019\u00e9coute, la pr\u00e9cision, la coh\u00e9sion et le confort n\u00e9s de la r\u00e9p\u00e9tition.<\/p><p>Les circlesongs et plus largement la co-improvisation cr\u00e9ent de formidables espaces o\u00f9 on se laisse surprendre par ce dont on est capable chacun.e et tou.te.s ensemble. Elles r\u00e9unissent l&rsquo;expression individuelle et la cr\u00e9ation collective. Et comme on apprend aussi en jouant, dans la foul\u00e9e on y prend go\u00fbt. Puissant activateur de lien \u00e0 soi, aux autres et \u00e0 son environnement&#8230;<\/p>\t\t\t\t\t\t\t\t<\/div>\n\t\t\t\t<\/div>\n\t\t\t\t<div class=\"elementor-element elementor-element-b128dd6 elementor-widget elementor-widget-heading\" data-id=\"b128dd6\" data-element_type=\"widget\" data-widget_type=\"heading.default\">\n\t\t\t\t<div class=\"elementor-widget-container\">\n\t\t\t\t\t<h2 class=\"elementor-heading-title elementor-size-default\"><br>\u00c0 propos de Rapha\u00eble :&nbsp;<\/h2>\t\t\t\t<\/div>\n\t\t\t\t<\/div>\n\t\t\t\t<div class=\"elementor-element elementor-element-432ae42 elementor-widget elementor-widget-image\" data-id=\"432ae42\" data-element_type=\"widget\" data-widget_type=\"image.default\">\n\t\t\t\t<div class=\"elementor-widget-container\">\n\t\t\t\t\t\t\t\t\t\t\t\t<figure class=\"wp-caption\">\n\t\t\t\t\t\t\t\t\t\t<img fetchpriority=\"high\" decoding=\"async\" width=\"1440\" height=\"1440\" src=\"https:\/\/valentinaduna.com\/wp-content\/uploads\/2025\/01\/PHOTO-2025-01-02-12-37-05.jpg\" class=\"attachment-full size-full wp-image-6654\" alt=\"\" srcset=\"https:\/\/valentinaduna.com\/wp-content\/uploads\/2025\/01\/PHOTO-2025-01-02-12-37-05.jpg 1440w, https:\/\/valentinaduna.com\/wp-content\/uploads\/2025\/01\/PHOTO-2025-01-02-12-37-05-300x300.jpg 300w, https:\/\/valentinaduna.com\/wp-content\/uploads\/2025\/01\/PHOTO-2025-01-02-12-37-05-1024x1024.jpg 1024w, https:\/\/valentinaduna.com\/wp-content\/uploads\/2025\/01\/PHOTO-2025-01-02-12-37-05-150x150.jpg 150w, https:\/\/valentinaduna.com\/wp-content\/uploads\/2025\/01\/PHOTO-2025-01-02-12-37-05-768x768.jpg 768w, https:\/\/valentinaduna.com\/wp-content\/uploads\/2025\/01\/PHOTO-2025-01-02-12-37-05-640x640.jpg 640w, https:\/\/valentinaduna.com\/wp-content\/uploads\/2025\/01\/PHOTO-2025-01-02-12-37-05-50x50.jpg 50w, https:\/\/valentinaduna.com\/wp-content\/uploads\/2025\/01\/PHOTO-2025-01-02-12-37-05-1320x1320.jpg 1320w, https:\/\/valentinaduna.com\/wp-content\/uploads\/2025\/01\/PHOTO-2025-01-02-12-37-05-600x600.jpg 600w, https:\/\/valentinaduna.com\/wp-content\/uploads\/2025\/01\/PHOTO-2025-01-02-12-37-05-100x100.jpg 100w\" sizes=\"(max-width: 1440px) 100vw, 1440px\" \/>\t\t\t\t\t\t\t\t\t\t\t<figcaption class=\"widget-image-caption wp-caption-text\">Rapha\u00eble est versatile. Touche-\u00e0-tout plastique, elle cr\u00e9e des objets et des \u0153uvres avec un go\u00fbt prononc\u00e9 pour le recyclage. C\u00f4t\u00e9 musique, elle explore la voix comme instrument universel, ludique et sain, que nous poss\u00e9dons tous et toutes.<\/figcaption>\n\t\t\t\t\t\t\t\t\t\t<\/figure>\n\t\t\t\t\t\t\t\t\t<\/div>\n\t\t\t\t<\/div>\n\t\t\t\t<div class=\"elementor-element elementor-element-aa6ad27 elementor-widget elementor-widget-text-editor\" data-id=\"aa6ad27\" data-element_type=\"widget\" data-widget_type=\"text-editor.default\">\n\t\t\t\t<div class=\"elementor-widget-container\">\n\t\t\t\t\t\t\t\t\t<p>\u00a0<\/p><p><b>Explorations :<\/b><\/p><ul><li>Atterrir et sentir<\/li><li>Exploration du Souffle<\/li><li>L&rsquo;appareil vocal, ses vibrations et ses r\u00e9sonances<\/li><li>Body music, voix, corps et rythme<\/li><li>Circlesongs<\/li><li>Hymne au collectif<\/li><li>Yoga du son<\/li><li>Chants m\u00e9decines avec roue de m\u00e9decine mexica<\/li><li>Ateliers de cr\u00e9ations artistiques<\/li><li>Impro dans la chapelle<\/li><li>Promenades sensorielles<\/li><li>\u00c9coute, Silence<\/li><li>Organic flow matinal<\/li><li>Yin yoga et relaxation<\/li><li>M\u00e9ditation de l&rsquo;Alba<\/li><\/ul><p><b>\u00a0<\/b><\/p><p><b>Divine Time :<\/b><\/p><p><u>Mercredi<\/u><\/p><ul><li>15h-16h Arriv\u00e9e\/installation<\/li><li>17h-19h Opening Circle \/ Yin yoga et voix<\/li><li>19h Joli d\u00eener<\/li><\/ul><div><p><u>\u00a0<\/u><\/p><p><u>Jeudi-vendredi-samedi<\/u><\/p><\/div><ul><li>7h30 concert de silence (optionnel)<\/li><li>8h-9h m\u00e9ditation &#8211; organic flow &#8211; Pranayamas<\/li><li>9h Nuts &amp; tea break<\/li><li>9h30-11h30 Atelier voix<\/li><li>11h30 Brunch<\/li><li>14h30-17h30 Atelier voix et cr\u00e9as<\/li><li>\u00a0<\/li><li>17h30 Nuts &amp; tea break<\/li><li>18h-19h Yin yoga &amp; s\u00e1vasana lullaby<\/li><li>19h30 D\u00eener<\/li><\/ul><div>\u00a0<\/div><div><div><p><u>Dimanche<\/u><\/p><\/div><\/div><ul><li>9h Closing Circle &#8211; Union circlesongs<\/li><li>11h Brunch &#8211; Kiss&amp;fly<\/li><\/ul><p><b>\u00a0<\/b><\/p><p><b>Tarifs :<\/b><\/p><p><u>P\u00e9dagogie \u00e0 2 voix :<\/u><\/p><p><span style=\"font-family: var( --e-global-typography-text-font-family ), Sans-serif; font-weight: var( --e-global-typography-text-font-weight );\">\u00a0 \u00a0 \u00a0 \u00a0 \u00a0 \u00a0 \u00a0 \u00a0 \u00a0 \u00a0 \u00a0 \u00a0 \u00a0 \u00a0 \u00a0 \u00a0 \u00a0 \u00a0 \u00a0<strong>380 euros<\/strong><\/span><\/p><p>&gt;&gt;&gt;&gt;&gt;&gt;&gt;&gt;&gt;&gt;&gt;&gt;&gt;&gt;&gt;&gt;&gt;&gt;petit budget me contacter<\/p><div>\u00a0<\/div><p><u>H\u00e9bergement en pension compl\u00e8te (repas organic et veggie) 5 jours\/4 nuit\u00e9es :<\/u><\/p><ul><li><span style=\"font-size: large;\">Dortoirs avec toilette\/douche partag\u00e9es : 332.2\u20ac\u00a0<\/span><\/li><\/ul><div class=\"gmail_default\"><ul><li><span style=\"font-size: large;\">Chambre double avec toilette\/douche partag\u00e9es : 380.2\u20ac<\/span><\/li><li><span style=\"font-size: large;\">Chambre double avec toilette<\/span>\/douche\u00a0priv\u00e9es : 420.2\u20ac<\/li><li><span style=\"font-size: large;\">Chambre individuelle avec toilette\/douche partag\u00e9es : 460.2\u20ac\u00a0<\/span><\/li><li><span style=\"font-size: large;\">Chambre individuelle avec toilette\/douche priv\u00e9es : 500.2\u20ac janvier<\/span><span style=\"font-size: large;\">\u00a0<\/span><\/li><\/ul><\/div>\t\t\t\t\t\t\t\t<\/div>\n\t\t\t\t<\/div>\n\t\t\t\t\t<\/div>\n\t\t<\/div>\n\t\t\t\t\t<\/div>\n\t\t<\/section>\n\t\t\t\t<section class=\"elementor-section elementor-top-section elementor-element elementor-element-76d2910 elementor-section-boxed elementor-section-height-default elementor-section-height-default\" data-id=\"76d2910\" data-element_type=\"section\">\n\t\t\t\t\t\t<div class=\"elementor-container elementor-column-gap-default\">\n\t\t\t\t\t<div class=\"elementor-column elementor-col-100 elementor-top-column elementor-element elementor-element-bb44d51\" data-id=\"bb44d51\" data-element_type=\"column\">\n\t\t\t<div class=\"elementor-widget-wrap elementor-element-populated\">\n\t\t\t\t\t\t<div class=\"elementor-element elementor-element-58a630d elementor-align-center elementor-widget elementor-widget-button\" data-id=\"58a630d\" data-element_type=\"widget\" data-widget_type=\"button.default\">\n\t\t\t\t<div class=\"elementor-widget-container\">\n\t\t\t\t\t\t\t\t\t<div class=\"elementor-button-wrapper\">\n\t\t\t\t\t<a class=\"elementor-button elementor-button-link elementor-size-sm elementor-animation-shrink\" href=\"https:\/\/valentinaduna.com\/?page_id=6010\">\n\t\t\t\t\t\t<span class=\"elementor-button-content-wrapper\">\n\t\t\t\t\t\t\t\t\t<span class=\"elementor-button-text\">S'inscrire<\/span>\n\t\t\t\t\t<\/span>\n\t\t\t\t\t<\/a>\n\t\t\t\t<\/div>\n\t\t\t\t\t\t\t\t<\/div>\n\t\t\t\t<\/div>\n\t\t\t\t\t<\/div>\n\t\t<\/div>\n\t\t\t\t\t<\/div>\n\t\t<\/section>\n\t\t\t\t<\/div>\n\t\t","protected":false},"excerpt":{"rendered":"<p>SHANK\u00c4 Immersion Formativeyoga du son circlesongs Shank\u00e4 est une immersion unique, une exploration du myst\u00e8re de la voix. Prochaine date Shank\u00e4 du 26 au 30 mars 2025 Abbaye de Valsaintes &#8211; Alpes de Haute-Provence Cette ann\u00e9e encore nous aurons la chance de nous rassembler \u00e0 l&rsquo;Abbaye de Valsaintes dans les Alpes de Haute-Provence. Valentina Duna [&hellip;]<\/p>\n","protected":false},"author":1,"featured_media":273,"parent":0,"menu_order":0,"comment_status":"closed","ping_status":"closed","template":"elementor_header_footer","meta":{"footnotes":""},"class_list":["post-2545","page","type-page","status-publish","has-post-thumbnail","hentry"],"yoast_head":"<!-- This site is optimized with the Yoast SEO plugin v26.7 - https:\/\/yoast.com\/wordpress\/plugins\/seo\/ -->\n<title>SHANK\u00c4 \/\/ Immersion Formative - Here &amp; now<\/title>\n<meta name=\"robots\" content=\"index, follow, max-snippet:-1, max-image-preview:large, max-video-preview:-1\" \/>\n<link rel=\"canonical\" href=\"https:\/\/valentinaduna.com\/?page_id=2545\" \/>\n<meta property=\"og:locale\" content=\"fr_FR\" \/>\n<meta property=\"og:type\" content=\"article\" \/>\n<meta property=\"og:title\" content=\"SHANK\u00c4 \/\/ Immersion Formative - Here &amp; now\" \/>\n<meta property=\"og:description\" content=\"SHANK\u00c4 Immersion Formativeyoga du son circlesongs Shank\u00e4 est une immersion unique, une exploration du myst\u00e8re de la voix. Prochaine date Shank\u00e4 du 26 au 30 mars 2025 Abbaye de Valsaintes &#8211; Alpes de Haute-Provence Cette ann\u00e9e encore nous aurons la chance de nous rassembler \u00e0 l&rsquo;Abbaye de Valsaintes dans les Alpes de Haute-Provence. Valentina Duna [&hellip;]\" \/>\n<meta property=\"og:url\" content=\"https:\/\/valentinaduna.com\/?page_id=2545\" \/>\n<meta property=\"og:site_name\" content=\"Here &amp; now\" \/>\n<meta property=\"article:modified_time\" content=\"2025-03-11T15:04:17+00:00\" \/>\n<meta property=\"og:image\" content=\"https:\/\/valentinaduna.com\/wp-content\/uploads\/2019\/01\/yoga-du-son.png\" \/>\n\t<meta property=\"og:image:width\" content=\"800\" \/>\n\t<meta property=\"og:image:height\" content=\"533\" \/>\n\t<meta property=\"og:image:type\" content=\"image\/png\" \/>\n<meta name=\"twitter:card\" content=\"summary_large_image\" \/>\n<meta name=\"twitter:label1\" content=\"Dur\u00e9e de lecture estim\u00e9e\" \/>\n\t<meta name=\"twitter:data1\" content=\"4 minutes\" \/>\n<script type=\"application\/ld+json\" class=\"yoast-schema-graph\">{\"@context\":\"https:\/\/schema.org\",\"@graph\":[{\"@type\":\"WebPage\",\"@id\":\"https:\/\/valentinaduna.com\/?page_id=2545\",\"url\":\"https:\/\/valentinaduna.com\/?page_id=2545\",\"name\":\"SHANK\u00c4 \/\/ Immersion Formative - Here &amp; now\",\"isPartOf\":{\"@id\":\"https:\/\/valentinaduna.com\/#website\"},\"primaryImageOfPage\":{\"@id\":\"https:\/\/valentinaduna.com\/?page_id=2545#primaryimage\"},\"image\":{\"@id\":\"https:\/\/valentinaduna.com\/?page_id=2545#primaryimage\"},\"thumbnailUrl\":\"https:\/\/valentinaduna.com\/wp-content\/uploads\/2019\/01\/yoga-du-son.png\",\"datePublished\":\"2023-02-01T19:19:37+00:00\",\"dateModified\":\"2025-03-11T15:04:17+00:00\",\"breadcrumb\":{\"@id\":\"https:\/\/valentinaduna.com\/?page_id=2545#breadcrumb\"},\"inLanguage\":\"fr-FR\",\"potentialAction\":[{\"@type\":\"ReadAction\",\"target\":[\"https:\/\/valentinaduna.com\/?page_id=2545\"]}]},{\"@type\":\"ImageObject\",\"inLanguage\":\"fr-FR\",\"@id\":\"https:\/\/valentinaduna.com\/?page_id=2545#primaryimage\",\"url\":\"https:\/\/valentinaduna.com\/wp-content\/uploads\/2019\/01\/yoga-du-son.png\",\"contentUrl\":\"https:\/\/valentinaduna.com\/wp-content\/uploads\/2019\/01\/yoga-du-son.png\",\"width\":800,\"height\":533,\"caption\":\"valentina duna yoga avignon\"},{\"@type\":\"BreadcrumbList\",\"@id\":\"https:\/\/valentinaduna.com\/?page_id=2545#breadcrumb\",\"itemListElement\":[{\"@type\":\"ListItem\",\"position\":1,\"name\":\"Accueil\",\"item\":\"https:\/\/valentinaduna.com\/\"},{\"@type\":\"ListItem\",\"position\":2,\"name\":\"SHANK\u00c4 \/\/ Immersion Formative\"}]},{\"@type\":\"WebSite\",\"@id\":\"https:\/\/valentinaduna.com\/#website\",\"url\":\"https:\/\/valentinaduna.com\/\",\"name\":\"Here &amp; now\",\"description\":\"Valentina Duna \u2022 World Wild Yogini \u00e0 plumes\",\"potentialAction\":[{\"@type\":\"SearchAction\",\"target\":{\"@type\":\"EntryPoint\",\"urlTemplate\":\"https:\/\/valentinaduna.com\/?s={search_term_string}\"},\"query-input\":{\"@type\":\"PropertyValueSpecification\",\"valueRequired\":true,\"valueName\":\"search_term_string\"}}],\"inLanguage\":\"fr-FR\"}]}<\/script>\n<!-- \/ Yoast SEO plugin. -->","yoast_head_json":{"title":"SHANK\u00c4 \/\/ Immersion Formative - Here &amp; now","robots":{"index":"index","follow":"follow","max-snippet":"max-snippet:-1","max-image-preview":"max-image-preview:large","max-video-preview":"max-video-preview:-1"},"canonical":"https:\/\/valentinaduna.com\/?page_id=2545","og_locale":"fr_FR","og_type":"article","og_title":"SHANK\u00c4 \/\/ Immersion Formative - Here &amp; now","og_description":"SHANK\u00c4 Immersion Formativeyoga du son circlesongs Shank\u00e4 est une immersion unique, une exploration du myst\u00e8re de la voix. Prochaine date Shank\u00e4 du 26 au 30 mars 2025 Abbaye de Valsaintes &#8211; Alpes de Haute-Provence Cette ann\u00e9e encore nous aurons la chance de nous rassembler \u00e0 l&rsquo;Abbaye de Valsaintes dans les Alpes de Haute-Provence. Valentina Duna [&hellip;]","og_url":"https:\/\/valentinaduna.com\/?page_id=2545","og_site_name":"Here &amp; now","article_modified_time":"2025-03-11T15:04:17+00:00","og_image":[{"width":800,"height":533,"url":"https:\/\/valentinaduna.com\/wp-content\/uploads\/2019\/01\/yoga-du-son.png","type":"image\/png"}],"twitter_card":"summary_large_image","twitter_misc":{"Dur\u00e9e de lecture estim\u00e9e":"4 minutes"},"schema":{"@context":"https:\/\/schema.org","@graph":[{"@type":"WebPage","@id":"https:\/\/valentinaduna.com\/?page_id=2545","url":"https:\/\/valentinaduna.com\/?page_id=2545","name":"SHANK\u00c4 \/\/ Immersion Formative - Here &amp; now","isPartOf":{"@id":"https:\/\/valentinaduna.com\/#website"},"primaryImageOfPage":{"@id":"https:\/\/valentinaduna.com\/?page_id=2545#primaryimage"},"image":{"@id":"https:\/\/valentinaduna.com\/?page_id=2545#primaryimage"},"thumbnailUrl":"https:\/\/valentinaduna.com\/wp-content\/uploads\/2019\/01\/yoga-du-son.png","datePublished":"2023-02-01T19:19:37+00:00","dateModified":"2025-03-11T15:04:17+00:00","breadcrumb":{"@id":"https:\/\/valentinaduna.com\/?page_id=2545#breadcrumb"},"inLanguage":"fr-FR","potentialAction":[{"@type":"ReadAction","target":["https:\/\/valentinaduna.com\/?page_id=2545"]}]},{"@type":"ImageObject","inLanguage":"fr-FR","@id":"https:\/\/valentinaduna.com\/?page_id=2545#primaryimage","url":"https:\/\/valentinaduna.com\/wp-content\/uploads\/2019\/01\/yoga-du-son.png","contentUrl":"https:\/\/valentinaduna.com\/wp-content\/uploads\/2019\/01\/yoga-du-son.png","width":800,"height":533,"caption":"valentina duna yoga avignon"},{"@type":"BreadcrumbList","@id":"https:\/\/valentinaduna.com\/?page_id=2545#breadcrumb","itemListElement":[{"@type":"ListItem","position":1,"name":"Accueil","item":"https:\/\/valentinaduna.com\/"},{"@type":"ListItem","position":2,"name":"SHANK\u00c4 \/\/ Immersion Formative"}]},{"@type":"WebSite","@id":"https:\/\/valentinaduna.com\/#website","url":"https:\/\/valentinaduna.com\/","name":"Here &amp; now","description":"Valentina Duna \u2022 World Wild Yogini \u00e0 plumes","potentialAction":[{"@type":"SearchAction","target":{"@type":"EntryPoint","urlTemplate":"https:\/\/valentinaduna.com\/?s={search_term_string}"},"query-input":{"@type":"PropertyValueSpecification","valueRequired":true,"valueName":"search_term_string"}}],"inLanguage":"fr-FR"}]}},"_links":{"self":[{"href":"https:\/\/valentinaduna.com\/index.php?rest_route=\/wp\/v2\/pages\/2545","targetHints":{"allow":["GET"]}}],"collection":[{"href":"https:\/\/valentinaduna.com\/index.php?rest_route=\/wp\/v2\/pages"}],"about":[{"href":"https:\/\/valentinaduna.com\/index.php?rest_route=\/wp\/v2\/types\/page"}],"author":[{"embeddable":true,"href":"https:\/\/valentinaduna.com\/index.php?rest_route=\/wp\/v2\/users\/1"}],"replies":[{"embeddable":true,"href":"https:\/\/valentinaduna.com\/index.php?rest_route=%2Fwp%2Fv2%2Fcomments&post=2545"}],"version-history":[{"count":181,"href":"https:\/\/valentinaduna.com\/index.php?rest_route=\/wp\/v2\/pages\/2545\/revisions"}],"predecessor-version":[{"id":6669,"href":"https:\/\/valentinaduna.com\/index.php?rest_route=\/wp\/v2\/pages\/2545\/revisions\/6669"}],"wp:featuredmedia":[{"embeddable":true,"href":"https:\/\/valentinaduna.com\/index.php?rest_route=\/wp\/v2\/media\/273"}],"wp:attachment":[{"href":"https:\/\/valentinaduna.com\/index.php?rest_route=%2Fwp%2Fv2%2Fmedia&parent=2545"}],"curies":[{"name":"wp","href":"https:\/\/api.w.org\/{rel}","templated":true}]}}