{"id":403,"date":"2019-02-04T11:36:46","date_gmt":"2019-02-04T10:36:46","guid":{"rendered":"http:\/\/valentinaduna.com\/?page_id=403"},"modified":"2025-09-17T16:29:39","modified_gmt":"2025-09-17T14:29:39","slug":"immersions","status":"publish","type":"page","link":"https:\/\/valentinaduna.com\/?page_id=403","title":{"rendered":"Immersion Initiatique"},"content":{"rendered":"\t\t<div data-elementor-type=\"wp-post\" data-elementor-id=\"403\" class=\"elementor elementor-403\">\n\t\t\t\t\t\t<section class=\"elementor-section elementor-top-section elementor-element elementor-element-7b3db33 elementor-section-boxed elementor-section-height-default elementor-section-height-default\" data-id=\"7b3db33\" data-element_type=\"section\" data-settings=\"{&quot;background_background&quot;:&quot;classic&quot;}\">\n\t\t\t\t\t\t\t<div class=\"elementor-background-overlay\"><\/div>\n\t\t\t\t\t\t\t<div class=\"elementor-container elementor-column-gap-default\">\n\t\t\t\t\t<div class=\"elementor-column elementor-col-100 elementor-top-column elementor-element elementor-element-bdf3c05\" data-id=\"bdf3c05\" data-element_type=\"column\">\n\t\t\t<div class=\"elementor-widget-wrap elementor-element-populated\">\n\t\t\t\t\t\t<div class=\"elementor-element elementor-element-9865fda elementor-widget elementor-widget-spacer\" data-id=\"9865fda\" data-element_type=\"widget\" data-widget_type=\"spacer.default\">\n\t\t\t\t<div class=\"elementor-widget-container\">\n\t\t\t\t\t\t\t<div class=\"elementor-spacer\">\n\t\t\t<div class=\"elementor-spacer-inner\"><\/div>\n\t\t<\/div>\n\t\t\t\t\t\t<\/div>\n\t\t\t\t<\/div>\n\t\t\t\t<div class=\"elementor-element elementor-element-0421117 elementor-widget elementor-widget-heading\" data-id=\"0421117\" data-element_type=\"widget\" data-widget_type=\"heading.default\">\n\t\t\t\t<div class=\"elementor-widget-container\">\n\t\t\t\t\t<h2 class=\"elementor-heading-title elementor-size-default\">Immersion Initiatique<\/h2>\t\t\t\t<\/div>\n\t\t\t\t<\/div>\n\t\t\t\t<div class=\"elementor-element elementor-element-5036fc0 elementor-widget elementor-widget-spacer\" data-id=\"5036fc0\" data-element_type=\"widget\" data-widget_type=\"spacer.default\">\n\t\t\t\t<div class=\"elementor-widget-container\">\n\t\t\t\t\t\t\t<div class=\"elementor-spacer\">\n\t\t\t<div class=\"elementor-spacer-inner\"><\/div>\n\t\t<\/div>\n\t\t\t\t\t\t<\/div>\n\t\t\t\t<\/div>\n\t\t\t\t\t<\/div>\n\t\t<\/div>\n\t\t\t\t\t<\/div>\n\t\t<\/section>\n\t\t\t\t<section class=\"elementor-section elementor-top-section elementor-element elementor-element-01c8d92 elementor-section-boxed elementor-section-height-default elementor-section-height-default\" data-id=\"01c8d92\" data-element_type=\"section\">\n\t\t\t\t\t\t<div class=\"elementor-container elementor-column-gap-default\">\n\t\t\t\t\t<div class=\"elementor-column elementor-col-100 elementor-top-column elementor-element elementor-element-3dcfbdb\" data-id=\"3dcfbdb\" data-element_type=\"column\">\n\t\t\t<div class=\"elementor-widget-wrap elementor-element-populated\">\n\t\t\t\t\t\t<div class=\"elementor-element elementor-element-c307c19 elementor-widget elementor-widget-text-editor\" data-id=\"c307c19\" data-element_type=\"widget\" data-widget_type=\"text-editor.default\">\n\t\t\t\t<div class=\"elementor-widget-container\">\n\t\t\t\t\t\t\t\t\t<p>L\u2019immersion initiatique est une capsule atemporelle o\u00f9 le \u00ab Je \u00bb peut s\u2019abandonner au travers d\u2019un processus tout autant surprenant que merveilleux, magique et confrontant.\u00a0<\/p>\t\t\t\t\t\t\t\t<\/div>\n\t\t\t\t<\/div>\n\t\t\t\t<div class=\"elementor-element elementor-element-6fc2d59 elementor-widget elementor-widget-text-editor\" data-id=\"6fc2d59\" data-element_type=\"widget\" data-widget_type=\"text-editor.default\">\n\t\t\t\t<div class=\"elementor-widget-container\">\n\t\t\t\t\t\t\t\t\t<p>Il explore ainsi son \u00ab chant \u00bb des possibles dans un cadre s\u00e9cure et bienveillant pour y rencontrer la conscience du Soi. De nombreuses propositions se font en Nature port\u00e9es par une dimension chamanique.\u00a0<\/p>\n<p>Ouverts \u00e0 tous \u00e9l\u00e8ves initi\u00e9s ayant une pratique de yoga r\u00e9guli\u00e8re depuis un an minimum.\u00a0<\/p>\t\t\t\t\t\t\t\t<\/div>\n\t\t\t\t<\/div>\n\t\t\t\t\t<\/div>\n\t\t<\/div>\n\t\t\t\t\t<\/div>\n\t\t<\/section>\n\t\t\t\t<section class=\"elementor-section elementor-top-section elementor-element elementor-element-87d8aad elementor-section-boxed elementor-section-height-default elementor-section-height-default\" data-id=\"87d8aad\" data-element_type=\"section\">\n\t\t\t\t\t\t<div class=\"elementor-container elementor-column-gap-default\">\n\t\t\t\t\t<div class=\"elementor-column elementor-col-100 elementor-top-column elementor-element elementor-element-f17b760\" data-id=\"f17b760\" data-element_type=\"column\">\n\t\t\t<div class=\"elementor-widget-wrap elementor-element-populated\">\n\t\t\t\t\t\t<div class=\"elementor-element elementor-element-2855b70 elementor-widget elementor-widget-heading\" data-id=\"2855b70\" data-element_type=\"widget\" data-widget_type=\"heading.default\">\n\t\t\t\t<div class=\"elementor-widget-container\">\n\t\t\t\t\t<h2 class=\"elementor-heading-title elementor-size-default\">Prochaine date<\/h2>\t\t\t\t<\/div>\n\t\t\t\t<\/div>\n\t\t\t\t<div class=\"elementor-element elementor-element-a14eaed elementor-widget elementor-widget-heading\" data-id=\"a14eaed\" data-element_type=\"widget\" data-widget_type=\"heading.default\">\n\t\t\t\t<div class=\"elementor-widget-container\">\n\t\t\t\t\t<h2 class=\"elementor-heading-title elementor-size-default\">Kok\u00f6on<br>du ciel \u00e0 la terre<br>du 8 au 11 novembre 25<\/h2>\t\t\t\t<\/div>\n\t\t\t\t<\/div>\n\t\t\t\t<div class=\"elementor-element elementor-element-95205cd elementor-widget elementor-widget-text-editor\" data-id=\"95205cd\" data-element_type=\"widget\" data-widget_type=\"text-editor.default\">\n\t\t\t\t<div class=\"elementor-widget-container\">\n\t\t\t\t\t\t\t\t\t<p>unique et mystique<\/p><p><b>L&rsquo;intention :<\/b><\/p><p>Tisser son cocon pour s&rsquo;y abandonner en paix<\/p><p>Je vous invite \u00e0 un voyage initiatique et ressour\u00e7ant en Terre de Soi, en qu\u00eate des espaces de l&rsquo;ombre et du silence&#8230; Visiter le Sanctuaire de l&rsquo;\u00e2me dans le repos et l&rsquo;accueil. Y cueillir ces ressources nouvelles pour rena\u00eetre \u00e0 notre nouvelle conscience. Je serai accompagn\u00e9e d&rsquo;une tr\u00e8s belle amie, M\u00e9lanie Lo, tisseuse de gestes, de liens et de joie, qui nous initiera au tha\u00ef touch et nous parlera de sa vision du soin au travers des \u00ab\u00a0Mains du Coeur\u00a0\u00bb nom de son Association parisienne au service de la sororit\u00e9 et du soin pour les femmes victimes de violence.\u00a0<\/p>\t\t\t\t\t\t\t\t<\/div>\n\t\t\t\t<\/div>\n\t\t\t\t<div class=\"elementor-element elementor-element-036da71 elementor-widget elementor-widget-heading\" data-id=\"036da71\" data-element_type=\"widget\" data-widget_type=\"heading.default\">\n\t\t\t\t<div class=\"elementor-widget-container\">\n\t\t\t\t\t<h2 class=\"elementor-heading-title elementor-size-default\">A propos de M\u00e9lanie Lo :<br><\/h2>\t\t\t\t<\/div>\n\t\t\t\t<\/div>\n\t\t\t\t<div class=\"elementor-element elementor-element-e8a5408 elementor-widget elementor-widget-image\" data-id=\"e8a5408\" data-element_type=\"widget\" data-widget_type=\"image.default\">\n\t\t\t\t<div class=\"elementor-widget-container\">\n\t\t\t\t\t\t\t\t\t\t\t\t\t\t\t<img fetchpriority=\"high\" decoding=\"async\" width=\"585\" height=\"1024\" src=\"https:\/\/valentinaduna.com\/wp-content\/uploads\/2025\/06\/IMG_0565-585x1024.jpg\" class=\"attachment-large size-large wp-image-6685\" alt=\"\" srcset=\"https:\/\/valentinaduna.com\/wp-content\/uploads\/2025\/06\/IMG_0565-585x1024.jpg 585w, https:\/\/valentinaduna.com\/wp-content\/uploads\/2025\/06\/IMG_0565-171x300.jpg 171w, https:\/\/valentinaduna.com\/wp-content\/uploads\/2025\/06\/IMG_0565-100x175.jpg 100w, https:\/\/valentinaduna.com\/wp-content\/uploads\/2025\/06\/IMG_0565-600x1050.jpg 600w, https:\/\/valentinaduna.com\/wp-content\/uploads\/2025\/06\/IMG_0565.jpg 668w\" sizes=\"(max-width: 585px) 100vw, 585px\" \/>\t\t\t\t\t\t\t\t\t\t\t\t\t\t\t<\/div>\n\t\t\t\t<\/div>\n\t\t\t\t<div class=\"elementor-element elementor-element-b66da3c elementor-widget__width-initial elementor-widget elementor-widget-text-editor\" data-id=\"b66da3c\" data-element_type=\"widget\" data-widget_type=\"text-editor.default\">\n\t\t\t\t<div class=\"elementor-widget-container\">\n\t\t\t\t\t\t\t\t\t<p class=\"font_8 wixui-rich-text__text\">Parfois, ce n\u2019est pas une pratique que l\u2019on choisit, c\u2019est elle qui nous sauve.<\/p><p class=\"font_8 wixui-rich-text__text\">Le massage, le yoga et l\u2019acroyoga m\u2019ont offert bien plus qu\u2019une voie professionnelle : ils m\u2019ont offert un chemin de r\u00e9silience, de transformation et de renaissance. Ces pratiques m\u2019ont aid\u00e9e \u00e0 gu\u00e9rir, \u00e0 m\u2019aimer, \u00e0 me relever. \u00c0 retrouver confiance en mon corps et en la vie, malgr\u00e9 les temp\u00eates.<\/p><p><strong>Rejoignez-nous<\/strong> pour 4 jours immersifs et initiatiques pour c\u00e9l\u00e9brer l&rsquo;Abandon, une ode au repos.<\/p><p>Effeuillage d\u00e9licat de nos peaux abim\u00e9s, accueillir la caresse subtile des \u00e9l\u00e9ments et se laisser envelopper de nouvelles fibres fra\u00eeches et claires pour se glisser dans son cocon hivernale&#8230; Et, se pr\u00e9parer \u00e0 traverser la longue nuit \u00e9toil\u00e9e en paix.\u00a0<\/p><p>Nous \u00e9voluerons d&rsquo;un rituel \u00e0 un autre dans la joie et la cr\u00e9ativit\u00e9, dans le souffle et le repos, dans l&rsquo;effort et l&rsquo;inconfort, dans le froid et le chaud et dans l&rsquo;amour toujours&#8230;<\/p><p><b>Explorations :<\/b><\/p><ul><li>Sweet flow solar<\/li><li>Slow flow yin<\/li><li>Tha\u00ef-touch\u00a0<\/li><li>Acroyoga lunar flow<\/li><li>Yoga du son<\/li><li>Circlesongs<\/li><li>Hutte de sudation<\/li><li>Water &amp; Fire Blessing<\/li><li>Rituel Cacao y Paz<\/li><li>Cercle de Parole<\/li><li>Nectar m\u00e9ditatif<\/li><li>Savasana Lullaby<\/li><\/ul><p><b>Tarifs pour les enseignements :<\/b><\/p><ul><li>Guidance et enseignement \u00e0 2 voix : <b>3 tarifs selon vos revenus <\/b><\/li><li><b>280 euros (tarif solidaire)<\/b><\/li><li><b>350 euros (tarif propos\u00e9)<\/b><\/li><li><b>400 euros (tarif soutien<\/b><b>)<\/b><\/li><li>h\u00e9bergement dans jolie cabane en bois chauff\u00e9e au bois et repas vegan (brunch diner collation) : <strong>320 euros<\/strong><\/li><li>adh\u00e9sion association Mikinac <strong>20 euros<\/strong><\/li><\/ul><p>\u00a0* Nous sommes souples pour des facilit\u00e9s de paiement selon votre budget. Contactez-nous par mail.\u00a0<\/p><p>Notre maison sera<span style=\"color: #0000ff;\"> <a style=\"color: #0000ff;\" href=\"https:\/\/mikinac.fr\">Mikinac<\/a> <\/span>un \u00e9co lieu 100 % autonome en eau et \u00e9lectricit\u00e9, fond\u00e9 dans le respect des lois sacr\u00e9es universelles, situ\u00e9 dans la Dr\u00f4me. Vous serez en cabanes en bois partag\u00e9es. Les repas seront vegans et vivants pr\u00e9par\u00e9s par la merveilleuse F\u00e9e Ilona.<\/p><h6><span style=\"font-family: verdana, sans-serif;\"><span style=\"caret-color: #222222;\">R\u00e8gle<\/span><span style=\"font-family: Arial, Helvetica, sans-serif;\"><span style=\"caret-color: #222222;\">\u00a0<\/span><span style=\"caret-color: #222222;\">d&rsquo;engagement :<br \/><\/span><\/span><\/span><span style=\"font-family: Arial, Helvetica, sans-serif;\"><span style=\"caret-color: #222222;\">Pour sceller et assurer symboliquement votre engagement avec vous-m\u00eame, avec les animatrices, nos h\u00f4tes et la f\u00e9e Ilona, nous<\/span><\/span> vous demandons de verser le solde <span style=\"font-family: verdana, sans-serif;\">du co\u00fbt du stage<span style=\"caret-color: #444444;\">. <\/span><\/span>Cette somme ne sera pas rembours\u00e9e en cas d&rsquo;annulation 1 mois avant le d\u00e9but de notre processus \u00e0 savoir apr\u00e8s le 8 octobre et en cas de participation, ce ch\u00e8que vous sera alors remis en d\u00e9but de stage<\/h6>\t\t\t\t\t\t\t\t<\/div>\n\t\t\t\t<\/div>\n\t\t\t\t<div class=\"elementor-element elementor-element-35088909 elementor-align-center elementor-widget elementor-widget-button\" data-id=\"35088909\" data-element_type=\"widget\" data-widget_type=\"button.default\">\n\t\t\t\t<div class=\"elementor-widget-container\">\n\t\t\t\t\t\t\t\t\t<div class=\"elementor-button-wrapper\">\n\t\t\t\t\t<a class=\"elementor-button elementor-button-link elementor-size-sm elementor-animation-shrink\" href=\"https:\/\/valentinaduna.com\/?page_id=5994\">\n\t\t\t\t\t\t<span class=\"elementor-button-content-wrapper\">\n\t\t\t\t\t\t\t\t\t<span class=\"elementor-button-text\">S'inscrire<\/span>\n\t\t\t\t\t<\/span>\n\t\t\t\t\t<\/a>\n\t\t\t\t<\/div>\n\t\t\t\t\t\t\t\t<\/div>\n\t\t\t\t<\/div>\n\t\t\t\t\t<\/div>\n\t\t<\/div>\n\t\t\t\t\t<\/div>\n\t\t<\/section>\n\t\t\t\t<section class=\"elementor-section elementor-top-section elementor-element elementor-element-c34ab1d elementor-section-boxed elementor-section-height-default elementor-section-height-default\" data-id=\"c34ab1d\" data-element_type=\"section\">\n\t\t\t\t\t\t<div class=\"elementor-container elementor-column-gap-default\">\n\t\t\t\t\t<div class=\"elementor-column elementor-col-100 elementor-top-column elementor-element elementor-element-bd3b6ca\" data-id=\"bd3b6ca\" data-element_type=\"column\">\n\t\t\t<div class=\"elementor-widget-wrap elementor-element-populated\">\n\t\t\t\t\t\t<div class=\"elementor-element elementor-element-4a6889f elementor-widget elementor-widget-spacer\" data-id=\"4a6889f\" data-element_type=\"widget\" data-widget_type=\"spacer.default\">\n\t\t\t\t<div class=\"elementor-widget-container\">\n\t\t\t\t\t\t\t<div class=\"elementor-spacer\">\n\t\t\t<div class=\"elementor-spacer-inner\"><\/div>\n\t\t<\/div>\n\t\t\t\t\t\t<\/div>\n\t\t\t\t<\/div>\n\t\t\t\t\t<\/div>\n\t\t<\/div>\n\t\t\t\t\t<\/div>\n\t\t<\/section>\n\t\t\t\t<\/div>\n\t\t","protected":false},"excerpt":{"rendered":"<p>Immersion Initiatique L\u2019immersion initiatique est une capsule atemporelle o\u00f9 le \u00ab Je \u00bb peut s\u2019abandonner au travers d\u2019un processus tout autant surprenant que merveilleux, magique et confrontant.\u00a0 Il explore ainsi son \u00ab chant \u00bb des possibles dans un cadre s\u00e9cure et bienveillant pour y rencontrer la conscience du Soi. De nombreuses propositions se font en [&hellip;]<\/p>\n","protected":false},"author":1,"featured_media":0,"parent":0,"menu_order":0,"comment_status":"closed","ping_status":"closed","template":"elementor_header_footer","meta":{"footnotes":""},"class_list":["post-403","page","type-page","status-publish","hentry"],"yoast_head":"<!-- This site is optimized with the Yoast SEO plugin v26.7 - https:\/\/yoast.com\/wordpress\/plugins\/seo\/ -->\n<title>Immersion Initiatique - Here &amp; now<\/title>\n<meta name=\"description\" content=\"Trois fois par an, Valentina Duna organise des retraites de yoga, dans les C\u00e9vennes ou sur l&#039;\u00cele d&#039;Ol\u00e9ron. Yoga, Nature &amp; Voix.\" \/>\n<meta name=\"robots\" content=\"index, follow, max-snippet:-1, max-image-preview:large, max-video-preview:-1\" \/>\n<link rel=\"canonical\" href=\"https:\/\/valentinaduna.com\/?page_id=403\" \/>\n<meta property=\"og:locale\" content=\"fr_FR\" \/>\n<meta property=\"og:type\" content=\"article\" \/>\n<meta property=\"og:title\" content=\"Immersion Initiatique - Here &amp; now\" \/>\n<meta property=\"og:description\" content=\"Trois fois par an, Valentina Duna organise des retraites de yoga, dans les C\u00e9vennes ou sur l&#039;\u00cele d&#039;Ol\u00e9ron. Yoga, Nature &amp; Voix.\" \/>\n<meta property=\"og:url\" content=\"https:\/\/valentinaduna.com\/?page_id=403\" \/>\n<meta property=\"og:site_name\" content=\"Here &amp; now\" \/>\n<meta property=\"article:modified_time\" content=\"2025-09-17T14:29:39+00:00\" \/>\n<meta property=\"og:image\" content=\"https:\/\/valentinaduna.com\/wp-content\/uploads\/2025\/06\/IMG_0565.jpg\" \/>\n\t<meta property=\"og:image:width\" content=\"668\" \/>\n\t<meta property=\"og:image:height\" content=\"1169\" \/>\n\t<meta property=\"og:image:type\" content=\"image\/jpeg\" \/>\n<meta name=\"twitter:card\" content=\"summary_large_image\" \/>\n<meta name=\"twitter:label1\" content=\"Dur\u00e9e de lecture estim\u00e9e\" \/>\n\t<meta name=\"twitter:data1\" content=\"4 minutes\" \/>\n<script type=\"application\/ld+json\" class=\"yoast-schema-graph\">{\"@context\":\"https:\/\/schema.org\",\"@graph\":[{\"@type\":\"WebPage\",\"@id\":\"https:\/\/valentinaduna.com\/?page_id=403\",\"url\":\"https:\/\/valentinaduna.com\/?page_id=403\",\"name\":\"Immersion Initiatique - Here &amp; now\",\"isPartOf\":{\"@id\":\"https:\/\/valentinaduna.com\/#website\"},\"primaryImageOfPage\":{\"@id\":\"https:\/\/valentinaduna.com\/?page_id=403#primaryimage\"},\"image\":{\"@id\":\"https:\/\/valentinaduna.com\/?page_id=403#primaryimage\"},\"thumbnailUrl\":\"https:\/\/valentinaduna.com\/wp-content\/uploads\/2025\/06\/IMG_0565-585x1024.jpg\",\"datePublished\":\"2019-02-04T10:36:46+00:00\",\"dateModified\":\"2025-09-17T14:29:39+00:00\",\"description\":\"Trois fois par an, Valentina Duna organise des retraites de yoga, dans les C\u00e9vennes ou sur l'\u00cele d'Ol\u00e9ron. Yoga, Nature & Voix.\",\"breadcrumb\":{\"@id\":\"https:\/\/valentinaduna.com\/?page_id=403#breadcrumb\"},\"inLanguage\":\"fr-FR\",\"potentialAction\":[{\"@type\":\"ReadAction\",\"target\":[\"https:\/\/valentinaduna.com\/?page_id=403\"]}]},{\"@type\":\"ImageObject\",\"inLanguage\":\"fr-FR\",\"@id\":\"https:\/\/valentinaduna.com\/?page_id=403#primaryimage\",\"url\":\"https:\/\/valentinaduna.com\/wp-content\/uploads\/2025\/06\/IMG_0565.jpg\",\"contentUrl\":\"https:\/\/valentinaduna.com\/wp-content\/uploads\/2025\/06\/IMG_0565.jpg\",\"width\":668,\"height\":1169},{\"@type\":\"BreadcrumbList\",\"@id\":\"https:\/\/valentinaduna.com\/?page_id=403#breadcrumb\",\"itemListElement\":[{\"@type\":\"ListItem\",\"position\":1,\"name\":\"Accueil\",\"item\":\"https:\/\/valentinaduna.com\/\"},{\"@type\":\"ListItem\",\"position\":2,\"name\":\"Immersion Initiatique\"}]},{\"@type\":\"WebSite\",\"@id\":\"https:\/\/valentinaduna.com\/#website\",\"url\":\"https:\/\/valentinaduna.com\/\",\"name\":\"Here &amp; now\",\"description\":\"Valentina Duna \u2022 World Wild Yogini \u00e0 plumes\",\"potentialAction\":[{\"@type\":\"SearchAction\",\"target\":{\"@type\":\"EntryPoint\",\"urlTemplate\":\"https:\/\/valentinaduna.com\/?s={search_term_string}\"},\"query-input\":{\"@type\":\"PropertyValueSpecification\",\"valueRequired\":true,\"valueName\":\"search_term_string\"}}],\"inLanguage\":\"fr-FR\"}]}<\/script>\n<!-- \/ Yoast SEO plugin. -->","yoast_head_json":{"title":"Immersion Initiatique - Here &amp; now","description":"Trois fois par an, Valentina Duna organise des retraites de yoga, dans les C\u00e9vennes ou sur l'\u00cele d'Ol\u00e9ron. Yoga, Nature & Voix.","robots":{"index":"index","follow":"follow","max-snippet":"max-snippet:-1","max-image-preview":"max-image-preview:large","max-video-preview":"max-video-preview:-1"},"canonical":"https:\/\/valentinaduna.com\/?page_id=403","og_locale":"fr_FR","og_type":"article","og_title":"Immersion Initiatique - Here &amp; now","og_description":"Trois fois par an, Valentina Duna organise des retraites de yoga, dans les C\u00e9vennes ou sur l'\u00cele d'Ol\u00e9ron. Yoga, Nature & Voix.","og_url":"https:\/\/valentinaduna.com\/?page_id=403","og_site_name":"Here &amp; now","article_modified_time":"2025-09-17T14:29:39+00:00","og_image":[{"width":668,"height":1169,"url":"https:\/\/valentinaduna.com\/wp-content\/uploads\/2025\/06\/IMG_0565.jpg","type":"image\/jpeg"}],"twitter_card":"summary_large_image","twitter_misc":{"Dur\u00e9e de lecture estim\u00e9e":"4 minutes"},"schema":{"@context":"https:\/\/schema.org","@graph":[{"@type":"WebPage","@id":"https:\/\/valentinaduna.com\/?page_id=403","url":"https:\/\/valentinaduna.com\/?page_id=403","name":"Immersion Initiatique - Here &amp; now","isPartOf":{"@id":"https:\/\/valentinaduna.com\/#website"},"primaryImageOfPage":{"@id":"https:\/\/valentinaduna.com\/?page_id=403#primaryimage"},"image":{"@id":"https:\/\/valentinaduna.com\/?page_id=403#primaryimage"},"thumbnailUrl":"https:\/\/valentinaduna.com\/wp-content\/uploads\/2025\/06\/IMG_0565-585x1024.jpg","datePublished":"2019-02-04T10:36:46+00:00","dateModified":"2025-09-17T14:29:39+00:00","description":"Trois fois par an, Valentina Duna organise des retraites de yoga, dans les C\u00e9vennes ou sur l'\u00cele d'Ol\u00e9ron. Yoga, Nature & Voix.","breadcrumb":{"@id":"https:\/\/valentinaduna.com\/?page_id=403#breadcrumb"},"inLanguage":"fr-FR","potentialAction":[{"@type":"ReadAction","target":["https:\/\/valentinaduna.com\/?page_id=403"]}]},{"@type":"ImageObject","inLanguage":"fr-FR","@id":"https:\/\/valentinaduna.com\/?page_id=403#primaryimage","url":"https:\/\/valentinaduna.com\/wp-content\/uploads\/2025\/06\/IMG_0565.jpg","contentUrl":"https:\/\/valentinaduna.com\/wp-content\/uploads\/2025\/06\/IMG_0565.jpg","width":668,"height":1169},{"@type":"BreadcrumbList","@id":"https:\/\/valentinaduna.com\/?page_id=403#breadcrumb","itemListElement":[{"@type":"ListItem","position":1,"name":"Accueil","item":"https:\/\/valentinaduna.com\/"},{"@type":"ListItem","position":2,"name":"Immersion Initiatique"}]},{"@type":"WebSite","@id":"https:\/\/valentinaduna.com\/#website","url":"https:\/\/valentinaduna.com\/","name":"Here &amp; now","description":"Valentina Duna \u2022 World Wild Yogini \u00e0 plumes","potentialAction":[{"@type":"SearchAction","target":{"@type":"EntryPoint","urlTemplate":"https:\/\/valentinaduna.com\/?s={search_term_string}"},"query-input":{"@type":"PropertyValueSpecification","valueRequired":true,"valueName":"search_term_string"}}],"inLanguage":"fr-FR"}]}},"_links":{"self":[{"href":"https:\/\/valentinaduna.com\/index.php?rest_route=\/wp\/v2\/pages\/403","targetHints":{"allow":["GET"]}}],"collection":[{"href":"https:\/\/valentinaduna.com\/index.php?rest_route=\/wp\/v2\/pages"}],"about":[{"href":"https:\/\/valentinaduna.com\/index.php?rest_route=\/wp\/v2\/types\/page"}],"author":[{"embeddable":true,"href":"https:\/\/valentinaduna.com\/index.php?rest_route=\/wp\/v2\/users\/1"}],"replies":[{"embeddable":true,"href":"https:\/\/valentinaduna.com\/index.php?rest_route=%2Fwp%2Fv2%2Fcomments&post=403"}],"version-history":[{"count":309,"href":"https:\/\/valentinaduna.com\/index.php?rest_route=\/wp\/v2\/pages\/403\/revisions"}],"predecessor-version":[{"id":6712,"href":"https:\/\/valentinaduna.com\/index.php?rest_route=\/wp\/v2\/pages\/403\/revisions\/6712"}],"wp:attachment":[{"href":"https:\/\/valentinaduna.com\/index.php?rest_route=%2Fwp%2Fv2%2Fmedia&parent=403"}],"curies":[{"name":"wp","href":"https:\/\/api.w.org\/{rel}","templated":true}]}}