{"id":4984,"date":"2023-03-08T18:09:49","date_gmt":"2023-03-08T17:09:49","guid":{"rendered":"https:\/\/valentinaduna.com\/?page_id=4984"},"modified":"2024-01-25T17:45:06","modified_gmt":"2024-01-25T16:45:06","slug":"ceremonie-en-tribu","status":"publish","type":"page","link":"https:\/\/valentinaduna.com\/?page_id=4984","title":{"rendered":"Ceremonie en tribu"},"content":{"rendered":"\t\t<div data-elementor-type=\"wp-page\" data-elementor-id=\"4984\" class=\"elementor elementor-4984\">\n\t\t\t\t\t\t<section class=\"elementor-section elementor-top-section elementor-element elementor-element-4ec8b306 elementor-section-boxed elementor-section-height-default elementor-section-height-default\" data-id=\"4ec8b306\" data-element_type=\"section\" data-settings=\"{&quot;background_background&quot;:&quot;classic&quot;}\">\n\t\t\t\t\t\t\t<div class=\"elementor-background-overlay\"><\/div>\n\t\t\t\t\t\t\t<div class=\"elementor-container elementor-column-gap-default\">\n\t\t\t\t\t<div class=\"elementor-column elementor-col-100 elementor-top-column elementor-element elementor-element-54674705\" data-id=\"54674705\" data-element_type=\"column\">\n\t\t\t<div class=\"elementor-widget-wrap elementor-element-populated\">\n\t\t\t\t\t\t<div class=\"elementor-element elementor-element-65da9225 elementor-widget elementor-widget-spacer\" data-id=\"65da9225\" data-element_type=\"widget\" data-widget_type=\"spacer.default\">\n\t\t\t\t<div class=\"elementor-widget-container\">\n\t\t\t\t\t\t\t<div class=\"elementor-spacer\">\n\t\t\t<div class=\"elementor-spacer-inner\"><\/div>\n\t\t<\/div>\n\t\t\t\t\t\t<\/div>\n\t\t\t\t<\/div>\n\t\t\t\t<div class=\"elementor-element elementor-element-6d9d41d1 elementor-widget elementor-widget-heading\" data-id=\"6d9d41d1\" data-element_type=\"widget\" data-widget_type=\"heading.default\">\n\t\t\t\t<div class=\"elementor-widget-container\">\n\t\t\t\t\t<h2 class=\"elementor-heading-title elementor-size-default\">Ceremonie en tribu<\/h2>\t\t\t\t<\/div>\n\t\t\t\t<\/div>\n\t\t\t\t<div class=\"elementor-element elementor-element-175790a7 elementor-widget elementor-widget-spacer\" data-id=\"175790a7\" data-element_type=\"widget\" data-widget_type=\"spacer.default\">\n\t\t\t\t<div class=\"elementor-widget-container\">\n\t\t\t\t\t\t\t<div class=\"elementor-spacer\">\n\t\t\t<div class=\"elementor-spacer-inner\"><\/div>\n\t\t<\/div>\n\t\t\t\t\t\t<\/div>\n\t\t\t\t<\/div>\n\t\t\t\t\t<\/div>\n\t\t<\/div>\n\t\t\t\t\t<\/div>\n\t\t<\/section>\n\t\t\t\t<section class=\"elementor-section elementor-top-section elementor-element elementor-element-a42b39c elementor-section-boxed elementor-section-height-default elementor-section-height-default\" data-id=\"a42b39c\" data-element_type=\"section\">\n\t\t\t\t\t\t<div class=\"elementor-container elementor-column-gap-default\">\n\t\t\t\t\t<div class=\"elementor-column elementor-col-100 elementor-top-column elementor-element elementor-element-aa67612\" data-id=\"aa67612\" data-element_type=\"column\">\n\t\t\t<div class=\"elementor-widget-wrap elementor-element-populated\">\n\t\t\t\t\t\t<div class=\"elementor-element elementor-element-cb4dbd8 elementor-widget elementor-widget-spacer\" data-id=\"cb4dbd8\" data-element_type=\"widget\" data-widget_type=\"spacer.default\">\n\t\t\t\t<div class=\"elementor-widget-container\">\n\t\t\t\t\t\t\t<div class=\"elementor-spacer\">\n\t\t\t<div class=\"elementor-spacer-inner\"><\/div>\n\t\t<\/div>\n\t\t\t\t\t\t<\/div>\n\t\t\t\t<\/div>\n\t\t\t\t\t<\/div>\n\t\t<\/div>\n\t\t\t\t\t<\/div>\n\t\t<\/section>\n\t\t\t\t<section class=\"elementor-section elementor-top-section elementor-element elementor-element-61700220 elementor-section-boxed elementor-section-height-default elementor-section-height-default\" data-id=\"61700220\" data-element_type=\"section\">\n\t\t\t\t\t\t<div class=\"elementor-container elementor-column-gap-default\">\n\t\t\t\t\t<div class=\"elementor-column elementor-col-100 elementor-top-column elementor-element elementor-element-6f95aa42\" data-id=\"6f95aa42\" data-element_type=\"column\">\n\t\t\t<div class=\"elementor-widget-wrap elementor-element-populated\">\n\t\t\t\t\t\t<div class=\"elementor-element elementor-element-4d3b3976 elementor-widget elementor-widget-text-editor\" data-id=\"4d3b3976\" data-element_type=\"widget\" data-widget_type=\"text-editor.default\">\n\t\t\t\t<div class=\"elementor-widget-container\">\n\t\t\t\t\t\t\t\t\t<p><strong>CACAO Y PAZ \/\u00a0<\/strong><strong style=\"font-family: var( --e-global-typography-text-font-family ), Sans-serif; font-size: 1rem;\">YIN YOGA \/ YOGA DU SON<\/strong><\/p><p><strong>Ce processus est une c\u00e9l\u00e9bration \u00e0 notre humanit\u00e9, prier ensemble c\u2019est se mettre au service de l\u2019Unit\u00e9 dans l\u2019equanimit\u00e9 pour l\u2019\u00e9ternit\u00e9.\u00a0<\/strong><\/p>\t\t\t\t\t\t\t\t<\/div>\n\t\t\t\t<\/div>\n\t\t\t\t<div class=\"elementor-element elementor-element-188fe122 elementor-widget elementor-widget-text-editor\" data-id=\"188fe122\" data-element_type=\"widget\" data-widget_type=\"text-editor.default\">\n\t\t\t\t<div class=\"elementor-widget-container\">\n\t\t\t\t\t\t\t\t\t<p>Nous commencerons par boire une boisson sacr\u00e9e mill\u00e9naire pr\u00e9par\u00e9e \u00e0 base de cacao criollo cru. Cette plante maitresse nous permet d&rsquo;acc\u00e9der \u00e0 un&nbsp;\u00e9tat de d\u00e9tente, d&rsquo;expansion et de pleine attention. Elle va soutenir notre exploration&nbsp;du Soi, au travers d&rsquo;une longue pratique de&nbsp;<b>yin yoga,&nbsp;<\/b>ponctu\u00e9e de pranayamas.&nbsp;<\/p>\n<p>La&nbsp;<b>relaxation<\/b>&nbsp;sera accompagn\u00e9e&nbsp;d&rsquo;un sound bath, r\u00eave \u00e9veill\u00e9 guid\u00e9 en immersion sonore acoustique live.&nbsp;<\/p>\n<p>Pour cl\u00f4turer ce voyage, la&nbsp;<b>m\u00e9ditation<\/b>, sera une pratique de&nbsp;<b>yoga du son<\/b>, douce et ludique, activant notre principe originel d\u00e9votionnel et sacr\u00e9.&nbsp;<\/p>\n<p>Destin\u00e9e \u00e0 tous.tes, cette immersion&nbsp;offre une exp\u00e9rience unique et transformatrice o\u00f9 la tridimension&nbsp;\u00ab\u00a0corps-coeur-<wbr>esprit\u00a0\u00bb s&rsquo;harmonise au service du Nous.<\/p>\t\t\t\t\t\t\t\t<\/div>\n\t\t\t\t<\/div>\n\t\t\t\t\t<\/div>\n\t\t<\/div>\n\t\t\t\t\t<\/div>\n\t\t<\/section>\n\t\t\t\t<section class=\"elementor-section elementor-top-section elementor-element elementor-element-beb60a6 elementor-section-boxed elementor-section-height-default elementor-section-height-default\" data-id=\"beb60a6\" data-element_type=\"section\">\n\t\t\t\t\t\t<div class=\"elementor-container elementor-column-gap-default\">\n\t\t\t\t\t<div class=\"elementor-column elementor-col-100 elementor-top-column elementor-element elementor-element-e35df7a\" data-id=\"e35df7a\" data-element_type=\"column\">\n\t\t\t<div class=\"elementor-widget-wrap elementor-element-populated\">\n\t\t\t\t\t\t<div class=\"elementor-element elementor-element-dda66b6 elementor-widget elementor-widget-spacer\" data-id=\"dda66b6\" data-element_type=\"widget\" data-widget_type=\"spacer.default\">\n\t\t\t\t<div class=\"elementor-widget-container\">\n\t\t\t\t\t\t\t<div class=\"elementor-spacer\">\n\t\t\t<div class=\"elementor-spacer-inner\"><\/div>\n\t\t<\/div>\n\t\t\t\t\t\t<\/div>\n\t\t\t\t<\/div>\n\t\t\t\t\t<\/div>\n\t\t<\/div>\n\t\t\t\t\t<\/div>\n\t\t<\/section>\n\t\t\t\t<\/div>\n\t\t","protected":false},"excerpt":{"rendered":"<p>Ceremonie en tribu CACAO Y PAZ \/\u00a0YIN YOGA \/ YOGA DU SON Ce processus est une c\u00e9l\u00e9bration \u00e0 notre humanit\u00e9, prier ensemble c\u2019est se mettre au service de l\u2019Unit\u00e9 dans l\u2019equanimit\u00e9 pour l\u2019\u00e9ternit\u00e9.\u00a0 Nous commencerons par boire une boisson sacr\u00e9e mill\u00e9naire pr\u00e9par\u00e9e \u00e0 base de cacao criollo cru. Cette plante maitresse nous permet d&rsquo;acc\u00e9der \u00e0 [&hellip;]<\/p>\n","protected":false},"author":1,"featured_media":0,"parent":0,"menu_order":0,"comment_status":"closed","ping_status":"closed","template":"elementor_header_footer","meta":{"footnotes":""},"class_list":["post-4984","page","type-page","status-publish","hentry"],"yoast_head":"<!-- This site is optimized with the Yoast SEO plugin v27.5 - https:\/\/yoast.com\/product\/yoast-seo-wordpress\/ -->\n<title>Ceremonie en tribu - Here &amp; now<\/title>\n<meta name=\"description\" content=\"Les bienfaits du yoga ont \u00e9t\u00e9 prouv\u00e9s aujourd&#039;hui scientifiquement. C&#039;est pourquoi plusieurs entreprises font appel \u00e0 moi pour des cours de yoga d&#039;une heure\" \/>\n<meta name=\"robots\" content=\"index, follow, max-snippet:-1, max-image-preview:large, max-video-preview:-1\" \/>\n<link rel=\"canonical\" href=\"https:\/\/valentinaduna.com\/?page_id=4984\" \/>\n<meta property=\"og:locale\" content=\"fr_FR\" \/>\n<meta property=\"og:type\" content=\"article\" \/>\n<meta property=\"og:title\" content=\"Ceremonie en tribu - Here &amp; now\" \/>\n<meta property=\"og:description\" content=\"Les bienfaits du yoga ont \u00e9t\u00e9 prouv\u00e9s aujourd&#039;hui scientifiquement. C&#039;est pourquoi plusieurs entreprises font appel \u00e0 moi pour des cours de yoga d&#039;une heure\" \/>\n<meta property=\"og:url\" content=\"https:\/\/valentinaduna.com\/?page_id=4984\" \/>\n<meta property=\"og:site_name\" content=\"Here &amp; now\" \/>\n<meta property=\"article:modified_time\" content=\"2024-01-25T16:45:06+00:00\" \/>\n<meta name=\"twitter:card\" content=\"summary_large_image\" \/>\n<meta name=\"twitter:label1\" content=\"Dur\u00e9e de lecture estim\u00e9e\" \/>\n\t<meta name=\"twitter:data1\" content=\"1 minute\" \/>\n<script type=\"application\/ld+json\" class=\"yoast-schema-graph\">{\"@context\":\"https:\\\/\\\/schema.org\",\"@graph\":[{\"@type\":\"WebPage\",\"@id\":\"https:\\\/\\\/valentinaduna.com\\\/?page_id=4984\",\"url\":\"https:\\\/\\\/valentinaduna.com\\\/?page_id=4984\",\"name\":\"Ceremonie en tribu - Here &amp; now\",\"isPartOf\":{\"@id\":\"https:\\\/\\\/valentinaduna.com\\\/#website\"},\"datePublished\":\"2023-03-08T17:09:49+00:00\",\"dateModified\":\"2024-01-25T16:45:06+00:00\",\"description\":\"Les bienfaits du yoga ont \u00e9t\u00e9 prouv\u00e9s aujourd'hui scientifiquement. C'est pourquoi plusieurs entreprises font appel \u00e0 moi pour des cours de yoga d'une heure\",\"breadcrumb\":{\"@id\":\"https:\\\/\\\/valentinaduna.com\\\/?page_id=4984#breadcrumb\"},\"inLanguage\":\"fr-FR\",\"potentialAction\":[{\"@type\":\"ReadAction\",\"target\":[\"https:\\\/\\\/valentinaduna.com\\\/?page_id=4984\"]}]},{\"@type\":\"BreadcrumbList\",\"@id\":\"https:\\\/\\\/valentinaduna.com\\\/?page_id=4984#breadcrumb\",\"itemListElement\":[{\"@type\":\"ListItem\",\"position\":1,\"name\":\"Accueil\",\"item\":\"https:\\\/\\\/valentinaduna.com\\\/\"},{\"@type\":\"ListItem\",\"position\":2,\"name\":\"Ceremonie en tribu\"}]},{\"@type\":\"WebSite\",\"@id\":\"https:\\\/\\\/valentinaduna.com\\\/#website\",\"url\":\"https:\\\/\\\/valentinaduna.com\\\/\",\"name\":\"Here &amp; now\",\"description\":\"Valentina Duna \u2022 World Wild Yogini \u00e0 plumes\",\"potentialAction\":[{\"@type\":\"SearchAction\",\"target\":{\"@type\":\"EntryPoint\",\"urlTemplate\":\"https:\\\/\\\/valentinaduna.com\\\/?s={search_term_string}\"},\"query-input\":{\"@type\":\"PropertyValueSpecification\",\"valueRequired\":true,\"valueName\":\"search_term_string\"}}],\"inLanguage\":\"fr-FR\"}]}<\/script>\n<!-- \/ Yoast SEO plugin. -->","yoast_head_json":{"title":"Ceremonie en tribu - Here &amp; now","description":"Les bienfaits du yoga ont \u00e9t\u00e9 prouv\u00e9s aujourd'hui scientifiquement. C'est pourquoi plusieurs entreprises font appel \u00e0 moi pour des cours de yoga d'une heure","robots":{"index":"index","follow":"follow","max-snippet":"max-snippet:-1","max-image-preview":"max-image-preview:large","max-video-preview":"max-video-preview:-1"},"canonical":"https:\/\/valentinaduna.com\/?page_id=4984","og_locale":"fr_FR","og_type":"article","og_title":"Ceremonie en tribu - Here &amp; now","og_description":"Les bienfaits du yoga ont \u00e9t\u00e9 prouv\u00e9s aujourd'hui scientifiquement. C'est pourquoi plusieurs entreprises font appel \u00e0 moi pour des cours de yoga d'une heure","og_url":"https:\/\/valentinaduna.com\/?page_id=4984","og_site_name":"Here &amp; now","article_modified_time":"2024-01-25T16:45:06+00:00","twitter_card":"summary_large_image","twitter_misc":{"Dur\u00e9e de lecture estim\u00e9e":"1 minute"},"schema":{"@context":"https:\/\/schema.org","@graph":[{"@type":"WebPage","@id":"https:\/\/valentinaduna.com\/?page_id=4984","url":"https:\/\/valentinaduna.com\/?page_id=4984","name":"Ceremonie en tribu - Here &amp; now","isPartOf":{"@id":"https:\/\/valentinaduna.com\/#website"},"datePublished":"2023-03-08T17:09:49+00:00","dateModified":"2024-01-25T16:45:06+00:00","description":"Les bienfaits du yoga ont \u00e9t\u00e9 prouv\u00e9s aujourd'hui scientifiquement. C'est pourquoi plusieurs entreprises font appel \u00e0 moi pour des cours de yoga d'une heure","breadcrumb":{"@id":"https:\/\/valentinaduna.com\/?page_id=4984#breadcrumb"},"inLanguage":"fr-FR","potentialAction":[{"@type":"ReadAction","target":["https:\/\/valentinaduna.com\/?page_id=4984"]}]},{"@type":"BreadcrumbList","@id":"https:\/\/valentinaduna.com\/?page_id=4984#breadcrumb","itemListElement":[{"@type":"ListItem","position":1,"name":"Accueil","item":"https:\/\/valentinaduna.com\/"},{"@type":"ListItem","position":2,"name":"Ceremonie en tribu"}]},{"@type":"WebSite","@id":"https:\/\/valentinaduna.com\/#website","url":"https:\/\/valentinaduna.com\/","name":"Here &amp; now","description":"Valentina Duna \u2022 World Wild Yogini \u00e0 plumes","potentialAction":[{"@type":"SearchAction","target":{"@type":"EntryPoint","urlTemplate":"https:\/\/valentinaduna.com\/?s={search_term_string}"},"query-input":{"@type":"PropertyValueSpecification","valueRequired":true,"valueName":"search_term_string"}}],"inLanguage":"fr-FR"}]}},"_links":{"self":[{"href":"https:\/\/valentinaduna.com\/index.php?rest_route=\/wp\/v2\/pages\/4984","targetHints":{"allow":["GET"]}}],"collection":[{"href":"https:\/\/valentinaduna.com\/index.php?rest_route=\/wp\/v2\/pages"}],"about":[{"href":"https:\/\/valentinaduna.com\/index.php?rest_route=\/wp\/v2\/types\/page"}],"author":[{"embeddable":true,"href":"https:\/\/valentinaduna.com\/index.php?rest_route=\/wp\/v2\/users\/1"}],"replies":[{"embeddable":true,"href":"https:\/\/valentinaduna.com\/index.php?rest_route=%2Fwp%2Fv2%2Fcomments&post=4984"}],"version-history":[{"count":26,"href":"https:\/\/valentinaduna.com\/index.php?rest_route=\/wp\/v2\/pages\/4984\/revisions"}],"predecessor-version":[{"id":6537,"href":"https:\/\/valentinaduna.com\/index.php?rest_route=\/wp\/v2\/pages\/4984\/revisions\/6537"}],"wp:attachment":[{"href":"https:\/\/valentinaduna.com\/index.php?rest_route=%2Fwp%2Fv2%2Fmedia&parent=4984"}],"curies":[{"name":"wp","href":"https:\/\/api.w.org\/{rel}","templated":true}]}}