{"id":4990,"date":"2023-03-08T18:12:26","date_gmt":"2023-03-08T17:12:26","guid":{"rendered":"https:\/\/valentinaduna.com\/?page_id=4990"},"modified":"2023-10-14T12:02:09","modified_gmt":"2023-10-14T10:02:09","slug":"ceremonie-en-one-to-one","status":"publish","type":"page","link":"https:\/\/valentinaduna.com\/?page_id=4990","title":{"rendered":"Ceremonie en one to one"},"content":{"rendered":"\t\t<div data-elementor-type=\"wp-page\" data-elementor-id=\"4990\" class=\"elementor elementor-4990\">\n\t\t\t\t\t\t<section class=\"elementor-section elementor-top-section elementor-element elementor-element-4ec8b306 elementor-section-boxed elementor-section-height-default elementor-section-height-default\" data-id=\"4ec8b306\" data-element_type=\"section\" data-settings=\"{&quot;background_background&quot;:&quot;classic&quot;}\">\n\t\t\t\t\t\t\t<div class=\"elementor-background-overlay\"><\/div>\n\t\t\t\t\t\t\t<div class=\"elementor-container elementor-column-gap-default\">\n\t\t\t\t\t<div class=\"elementor-column elementor-col-100 elementor-top-column elementor-element elementor-element-54674705\" data-id=\"54674705\" data-element_type=\"column\">\n\t\t\t<div class=\"elementor-widget-wrap elementor-element-populated\">\n\t\t\t\t\t\t<div class=\"elementor-element elementor-element-65da9225 elementor-widget elementor-widget-spacer\" data-id=\"65da9225\" data-element_type=\"widget\" data-widget_type=\"spacer.default\">\n\t\t\t\t<div class=\"elementor-widget-container\">\n\t\t\t\t\t\t\t<div class=\"elementor-spacer\">\n\t\t\t<div class=\"elementor-spacer-inner\"><\/div>\n\t\t<\/div>\n\t\t\t\t\t\t<\/div>\n\t\t\t\t<\/div>\n\t\t\t\t<div class=\"elementor-element elementor-element-6d9d41d1 elementor-widget elementor-widget-heading\" data-id=\"6d9d41d1\" data-element_type=\"widget\" data-widget_type=\"heading.default\">\n\t\t\t\t<div class=\"elementor-widget-container\">\n\t\t\t\t\t<h2 class=\"elementor-heading-title elementor-size-default\">Ceremonie en One to One\n<br>ou <br>petit groupe 3\/4 personnes<\/h2>\t\t\t\t<\/div>\n\t\t\t\t<\/div>\n\t\t\t\t<div class=\"elementor-element elementor-element-175790a7 elementor-widget elementor-widget-spacer\" data-id=\"175790a7\" data-element_type=\"widget\" data-widget_type=\"spacer.default\">\n\t\t\t\t<div class=\"elementor-widget-container\">\n\t\t\t\t\t\t\t<div class=\"elementor-spacer\">\n\t\t\t<div class=\"elementor-spacer-inner\"><\/div>\n\t\t<\/div>\n\t\t\t\t\t\t<\/div>\n\t\t\t\t<\/div>\n\t\t\t\t\t<\/div>\n\t\t<\/div>\n\t\t\t\t\t<\/div>\n\t\t<\/section>\n\t\t\t\t<section class=\"elementor-section elementor-top-section elementor-element elementor-element-a42b39c elementor-section-boxed elementor-section-height-default elementor-section-height-default\" data-id=\"a42b39c\" data-element_type=\"section\">\n\t\t\t\t\t\t<div class=\"elementor-container elementor-column-gap-default\">\n\t\t\t\t\t<div class=\"elementor-column elementor-col-100 elementor-top-column elementor-element elementor-element-aa67612\" data-id=\"aa67612\" data-element_type=\"column\">\n\t\t\t<div class=\"elementor-widget-wrap elementor-element-populated\">\n\t\t\t\t\t\t<div class=\"elementor-element elementor-element-cb4dbd8 elementor-widget elementor-widget-spacer\" data-id=\"cb4dbd8\" data-element_type=\"widget\" data-widget_type=\"spacer.default\">\n\t\t\t\t<div class=\"elementor-widget-container\">\n\t\t\t\t\t\t\t<div class=\"elementor-spacer\">\n\t\t\t<div class=\"elementor-spacer-inner\"><\/div>\n\t\t<\/div>\n\t\t\t\t\t\t<\/div>\n\t\t\t\t<\/div>\n\t\t\t\t\t<\/div>\n\t\t<\/div>\n\t\t\t\t\t<\/div>\n\t\t<\/section>\n\t\t\t\t<section class=\"elementor-section elementor-top-section elementor-element elementor-element-61700220 elementor-section-boxed elementor-section-height-default elementor-section-height-default\" data-id=\"61700220\" data-element_type=\"section\">\n\t\t\t\t\t\t<div class=\"elementor-container elementor-column-gap-default\">\n\t\t\t\t\t<div class=\"elementor-column elementor-col-100 elementor-top-column elementor-element elementor-element-6f95aa42\" data-id=\"6f95aa42\" data-element_type=\"column\">\n\t\t\t<div class=\"elementor-widget-wrap elementor-element-populated\">\n\t\t\t\t\t\t<div class=\"elementor-element elementor-element-188fe122 elementor-widget elementor-widget-text-editor\" data-id=\"188fe122\" data-element_type=\"widget\" data-widget_type=\"text-editor.default\">\n\t\t\t\t<div class=\"elementor-widget-container\">\n\t\t\t\t\t\t\t\t\t<p>Parfois, nous avons besoin de soutien et de douceur dans un processus de gu\u00e9rison ou nous avons besoin d\u2019activer une part en nous qui a besoin d\u2019\u00eatre r\u00e9v\u00e9l\u00e9e.&nbsp;<\/p><p>Valentina vous propose un rituel \u00e0 l\u2019\u00e9coute de vos besoins et de vos d\u00e9sirs. Apr\u00e8s un court \u00e9change, nous d\u00e9cidons ensemble de mettre le focus sur une th\u00e9matique pr\u00e9cise et nous invoquons l\u2019esprit de Ixcacao pour nous accompagner lors du rituel.&nbsp;<\/p><p>La session se d\u00e9ploie dans un temps ind\u00e9termin\u00e9, invocation \u00e0 Ixcacao et aux alli\u00e9s, pri\u00e8res, chants m\u00e9decines, r\u00eave \u00e9veill\u00e9 au tambour, sound tuning and healing, oracle, purification avec la m\u00e9decine de la chouette, pranayamas, r\u00e9veil et int\u00e9gration.&nbsp;<\/p>\t\t\t\t\t\t\t\t<\/div>\n\t\t\t\t<\/div>\n\t\t\t\t\t<\/div>\n\t\t<\/div>\n\t\t\t\t\t<\/div>\n\t\t<\/section>\n\t\t\t\t<section class=\"elementor-section elementor-top-section elementor-element elementor-element-beb60a6 elementor-section-boxed elementor-section-height-default elementor-section-height-default\" data-id=\"beb60a6\" data-element_type=\"section\">\n\t\t\t\t\t\t<div class=\"elementor-container elementor-column-gap-default\">\n\t\t\t\t\t<div class=\"elementor-column elementor-col-100 elementor-top-column elementor-element elementor-element-e35df7a\" data-id=\"e35df7a\" data-element_type=\"column\">\n\t\t\t<div class=\"elementor-widget-wrap elementor-element-populated\">\n\t\t\t\t\t\t<div class=\"elementor-element elementor-element-dda66b6 elementor-widget elementor-widget-spacer\" data-id=\"dda66b6\" data-element_type=\"widget\" data-widget_type=\"spacer.default\">\n\t\t\t\t<div class=\"elementor-widget-container\">\n\t\t\t\t\t\t\t<div class=\"elementor-spacer\">\n\t\t\t<div class=\"elementor-spacer-inner\"><\/div>\n\t\t<\/div>\n\t\t\t\t\t\t<\/div>\n\t\t\t\t<\/div>\n\t\t\t\t\t<\/div>\n\t\t<\/div>\n\t\t\t\t\t<\/div>\n\t\t<\/section>\n\t\t\t\t<\/div>\n\t\t","protected":false},"excerpt":{"rendered":"<p>Ceremonie en One to One ou petit groupe 3\/4 personnes Parfois, nous avons besoin de soutien et de douceur dans un processus de gu\u00e9rison ou nous avons besoin d\u2019activer une part en nous qui a besoin d\u2019\u00eatre r\u00e9v\u00e9l\u00e9e.&nbsp; Valentina vous propose un rituel \u00e0 l\u2019\u00e9coute de vos besoins et de vos d\u00e9sirs. Apr\u00e8s un court [&hellip;]<\/p>\n","protected":false},"author":1,"featured_media":0,"parent":0,"menu_order":0,"comment_status":"closed","ping_status":"closed","template":"elementor_header_footer","meta":{"footnotes":""},"class_list":["post-4990","page","type-page","status-publish","hentry"],"yoast_head":"<!-- This site is optimized with the Yoast SEO plugin v27.5 - https:\/\/yoast.com\/product\/yoast-seo-wordpress\/ -->\n<title>Ceremonie en one to one - Here &amp; now<\/title>\n<meta name=\"description\" content=\"Les bienfaits du yoga ont \u00e9t\u00e9 prouv\u00e9s aujourd&#039;hui scientifiquement. C&#039;est pourquoi plusieurs entreprises font appel \u00e0 moi pour des cours de yoga d&#039;une heure\" \/>\n<meta name=\"robots\" content=\"index, follow, max-snippet:-1, max-image-preview:large, max-video-preview:-1\" \/>\n<link rel=\"canonical\" href=\"https:\/\/valentinaduna.com\/?page_id=4990\" \/>\n<meta property=\"og:locale\" content=\"fr_FR\" \/>\n<meta property=\"og:type\" content=\"article\" \/>\n<meta property=\"og:title\" content=\"Ceremonie en one to one - Here &amp; now\" \/>\n<meta property=\"og:description\" content=\"Les bienfaits du yoga ont \u00e9t\u00e9 prouv\u00e9s aujourd&#039;hui scientifiquement. C&#039;est pourquoi plusieurs entreprises font appel \u00e0 moi pour des cours de yoga d&#039;une heure\" \/>\n<meta property=\"og:url\" content=\"https:\/\/valentinaduna.com\/?page_id=4990\" \/>\n<meta property=\"og:site_name\" content=\"Here &amp; now\" \/>\n<meta property=\"article:modified_time\" content=\"2023-10-14T10:02:09+00:00\" \/>\n<meta name=\"twitter:card\" content=\"summary_large_image\" \/>\n<meta name=\"twitter:label1\" content=\"Dur\u00e9e de lecture estim\u00e9e\" \/>\n\t<meta name=\"twitter:data1\" content=\"1 minute\" \/>\n<script type=\"application\/ld+json\" class=\"yoast-schema-graph\">{\"@context\":\"https:\\\/\\\/schema.org\",\"@graph\":[{\"@type\":\"WebPage\",\"@id\":\"https:\\\/\\\/valentinaduna.com\\\/?page_id=4990\",\"url\":\"https:\\\/\\\/valentinaduna.com\\\/?page_id=4990\",\"name\":\"Ceremonie en one to one - Here &amp; now\",\"isPartOf\":{\"@id\":\"https:\\\/\\\/valentinaduna.com\\\/#website\"},\"datePublished\":\"2023-03-08T17:12:26+00:00\",\"dateModified\":\"2023-10-14T10:02:09+00:00\",\"description\":\"Les bienfaits du yoga ont \u00e9t\u00e9 prouv\u00e9s aujourd'hui scientifiquement. C'est pourquoi plusieurs entreprises font appel \u00e0 moi pour des cours de yoga d'une heure\",\"breadcrumb\":{\"@id\":\"https:\\\/\\\/valentinaduna.com\\\/?page_id=4990#breadcrumb\"},\"inLanguage\":\"fr-FR\",\"potentialAction\":[{\"@type\":\"ReadAction\",\"target\":[\"https:\\\/\\\/valentinaduna.com\\\/?page_id=4990\"]}]},{\"@type\":\"BreadcrumbList\",\"@id\":\"https:\\\/\\\/valentinaduna.com\\\/?page_id=4990#breadcrumb\",\"itemListElement\":[{\"@type\":\"ListItem\",\"position\":1,\"name\":\"Accueil\",\"item\":\"https:\\\/\\\/valentinaduna.com\\\/\"},{\"@type\":\"ListItem\",\"position\":2,\"name\":\"Ceremonie en one to one\"}]},{\"@type\":\"WebSite\",\"@id\":\"https:\\\/\\\/valentinaduna.com\\\/#website\",\"url\":\"https:\\\/\\\/valentinaduna.com\\\/\",\"name\":\"Here &amp; now\",\"description\":\"Valentina Duna \u2022 World Wild Yogini \u00e0 plumes\",\"potentialAction\":[{\"@type\":\"SearchAction\",\"target\":{\"@type\":\"EntryPoint\",\"urlTemplate\":\"https:\\\/\\\/valentinaduna.com\\\/?s={search_term_string}\"},\"query-input\":{\"@type\":\"PropertyValueSpecification\",\"valueRequired\":true,\"valueName\":\"search_term_string\"}}],\"inLanguage\":\"fr-FR\"}]}<\/script>\n<!-- \/ Yoast SEO plugin. -->","yoast_head_json":{"title":"Ceremonie en one to one - Here &amp; now","description":"Les bienfaits du yoga ont \u00e9t\u00e9 prouv\u00e9s aujourd'hui scientifiquement. C'est pourquoi plusieurs entreprises font appel \u00e0 moi pour des cours de yoga d'une heure","robots":{"index":"index","follow":"follow","max-snippet":"max-snippet:-1","max-image-preview":"max-image-preview:large","max-video-preview":"max-video-preview:-1"},"canonical":"https:\/\/valentinaduna.com\/?page_id=4990","og_locale":"fr_FR","og_type":"article","og_title":"Ceremonie en one to one - Here &amp; now","og_description":"Les bienfaits du yoga ont \u00e9t\u00e9 prouv\u00e9s aujourd'hui scientifiquement. C'est pourquoi plusieurs entreprises font appel \u00e0 moi pour des cours de yoga d'une heure","og_url":"https:\/\/valentinaduna.com\/?page_id=4990","og_site_name":"Here &amp; now","article_modified_time":"2023-10-14T10:02:09+00:00","twitter_card":"summary_large_image","twitter_misc":{"Dur\u00e9e de lecture estim\u00e9e":"1 minute"},"schema":{"@context":"https:\/\/schema.org","@graph":[{"@type":"WebPage","@id":"https:\/\/valentinaduna.com\/?page_id=4990","url":"https:\/\/valentinaduna.com\/?page_id=4990","name":"Ceremonie en one to one - Here &amp; now","isPartOf":{"@id":"https:\/\/valentinaduna.com\/#website"},"datePublished":"2023-03-08T17:12:26+00:00","dateModified":"2023-10-14T10:02:09+00:00","description":"Les bienfaits du yoga ont \u00e9t\u00e9 prouv\u00e9s aujourd'hui scientifiquement. C'est pourquoi plusieurs entreprises font appel \u00e0 moi pour des cours de yoga d'une heure","breadcrumb":{"@id":"https:\/\/valentinaduna.com\/?page_id=4990#breadcrumb"},"inLanguage":"fr-FR","potentialAction":[{"@type":"ReadAction","target":["https:\/\/valentinaduna.com\/?page_id=4990"]}]},{"@type":"BreadcrumbList","@id":"https:\/\/valentinaduna.com\/?page_id=4990#breadcrumb","itemListElement":[{"@type":"ListItem","position":1,"name":"Accueil","item":"https:\/\/valentinaduna.com\/"},{"@type":"ListItem","position":2,"name":"Ceremonie en one to one"}]},{"@type":"WebSite","@id":"https:\/\/valentinaduna.com\/#website","url":"https:\/\/valentinaduna.com\/","name":"Here &amp; now","description":"Valentina Duna \u2022 World Wild Yogini \u00e0 plumes","potentialAction":[{"@type":"SearchAction","target":{"@type":"EntryPoint","urlTemplate":"https:\/\/valentinaduna.com\/?s={search_term_string}"},"query-input":{"@type":"PropertyValueSpecification","valueRequired":true,"valueName":"search_term_string"}}],"inLanguage":"fr-FR"}]}},"_links":{"self":[{"href":"https:\/\/valentinaduna.com\/index.php?rest_route=\/wp\/v2\/pages\/4990","targetHints":{"allow":["GET"]}}],"collection":[{"href":"https:\/\/valentinaduna.com\/index.php?rest_route=\/wp\/v2\/pages"}],"about":[{"href":"https:\/\/valentinaduna.com\/index.php?rest_route=\/wp\/v2\/types\/page"}],"author":[{"embeddable":true,"href":"https:\/\/valentinaduna.com\/index.php?rest_route=\/wp\/v2\/users\/1"}],"replies":[{"embeddable":true,"href":"https:\/\/valentinaduna.com\/index.php?rest_route=%2Fwp%2Fv2%2Fcomments&post=4990"}],"version-history":[{"count":35,"href":"https:\/\/valentinaduna.com\/index.php?rest_route=\/wp\/v2\/pages\/4990\/revisions"}],"predecessor-version":[{"id":6373,"href":"https:\/\/valentinaduna.com\/index.php?rest_route=\/wp\/v2\/pages\/4990\/revisions\/6373"}],"wp:attachment":[{"href":"https:\/\/valentinaduna.com\/index.php?rest_route=%2Fwp%2Fv2%2Fmedia&parent=4990"}],"curies":[{"name":"wp","href":"https:\/\/api.w.org\/{rel}","templated":true}]}}