{"id":5825,"date":"2023-09-26T22:58:51","date_gmt":"2023-09-26T20:58:51","guid":{"rendered":"https:\/\/valentinaduna.com\/?page_id=5825"},"modified":"2023-09-26T23:00:13","modified_gmt":"2023-09-26T21:00:13","slug":"agenda-danse-du-dragon","status":"publish","type":"page","link":"https:\/\/valentinaduna.com\/?page_id=5825","title":{"rendered":"Agenda &#8211; \u200bDanse du Dragon"},"content":{"rendered":"\t\t<div data-elementor-type=\"wp-page\" data-elementor-id=\"5825\" class=\"elementor elementor-5825\">\n\t\t\t\t\t\t<section class=\"elementor-section elementor-top-section elementor-element elementor-element-7c60cf7 elementor-section-boxed elementor-section-height-default elementor-section-height-default\" data-id=\"7c60cf7\" data-element_type=\"section\">\n\t\t\t\t\t\t<div class=\"elementor-container elementor-column-gap-default\">\n\t\t\t\t\t<div class=\"elementor-column elementor-col-100 elementor-top-column elementor-element elementor-element-c7009f0\" data-id=\"c7009f0\" data-element_type=\"column\">\n\t\t\t<div class=\"elementor-widget-wrap elementor-element-populated\">\n\t\t\t\t\t\t<div class=\"elementor-element elementor-element-698ed7a elementor-widget elementor-widget-spacer\" data-id=\"698ed7a\" data-element_type=\"widget\" data-widget_type=\"spacer.default\">\n\t\t\t\t<div class=\"elementor-widget-container\">\n\t\t\t\t\t\t\t<div class=\"elementor-spacer\">\n\t\t\t<div class=\"elementor-spacer-inner\"><\/div>\n\t\t<\/div>\n\t\t\t\t\t\t<\/div>\n\t\t\t\t<\/div>\n\t\t\t\t\t<\/div>\n\t\t<\/div>\n\t\t\t\t\t<\/div>\n\t\t<\/section>\n\t\t\t\t<section class=\"elementor-section elementor-top-section elementor-element elementor-element-3c55daf elementor-section-boxed elementor-section-height-default elementor-section-height-default\" data-id=\"3c55daf\" data-element_type=\"section\">\n\t\t\t\t\t\t<div class=\"elementor-container elementor-column-gap-default\">\n\t\t\t\t\t<div class=\"elementor-column elementor-col-100 elementor-top-column elementor-element elementor-element-0ec1334\" data-id=\"0ec1334\" data-element_type=\"column\">\n\t\t\t<div class=\"elementor-widget-wrap elementor-element-populated\">\n\t\t\t\t\t\t<div class=\"elementor-element elementor-element-eventon elementor-widget elementor-widget-EventON\" data-id=\"eventon\" data-element_type=\"widget\" data-widget_type=\"EventON.default\">\n\t\t\t\t<div class=\"elementor-widget-container\">\n\t\t\t\t\t \t\t<div id='evo_search' class='EVOSR_section '>\r\n\t\t\t<div class=\"evo_search_entry\">\r\n\t\t\t\t<p class='evosr_search_box' >\r\n\t\t\t\t\t<input class='evo_search_field evoff_2i' type=\"text\" placeholder='Rechercher des \u00e9v\u00e9nements dans le calendrier' data-role=\"none\">\r\n\t\t\t\t\t<a class='evo_do_search'><i class=\"fa fa-search\"><\/i><\/a>\r\n\t\t\t\t\t<span class=\"evosr_blur\"><\/span>\r\n\t\t\t\t\t<span class=\"evosr_blur_process\"><\/span>\r\n\t\t\t\t\t<span class=\"evosr_blur_text\">Recherche<\/span>\r\n\t\t\t\t\t<span style=\"display:none\" class='data' data-sc='{\"event_type\":\"all\",\"event_type_2\":\"all\",\"number_of_months\":12,\"search_all\":\"no\",\"hide_mult_occur\":\"no\",\"lang\":\"L1\"}'><\/span>\r\n\t\t\t\t<\/p>\r\n\t\t\t\t<p class='evosr_msg' style='display:none'>Que voulez-vous chercher?<\/p>\r\n\t\t\t<\/div>\r\n\r\n\r\n\t\t\t<p class=\"evo_search_results_count evoff_2 evofz16\" style='display:none'><span>10<\/span> \u00c9v\u00e9nement(s) trouv\u00e9(s)<\/p>\r\n\t\t\t<div class=\"evo_search_results\"><\/div>\r\n\t\t<\/div>\r\n\t\t\t\t\t\t<\/div>\n\t\t\t\t<\/div>\n\t\t\t\t\t<\/div>\n\t\t<\/div>\n\t\t\t\t\t<\/div>\n\t\t<\/section>\n\t\t\t\t<section class=\"elementor-section elementor-top-section elementor-element elementor-element-297bb01 elementor-section-boxed elementor-section-height-default elementor-section-height-default\" data-id=\"297bb01\" data-element_type=\"section\">\n\t\t\t\t\t\t<div class=\"elementor-container elementor-column-gap-default\">\n\t\t\t\t\t<div class=\"elementor-column elementor-col-100 elementor-top-column elementor-element elementor-element-c141c77\" data-id=\"c141c77\" data-element_type=\"column\">\n\t\t\t<div class=\"elementor-widget-wrap elementor-element-populated\">\n\t\t\t\t\t\t<div class=\"elementor-element elementor-element-2b31e18 elementor-widget elementor-widget-spacer\" data-id=\"2b31e18\" data-element_type=\"widget\" data-widget_type=\"spacer.default\">\n\t\t\t\t<div class=\"elementor-widget-container\">\n\t\t\t\t\t\t\t<div class=\"elementor-spacer\">\n\t\t\t<div class=\"elementor-spacer-inner\"><\/div>\n\t\t<\/div>\n\t\t\t\t\t\t<\/div>\n\t\t\t\t<\/div>\n\t\t\t\t\t<\/div>\n\t\t<\/div>\n\t\t\t\t\t<\/div>\n\t\t<\/section>\n\t\t\t\t<section class=\"elementor-section elementor-top-section elementor-element elementor-element-3d4f73c elementor-section-boxed elementor-section-height-default elementor-section-height-default\" data-id=\"3d4f73c\" data-element_type=\"section\">\n\t\t\t\t\t\t<div class=\"elementor-container elementor-column-gap-default\">\n\t\t\t\t\t<div class=\"elementor-column elementor-col-100 elementor-top-column elementor-element elementor-element-327c504\" data-id=\"327c504\" data-element_type=\"column\">\n\t\t\t<div class=\"elementor-widget-wrap elementor-element-populated\">\n\t\t\t\t\t\t<div class=\"elementor-element elementor-element-eventon elementor-widget elementor-widget-EventON\" data-id=\"eventon\" data-element_type=\"widget\" data-widget_type=\"EventON.default\">\n\t\t\t\t<div class=\"elementor-widget-container\">\n\t\t\t\t\t<!-- EventON Calendar --><div id='evcal_calendar_694' class='list_cal ajde_evcal_calendar sev cev color esty_2 ul etttc_custom ' data-cal=''><div id='evcal_head' class='calendar_header ' ><div class='evo_cal_above evodfx evofx_dr_r marb5 evofx_ww'><button class='cal_head_btn evo-gototoday-btn' style='' data-mo='4' data-yr='2026' data-dy='' aria-label='evo-gototoday-btn'>Mois en cours<\/button><\/div><div class='evo_cal_above_content'><\/div><div class='evo_header_title '><\/div><\/div><div id='eventon_loadbar_section'><div id='eventon_loadbar'><\/div><\/div><!-- Events List --><div class='evo_events_list_box'><div id='evcal_list' class='eventon_events_list sep_months evcal_list_month'><div class='eventon_list_event no_events'><p class='no_events' >No Events<\/p><\/div>\t\t\t<\/div>\r\n\t\t\t<\/div><!-- evo_events_list_box -->\t\r\n\t\t\t<div class='clear'><\/div>\r\n\t\t\t\t\t \t<div id='evcal_footer' class='evo_bottom' style='display:none'>\r\n\t\t \t\t<div class='evo_cal_data' data-sc=\"{&quot;accord&quot;:&quot;no&quot;,&quot;bottom_nav&quot;:&quot;no&quot;,&quot;cal_id&quot;:&quot;&quot;,&quot;cal_init_nonajax&quot;:&quot;no&quot;,&quot;calendar_type&quot;:&quot;list&quot;,&quot;ep_fields&quot;:&quot;&quot;,&quot;etc_override&quot;:&quot;no&quot;,&quot;evc_open&quot;:&quot;no&quot;,&quot;event_count&quot;:0,&quot;event_location&quot;:&quot;all&quot;,&quot;event_order&quot;:&quot;ASC&quot;,&quot;event_organizer&quot;:&quot;all&quot;,&quot;event_parts&quot;:&quot;no&quot;,&quot;event_past_future&quot;:&quot;all&quot;,&quot;event_status&quot;:&quot;all&quot;,&quot;event_tag&quot;:&quot;all&quot;,&quot;event_type&quot;:&quot;40&quot;,&quot;event_type_2&quot;:&quot;all&quot;,&quot;event_virtual&quot;:&quot;all&quot;,&quot;eventtop_date_style&quot;:0,&quot;eventtop_style&quot;:&quot;2&quot;,&quot;exp_jumper&quot;:&quot;no&quot;,&quot;exp_so&quot;:&quot;no&quot;,&quot;filter_relationship&quot;:&quot;AND&quot;,&quot;filter_show_set_only&quot;:&quot;no&quot;,&quot;filter_style&quot;:&quot;default&quot;,&quot;filter_type&quot;:&quot;default&quot;,&quot;filters&quot;:&quot;yes&quot;,&quot;fixed_month&quot;:&quot;4&quot;,&quot;fixed_year&quot;:&quot;2026&quot;,&quot;focus_end_date_range&quot;:&quot;1806537599&quot;,&quot;focus_start_date_range&quot;:&quot;1775001600&quot;,&quot;ft_event_priority&quot;:&quot;no&quot;,&quot;hide_arrows&quot;:&quot;no&quot;,&quot;hide_cancels&quot;:&quot;no&quot;,&quot;hide_empty_months&quot;:&quot;yes&quot;,&quot;hide_end_time&quot;:&quot;no&quot;,&quot;hide_et_dn&quot;:&quot;no&quot;,&quot;hide_et_extra&quot;:&quot;no&quot;,&quot;hide_et_tags&quot;:&quot;no&quot;,&quot;hide_et_tl&quot;:&quot;no&quot;,&quot;hide_ft&quot;:&quot;no&quot;,&quot;hide_ft_img&quot;:&quot;no&quot;,&quot;hide_month_headers&quot;:&quot;no&quot;,&quot;hide_mult_occur&quot;:&quot;no&quot;,&quot;hide_past&quot;:&quot;no&quot;,&quot;hide_past_by&quot;:&quot;ee&quot;,&quot;hide_so&quot;:&quot;no&quot;,&quot;ics&quot;:&quot;no&quot;,&quot;jumper&quot;:&quot;no&quot;,&quot;jumper_count&quot;:5,&quot;jumper_offset&quot;:&quot;0&quot;,&quot;lang&quot;:&quot;L1&quot;,&quot;layout_changer&quot;:&quot;no&quot;,&quot;livenow_bar&quot;:&quot;yes&quot;,&quot;mapformat&quot;:&quot;roadmap&quot;,&quot;mapiconurl&quot;:&quot;&quot;,&quot;maps_load&quot;:&quot;yes&quot;,&quot;mapscroll&quot;:&quot;true&quot;,&quot;mapzoom&quot;:&quot;18&quot;,&quot;members_only&quot;:&quot;no&quot;,&quot;ml_priority&quot;:&quot;no&quot;,&quot;ml_toend&quot;:&quot;no&quot;,&quot;month_incre&quot;:0,&quot;number_of_months&quot;:&quot;12&quot;,&quot;only_ft&quot;:&quot;no&quot;,&quot;pec&quot;:&quot;&quot;,&quot;s&quot;:&quot;&quot;,&quot;search&quot;:&quot;&quot;,&quot;search_all&quot;:&quot;no&quot;,&quot;sep_month&quot;:&quot;yes&quot;,&quot;show_et_ft_img&quot;:&quot;no&quot;,&quot;show_limit&quot;:&quot;no&quot;,&quot;show_limit_ajax&quot;:&quot;no&quot;,&quot;show_limit_paged&quot;:1,&quot;show_limit_redir&quot;:&quot;&quot;,&quot;show_repeats&quot;:&quot;no&quot;,&quot;show_search&quot;:&quot;no&quot;,&quot;show_upcoming&quot;:0,&quot;show_year&quot;:&quot;no&quot;,&quot;social_share&quot;:&quot;no&quot;,&quot;sort_by&quot;:&quot;sort_date&quot;,&quot;tile_bg&quot;:0,&quot;tile_bg_size&quot;:&quot;full&quot;,&quot;tile_count&quot;:2,&quot;tile_height&quot;:0,&quot;tile_style&quot;:0,&quot;tiles&quot;:&quot;no&quot;,&quot;ux_val&quot;:&quot;0&quot;,&quot;view_switcher&quot;:&quot;no&quot;,&quot;wpml_l1&quot;:&quot;&quot;,&quot;wpml_l2&quot;:&quot;&quot;,&quot;wpml_l3&quot;:&quot;&quot;,&quot;x_ids&quot;:&quot;&quot;,&quot;yl_priority&quot;:&quot;no&quot;,&quot;yl_toend&quot;:&quot;no&quot;,&quot;fixed_day&quot;:&quot;28&quot;,&quot;_cver&quot;:&quot;5.0.2&quot;}\" data-filter_data=\"[]\" data-nav_data=\"{&quot;month_title&quot;:&quot;&lt;p id=&#039;evcal_cur&#039; class=&#039;evo_month_title padr10&#039;&gt; avril, 2026&lt;\\\/p&gt;&quot;,&quot;arrows&quot;:&quot;&lt;p class=&#039;evo_arrows&#039;&gt;\\r\\n\\t\\t\\t\\t\\t&lt;button id=&#039;evcal_prev&#039; class=&#039;evcal_arrows evcal_btn_prev evodfx evofx_jc_c evofx_ai_c&#039; aria-label=&#039;Previous Month&#039;&gt;&lt;i class=&#039;fa fa-chevron-left&#039; aria-hidden=&#039;true&#039;&gt;&lt;\\\/i&gt;&lt;\\\/button&gt;\\r\\n\\t\\t\\t\\t\\t&lt;button id=&#039;evcal_next&#039; class=&#039;evcal_arrows evo_arrow_next evcal_btn_next evodfx evofx_jc_c evofx_ai_c&#039; aria-label=&#039;Next Month&#039;&gt;&lt;i class=&#039;fa fa-chevron-right&#039; aria-hidden=&#039;true&#039;&gt;&lt;\\\/i&gt;&lt;\\\/button&gt;\\r\\n\\t\\t\\t\\t\\t&lt;\\\/p&gt;&quot;}\" data-od=\"{&quot;lang_no_events&quot;:&quot;No Events&quot;,&quot;cal_tz_offset&quot;:0,&quot;cal_tz&quot;:&quot;UTC&quot;}\" ><\/div>\r\n\t\t \t\t<div class='evo_cal_events' data-events=\"\"><\/div>\r\n\t\t \t<\/div>\r\n\t\t\t\t\r\n\t\t\t\r\n\t\t\t\t\t\t<\/div><!-- EventON End -->\r\n\t\t\t\t\t\t\t<\/div>\n\t\t\t\t<\/div>\n\t\t\t\t\t<\/div>\n\t\t<\/div>\n\t\t\t\t\t<\/div>\n\t\t<\/section>\n\t\t\t\t<section class=\"elementor-section elementor-top-section elementor-element elementor-element-a3f2974 elementor-section-boxed elementor-section-height-default elementor-section-height-default\" data-id=\"a3f2974\" data-element_type=\"section\">\n\t\t\t\t\t\t<div class=\"elementor-container elementor-column-gap-default\">\n\t\t\t\t\t<div class=\"elementor-column elementor-col-100 elementor-top-column elementor-element elementor-element-9d26d24\" data-id=\"9d26d24\" data-element_type=\"column\">\n\t\t\t<div class=\"elementor-widget-wrap elementor-element-populated\">\n\t\t\t\t\t\t<div class=\"elementor-element elementor-element-6c36caa elementor-widget elementor-widget-spacer\" data-id=\"6c36caa\" data-element_type=\"widget\" data-widget_type=\"spacer.default\">\n\t\t\t\t<div class=\"elementor-widget-container\">\n\t\t\t\t\t\t\t<div class=\"elementor-spacer\">\n\t\t\t<div class=\"elementor-spacer-inner\"><\/div>\n\t\t<\/div>\n\t\t\t\t\t\t<\/div>\n\t\t\t\t<\/div>\n\t\t\t\t\t<\/div>\n\t\t<\/div>\n\t\t\t\t\t<\/div>\n\t\t<\/section>\n\t\t\t\t<\/div>\n\t\t","protected":false},"excerpt":{"rendered":"","protected":false},"author":1,"featured_media":0,"parent":0,"menu_order":0,"comment_status":"closed","ping_status":"closed","template":"elementor_header_footer","meta":{"footnotes":""},"class_list":["post-5825","page","type-page","status-publish","hentry"],"yoast_head":"<!-- This site is optimized with the Yoast SEO plugin v26.7 - https:\/\/yoast.com\/wordpress\/plugins\/seo\/ -->\n<title>Agenda - \u200bDanse du Dragon - Here &amp; now<\/title>\n<meta name=\"description\" content=\"Retrouvez ici toutes les dates de mes ateliers, retraites, immersions et formations de yoga. R\u00e9servez vos places en ligne.\" \/>\n<meta name=\"robots\" content=\"index, follow, max-snippet:-1, max-image-preview:large, max-video-preview:-1\" \/>\n<link rel=\"canonical\" href=\"https:\/\/valentinaduna.com\/?page_id=5825\" \/>\n<meta property=\"og:locale\" content=\"fr_FR\" \/>\n<meta property=\"og:type\" content=\"article\" \/>\n<meta property=\"og:title\" content=\"Agenda - \u200bDanse du Dragon - Here &amp; now\" \/>\n<meta property=\"og:description\" content=\"Retrouvez ici toutes les dates de mes ateliers, retraites, immersions et formations de yoga. R\u00e9servez vos places en ligne.\" \/>\n<meta property=\"og:url\" content=\"https:\/\/valentinaduna.com\/?page_id=5825\" \/>\n<meta property=\"og:site_name\" content=\"Here &amp; now\" \/>\n<meta property=\"article:modified_time\" content=\"2023-09-26T21:00:13+00:00\" \/>\n<meta name=\"twitter:card\" content=\"summary_large_image\" \/>\n<meta name=\"twitter:label1\" content=\"Dur\u00e9e de lecture estim\u00e9e\" \/>\n\t<meta name=\"twitter:data1\" content=\"1 minute\" \/>\n<script type=\"application\/ld+json\" class=\"yoast-schema-graph\">{\"@context\":\"https:\/\/schema.org\",\"@graph\":[{\"@type\":\"WebPage\",\"@id\":\"https:\/\/valentinaduna.com\/?page_id=5825\",\"url\":\"https:\/\/valentinaduna.com\/?page_id=5825\",\"name\":\"Agenda - \u200bDanse du Dragon - Here &amp; now\",\"isPartOf\":{\"@id\":\"https:\/\/valentinaduna.com\/#website\"},\"datePublished\":\"2023-09-26T20:58:51+00:00\",\"dateModified\":\"2023-09-26T21:00:13+00:00\",\"description\":\"Retrouvez ici toutes les dates de mes ateliers, retraites, immersions et formations de yoga. R\u00e9servez vos places en ligne.\",\"breadcrumb\":{\"@id\":\"https:\/\/valentinaduna.com\/?page_id=5825#breadcrumb\"},\"inLanguage\":\"fr-FR\",\"potentialAction\":[{\"@type\":\"ReadAction\",\"target\":[\"https:\/\/valentinaduna.com\/?page_id=5825\"]}]},{\"@type\":\"BreadcrumbList\",\"@id\":\"https:\/\/valentinaduna.com\/?page_id=5825#breadcrumb\",\"itemListElement\":[{\"@type\":\"ListItem\",\"position\":1,\"name\":\"Accueil\",\"item\":\"https:\/\/valentinaduna.com\/\"},{\"@type\":\"ListItem\",\"position\":2,\"name\":\"Agenda &#8211; \u200bDanse du Dragon\"}]},{\"@type\":\"WebSite\",\"@id\":\"https:\/\/valentinaduna.com\/#website\",\"url\":\"https:\/\/valentinaduna.com\/\",\"name\":\"Here &amp; now\",\"description\":\"Valentina Duna \u2022 World Wild Yogini \u00e0 plumes\",\"potentialAction\":[{\"@type\":\"SearchAction\",\"target\":{\"@type\":\"EntryPoint\",\"urlTemplate\":\"https:\/\/valentinaduna.com\/?s={search_term_string}\"},\"query-input\":{\"@type\":\"PropertyValueSpecification\",\"valueRequired\":true,\"valueName\":\"search_term_string\"}}],\"inLanguage\":\"fr-FR\"}]}<\/script>\n<!-- \/ Yoast SEO plugin. -->","yoast_head_json":{"title":"Agenda - \u200bDanse du Dragon - Here &amp; now","description":"Retrouvez ici toutes les dates de mes ateliers, retraites, immersions et formations de yoga. R\u00e9servez vos places en ligne.","robots":{"index":"index","follow":"follow","max-snippet":"max-snippet:-1","max-image-preview":"max-image-preview:large","max-video-preview":"max-video-preview:-1"},"canonical":"https:\/\/valentinaduna.com\/?page_id=5825","og_locale":"fr_FR","og_type":"article","og_title":"Agenda - \u200bDanse du Dragon - Here &amp; now","og_description":"Retrouvez ici toutes les dates de mes ateliers, retraites, immersions et formations de yoga. R\u00e9servez vos places en ligne.","og_url":"https:\/\/valentinaduna.com\/?page_id=5825","og_site_name":"Here &amp; now","article_modified_time":"2023-09-26T21:00:13+00:00","twitter_card":"summary_large_image","twitter_misc":{"Dur\u00e9e de lecture estim\u00e9e":"1 minute"},"schema":{"@context":"https:\/\/schema.org","@graph":[{"@type":"WebPage","@id":"https:\/\/valentinaduna.com\/?page_id=5825","url":"https:\/\/valentinaduna.com\/?page_id=5825","name":"Agenda - \u200bDanse du Dragon - Here &amp; now","isPartOf":{"@id":"https:\/\/valentinaduna.com\/#website"},"datePublished":"2023-09-26T20:58:51+00:00","dateModified":"2023-09-26T21:00:13+00:00","description":"Retrouvez ici toutes les dates de mes ateliers, retraites, immersions et formations de yoga. R\u00e9servez vos places en ligne.","breadcrumb":{"@id":"https:\/\/valentinaduna.com\/?page_id=5825#breadcrumb"},"inLanguage":"fr-FR","potentialAction":[{"@type":"ReadAction","target":["https:\/\/valentinaduna.com\/?page_id=5825"]}]},{"@type":"BreadcrumbList","@id":"https:\/\/valentinaduna.com\/?page_id=5825#breadcrumb","itemListElement":[{"@type":"ListItem","position":1,"name":"Accueil","item":"https:\/\/valentinaduna.com\/"},{"@type":"ListItem","position":2,"name":"Agenda &#8211; \u200bDanse du Dragon"}]},{"@type":"WebSite","@id":"https:\/\/valentinaduna.com\/#website","url":"https:\/\/valentinaduna.com\/","name":"Here &amp; now","description":"Valentina Duna \u2022 World Wild Yogini \u00e0 plumes","potentialAction":[{"@type":"SearchAction","target":{"@type":"EntryPoint","urlTemplate":"https:\/\/valentinaduna.com\/?s={search_term_string}"},"query-input":{"@type":"PropertyValueSpecification","valueRequired":true,"valueName":"search_term_string"}}],"inLanguage":"fr-FR"}]}},"_links":{"self":[{"href":"https:\/\/valentinaduna.com\/index.php?rest_route=\/wp\/v2\/pages\/5825","targetHints":{"allow":["GET"]}}],"collection":[{"href":"https:\/\/valentinaduna.com\/index.php?rest_route=\/wp\/v2\/pages"}],"about":[{"href":"https:\/\/valentinaduna.com\/index.php?rest_route=\/wp\/v2\/types\/page"}],"author":[{"embeddable":true,"href":"https:\/\/valentinaduna.com\/index.php?rest_route=\/wp\/v2\/users\/1"}],"replies":[{"embeddable":true,"href":"https:\/\/valentinaduna.com\/index.php?rest_route=%2Fwp%2Fv2%2Fcomments&post=5825"}],"version-history":[{"count":4,"href":"https:\/\/valentinaduna.com\/index.php?rest_route=\/wp\/v2\/pages\/5825\/revisions"}],"predecessor-version":[{"id":5829,"href":"https:\/\/valentinaduna.com\/index.php?rest_route=\/wp\/v2\/pages\/5825\/revisions\/5829"}],"wp:attachment":[{"href":"https:\/\/valentinaduna.com\/index.php?rest_route=%2Fwp%2Fv2%2Fmedia&parent=5825"}],"curies":[{"name":"wp","href":"https:\/\/api.w.org\/{rel}","templated":true}]}}