{"id":7,"date":"2018-11-17T14:56:43","date_gmt":"2018-11-17T13:56:43","guid":{"rendered":"http:\/\/valentinaduna.com\/?page_id=7"},"modified":"2024-06-15T18:41:10","modified_gmt":"2024-06-15T16:41:10","slug":"a-propos","status":"publish","type":"page","link":"https:\/\/valentinaduna.com\/?page_id=7","title":{"rendered":"\u00c0 propos d&rsquo;ailes"},"content":{"rendered":"\t\t<div data-elementor-type=\"wp-page\" data-elementor-id=\"7\" class=\"elementor elementor-7\">\n\t\t\t\t\t\t<section class=\"elementor-section elementor-top-section elementor-element elementor-element-72daa12 elementor-section-boxed elementor-section-height-default elementor-section-height-default\" data-id=\"72daa12\" data-element_type=\"section\">\n\t\t\t\t\t\t<div class=\"elementor-container elementor-column-gap-default\">\n\t\t\t\t\t<div class=\"elementor-column elementor-col-100 elementor-top-column elementor-element elementor-element-aa77918\" data-id=\"aa77918\" data-element_type=\"column\">\n\t\t\t<div class=\"elementor-widget-wrap elementor-element-populated\">\n\t\t\t\t\t\t<div class=\"elementor-element elementor-element-4707a8a elementor-widget elementor-widget-spacer\" data-id=\"4707a8a\" data-element_type=\"widget\" data-widget_type=\"spacer.default\">\n\t\t\t\t<div class=\"elementor-widget-container\">\n\t\t\t\t\t\t\t<div class=\"elementor-spacer\">\n\t\t\t<div class=\"elementor-spacer-inner\"><\/div>\n\t\t<\/div>\n\t\t\t\t\t\t<\/div>\n\t\t\t\t<\/div>\n\t\t\t\t\t<\/div>\n\t\t<\/div>\n\t\t\t\t\t<\/div>\n\t\t<\/section>\n\t\t\t\t<section class=\"elementor-section elementor-top-section elementor-element elementor-element-119b68d2 elementor-section-boxed elementor-section-height-default elementor-section-height-default\" data-id=\"119b68d2\" data-element_type=\"section\" data-settings=\"{&quot;background_background&quot;:&quot;classic&quot;}\">\n\t\t\t\t\t\t<div class=\"elementor-container elementor-column-gap-no\">\n\t\t\t\t\t<div class=\"elementor-column elementor-col-33 elementor-top-column elementor-element elementor-element-7a2b03ea\" data-id=\"7a2b03ea\" data-element_type=\"column\">\n\t\t\t<div class=\"elementor-widget-wrap elementor-element-populated\">\n\t\t\t\t\t\t<div class=\"elementor-element elementor-element-8c5583f elementor-widget elementor-widget-heading\" data-id=\"8c5583f\" data-element_type=\"widget\" data-widget_type=\"heading.default\">\n\t\t\t\t<div class=\"elementor-widget-container\">\n\t\t\t\t\t<h2 class=\"elementor-heading-title elementor-size-default\">Professeure et Formatrice de yoga install\u00e9e dans les C\u00e9vennes<\/h2>\t\t\t\t<\/div>\n\t\t\t\t<\/div>\n\t\t\t\t<div class=\"elementor-element elementor-element-52b18d7f elementor-widget elementor-widget-text-editor\" data-id=\"52b18d7f\" data-element_type=\"widget\" data-widget_type=\"text-editor.default\">\n\t\t\t\t<div class=\"elementor-widget-container\">\n\t\t\t\t\t\t\t\t\t<p>Il \u00e9tait une fois, aux confins d\u2019une province fran\u00e7aise bordant l\u2019Oc\u00e9an Atlantique, une jeune ado, r\u00eavant de son enfance tropicale \u00e0 l\u2019\u00eele de la R\u00e9union. La R\u00e9union\u2026 Petite \u00eele fran\u00e7aise flottant sur l\u2019Oc\u00e9an Indien.<\/p>\t\t\t\t\t\t\t\t<\/div>\n\t\t\t\t<\/div>\n\t\t\t\t\t<\/div>\n\t\t<\/div>\n\t\t\t\t<div class=\"elementor-column elementor-col-33 elementor-top-column elementor-element elementor-element-77bd6a8e\" data-id=\"77bd6a8e\" data-element_type=\"column\">\n\t\t\t<div class=\"elementor-widget-wrap elementor-element-populated\">\n\t\t\t\t\t\t<div class=\"elementor-element elementor-element-6817e4a elementor-widget elementor-widget-heading\" data-id=\"6817e4a\" data-element_type=\"widget\" data-widget_type=\"heading.default\">\n\t\t\t\t<div class=\"elementor-widget-container\">\n\t\t\t\t\t<h6 class=\"elementor-heading-title elementor-size-default\">Valentina Duna<\/h6>\t\t\t\t<\/div>\n\t\t\t\t<\/div>\n\t\t\t\t<div class=\"elementor-element elementor-element-6a8380f3 elementor-widget elementor-widget-heading\" data-id=\"6a8380f3\" data-element_type=\"widget\" data-widget_type=\"heading.default\">\n\t\t\t\t<div class=\"elementor-widget-container\">\n\t\t\t\t\t<h2 class=\"elementor-heading-title elementor-size-default\">\u00c0 propos d'ailes<\/h2>\t\t\t\t<\/div>\n\t\t\t\t<\/div>\n\t\t\t\t<div class=\"elementor-element elementor-element-1d7affb1 elementor-widget elementor-widget-image\" data-id=\"1d7affb1\" data-element_type=\"widget\" data-widget_type=\"image.default\">\n\t\t\t\t<div class=\"elementor-widget-container\">\n\t\t\t\t\t\t\t\t\t\t\t\t\t\t\t<img fetchpriority=\"high\" decoding=\"async\" width=\"2560\" height=\"1920\" src=\"https:\/\/valentinaduna.com\/wp-content\/uploads\/2023\/10\/Valentina-Titicaca-scaled.jpg\" class=\"attachment-full size-full wp-image-5934\" alt=\"\" srcset=\"https:\/\/valentinaduna.com\/wp-content\/uploads\/2023\/10\/Valentina-Titicaca-scaled.jpg 2560w, https:\/\/valentinaduna.com\/wp-content\/uploads\/2023\/10\/Valentina-Titicaca-300x225.jpg 300w, https:\/\/valentinaduna.com\/wp-content\/uploads\/2023\/10\/Valentina-Titicaca-1024x768.jpg 1024w, https:\/\/valentinaduna.com\/wp-content\/uploads\/2023\/10\/Valentina-Titicaca-768x576.jpg 768w, https:\/\/valentinaduna.com\/wp-content\/uploads\/2023\/10\/Valentina-Titicaca-1536x1152.jpg 1536w, https:\/\/valentinaduna.com\/wp-content\/uploads\/2023\/10\/Valentina-Titicaca-2048x1536.jpg 2048w, https:\/\/valentinaduna.com\/wp-content\/uploads\/2023\/10\/Valentina-Titicaca-1320x990.jpg 1320w, https:\/\/valentinaduna.com\/wp-content\/uploads\/2023\/10\/Valentina-Titicaca-600x450.jpg 600w\" sizes=\"(max-width: 2560px) 100vw, 2560px\" \/>\t\t\t\t\t\t\t\t\t\t\t\t\t\t\t<\/div>\n\t\t\t\t<\/div>\n\t\t\t\t\t<\/div>\n\t\t<\/div>\n\t\t\t\t<div class=\"elementor-column elementor-col-33 elementor-top-column elementor-element elementor-element-5b06df20\" data-id=\"5b06df20\" data-element_type=\"column\">\n\t\t\t<div class=\"elementor-widget-wrap elementor-element-populated\">\n\t\t\t\t\t\t<div class=\"elementor-element elementor-element-18b9574b elementor-hidden-tablet elementor-hidden-mobile elementor-widget-divider--view-line elementor-widget elementor-widget-divider\" data-id=\"18b9574b\" data-element_type=\"widget\" data-widget_type=\"divider.default\">\n\t\t\t\t<div class=\"elementor-widget-container\">\n\t\t\t\t\t\t\t<div class=\"elementor-divider\">\n\t\t\t<span class=\"elementor-divider-separator\">\n\t\t\t\t\t\t<\/span>\n\t\t<\/div>\n\t\t\t\t\t\t<\/div>\n\t\t\t\t<\/div>\n\t\t\t\t<div class=\"elementor-element elementor-element-2d4ce4d2 elementor-widget elementor-widget-heading\" data-id=\"2d4ce4d2\" data-element_type=\"widget\" data-widget_type=\"heading.default\">\n\t\t\t\t<div class=\"elementor-widget-container\">\n\t\t\t\t\t<h4 class=\"elementor-heading-title elementor-size-default\">L\u2019Oc\u00e9an...<\/h4>\t\t\t\t<\/div>\n\t\t\t\t<\/div>\n\t\t\t\t<div class=\"elementor-element elementor-element-45f2dabd elementor-widget elementor-widget-text-editor\" data-id=\"45f2dabd\" data-element_type=\"widget\" data-widget_type=\"text-editor.default\">\n\t\t\t\t<div class=\"elementor-widget-container\">\n\t\t\t\t\t\t\t\t\t<p>L\u2019<strong>Oc\u00e9an<\/strong>, le grand bleu, fut son premier Guru, grand Ma\u00eetre du myst\u00e8re et de l\u2019infinitude, de l\u2019humilit\u00e9, et du courage, de la transparence et de la profondeur.<\/p><blockquote><p>Le Grand Large r\u00e9veillait ainsi sa curiosit\u00e9. Il lui inspirait le\u00a0 voyage. Ce bleu lui avait ouvert les yeux mais pas que\u2026 Le c\u0153ur aussi, le c\u0153ur qui interroge, qui veut rencontrer et m\u00e9tisser\u2026<\/p><\/blockquote><p>A 17 ans, sous les sages conseils de l\u2019Anc\u00eatre,\u00a0<strong>Mamilou<\/strong>, sa g\u00e9niale Grand-M\u00e8re, elle partit aux Indes, \u00e0 Pondich\u00e9ry. L\u00e0-bas, elle s\u2019expatria dans un orphelinat avec pleins de petits tamouls! Non qu\u2019elle se sentit l\u2019\u00e2me de Baloo, mais elle prit soin d\u2019\u00eatre avec eux comme une grande s\u0153ur aimante\u2026 Premi\u00e8re effleurage empathique.<\/p>\t\t\t\t\t\t\t\t<\/div>\n\t\t\t\t<\/div>\n\t\t\t\t<div class=\"elementor-element elementor-element-68b9773 elementor-hidden-tablet elementor-hidden-mobile elementor-widget-divider--view-line elementor-widget elementor-widget-divider\" data-id=\"68b9773\" data-element_type=\"widget\" data-widget_type=\"divider.default\">\n\t\t\t\t<div class=\"elementor-widget-container\">\n\t\t\t\t\t\t\t<div class=\"elementor-divider\">\n\t\t\t<span class=\"elementor-divider-separator\">\n\t\t\t\t\t\t<\/span>\n\t\t<\/div>\n\t\t\t\t\t\t<\/div>\n\t\t\t\t<\/div>\n\t\t\t\t\t<\/div>\n\t\t<\/div>\n\t\t\t\t\t<\/div>\n\t\t<\/section>\n\t\t\t\t<section class=\"elementor-section elementor-top-section elementor-element elementor-element-d61a995 elementor-section-full_width elementor-section-height-default elementor-section-height-default\" data-id=\"d61a995\" data-element_type=\"section\">\n\t\t\t\t\t\t<div class=\"elementor-container elementor-column-gap-default\">\n\t\t\t\t\t<div class=\"elementor-column elementor-col-100 elementor-top-column elementor-element elementor-element-5a67d91\" data-id=\"5a67d91\" data-element_type=\"column\" data-settings=\"{&quot;background_background&quot;:&quot;classic&quot;}\">\n\t\t\t<div class=\"elementor-widget-wrap elementor-element-populated\">\n\t\t\t\t\t\t<div class=\"elementor-element elementor-element-2e978cf0 elementor-widget elementor-widget-text-editor\" data-id=\"2e978cf0\" data-element_type=\"widget\" data-widget_type=\"text-editor.default\">\n\t\t\t\t<div class=\"elementor-widget-container\">\n\t\t\t\t\t\t\t\t\t<p>L\u2019\u00e9motion et l\u2019ambiance y \u00e9taient intenses et difficiles. On lui pr\u00e9senta donc une dame,&nbsp;<strong>Nelly Bouchardeau<\/strong>, danseuse et bhakta (d\u00e9v\u00f4t) de&nbsp;<strong>Sri Aurobindo&nbsp;<\/strong>et<strong>&nbsp;M\u00e8re<\/strong>&nbsp;et professeure de Yoga \u2026 Cette merveilleuse et grande Dame, l\u2019initia \u00e0 l\u2019art du Yoga, art de vivre en paix avec soi et le monde.<\/p>\n<p>Son initiation se fit donc \u00e0 la source de cet immense fleuve qu\u2019est devenu le yoga aujourd\u2019hui.<\/p>\n<blockquote>\n<p>Apr\u00e8s avoir voyag\u00e9 en Inde du Sud, elle retourna \u00e0 Paris pour \u00e9tudier et se dipl\u00f4mer en photographie \u00e0 l<strong>\u2018<a href=\"http:\/\/atelier-reflexe.org\/atelier.html\">Atelier Reflexe<\/a><\/strong>&nbsp;(Montreuil), ainsi qu\u2019\u00e0 l\u2019<a href=\"https:\/\/www.efet.fr\/ecole-de-photographie.html\"><strong>EFET<\/strong><\/a>.&nbsp; Et en parall\u00e8le, elle approfondie ses connaissances sur l\u2019Inde \u00e0 l\u2019<a href=\"http:\/\/www.inalco.fr\/\"><strong>Institut National des Langues et des Civilisations Orientales<\/strong><\/a>&nbsp;(rien que le nom la faisait r\u00eaver) \u2026 Elle y \u00e9tudia le Hindi dans la section Civilisations d\u2019Asie du Sud.&nbsp;<\/p>\n<\/blockquote>\n<p>Elle \u00e9crivit sa th\u00e8se sur la mystique sauvage des femmes<em>&nbsp;Sanyas<\/em>&nbsp;(renon\u00e7antes) hindoues. Elle repartit de nombreuses fois en Inde, combl\u00e9e et hypnotis\u00e9e par cette Terre si Mystique et Sacr\u00e9e. Elle travailla aussi un an \u00e0 Delhi en tant que Photographe pour la revue&nbsp;<a href=\"https:\/\/www.outlookindia.com\/\">Outlook India<\/a>&nbsp;dans le cadre d\u2019un stage professionnel pour finaliser ses \u00e9tudes et obtenir ses dipl\u00f4mes.&nbsp;<\/p>\n<p>A Paris, elle continuait son \u00e9tude du Yoga chez&nbsp;<a href=\"http:\/\/www.samasthitistudio.net\/caroline-b\/\"><strong>Caroline Boulinguez<\/strong><\/a>, en Ashtanga Yoga Korunta et le Yoga&nbsp;<a href=\"https:\/\/sivanandaparis.org\/formations-de-professeurs\/\"><strong>Sivananda<\/strong><\/a>&nbsp;Boulevard Raspail, le petit&nbsp;<em>Rishikesh<\/em>&nbsp;de Paris. D\u2019ailleurs, elle sentait de plus en plus le masala\u2026 Ce centre \u00e9tait devenu sa deuxi\u00e8me maison, elle y rencontra&nbsp;<strong>Nico Shanti<\/strong>, son fr\u00e8re yogi qui lui ouvra les portes en 2005 du magnifique centre&nbsp;<a href=\"https:\/\/www.rasa-yogarivegauche.com\/\">Rasa yoga Rive Gauche<\/a>&nbsp;o\u00f9 elle commen\u00e7a \u00e0 enseigner en France\u2026 Sa sensibilit\u00e9 grandissante, elle sentait que la&nbsp;<em>city<\/em>&nbsp;prenait de plus en plus de place\u2026 Trop de place.<\/p>\n<p>Et donc, en incessante qu\u00eate de coh\u00e9rence, elle s\u2019envola pour Mexico\u2026 rejoindre sa grande s\u0153ur, designer et danseuse de la Lune\u2026 Elle y v\u00e9cu pendant plus de 5 ans des &nbsp;moments de grand bonheur. Dans l\u2019\u00e9tat de Morelos, elle y commen\u00e7a sa formation de professeure de Yoga aupr\u00e8s de&nbsp;<a href=\"https:\/\/www.facebook.com\/BaptisteMarceauYoga\/\"><strong>Baptiste Marceau<\/strong><\/a>&nbsp;en Ashtanga Yoga Korunta,&nbsp;<strong>No\u00e9mi Ramirez<\/strong>&nbsp;en Vij\u00f1ana Yoga et&nbsp;<a href=\"https:\/\/annmoxey.blogs.com\/yoga\/info-de-ann-moxey\/\"><strong>Ann Moxey<\/strong><\/a>&nbsp;en Anusara Yoga.&nbsp; La fusion de ces diff\u00e9rentes lign\u00e9es&nbsp; lui a permis de cr\u00e9er un style propre de vinyasa yoga, la fluidit\u00e9 et la puissance, unies dans un voyage sacr\u00e9 autour du Soi.&nbsp;<\/p>\n<p>Marchant, caminando, elle rencontra de grands personnages qui l\u2019inspirent jusqu\u2019\u00e0 pr\u00e9sent aupr\u00e8s desquels elle s\u2019est form\u00e9 professionnellement et pour certains qu\u2019elle a assist\u00e9 de longues ann\u00e9es:<br>\u2013&nbsp;<a href=\"http:\/\/www.biffmithoeferyoga.com\/\"><strong>Biff Mitthoeffer<\/strong><\/a>&nbsp;en Yin Yoga, par sa profondeur,&nbsp; son minimalisme et son approche chamanique am\u00e9rindienne. Il nous invite \u00e0 la sagesse de&nbsp;<strong>l\u2019acceptation<\/strong>.&nbsp;<br>\u2013&nbsp;<a href=\"https:\/\/www.ynergy.fr\/\"><strong>J\u00e9r\u00f4me Ravenet<\/strong><\/a>&nbsp;Ma\u00eetre de &nbsp;Chi Qong et Docteur en philosophie par sa surprenante&nbsp;<strong>fluidit\u00e9<\/strong>&nbsp;et agilit\u00e9, et son invitation perp\u00e9tuelle \u00e0 la r\u00e9flexion.<br>\u2013&nbsp;<a href=\"http:\/\/www.bhairava.ws\/\"><strong>Eric Baret<\/strong><\/a>&nbsp;Ma\u00eetre de Yoga du tantrisme shiva\u00efste cachemirien, par sa capacit\u00e9 \u00e0 casser la structure, \u00e0 nous ouvrir au ressenti et \u00e0 l\u2019<strong>\u00e9coute sensible<\/strong>.<br>\u2013&nbsp;<a href=\"https:\/\/acroyoga.org\/\"><strong>Jenny Sauer Klein<\/strong>&nbsp;et&nbsp;<strong>Jason Nemer<\/strong><\/a>, ces 2 freaks, par le jeu, lui ont appris \u00e0 pousser ses limites et mettre de la gait\u00e9 et de&nbsp;<strong>l\u2019humour<\/strong>&nbsp;dans son enseignement gr\u00e2ce \u00e0 l\u2019Acroyoga et au massage tha\u00ef.<br>\u2013&nbsp;<a href=\"https:\/\/www.yogaduson.net\/\"><strong>Patrick Torre<\/strong><\/a>, grand bonhomme, porteur de la tradition du N\u00e2da Yoga, son, voix et vibration, clef de la gu\u00e9rison et chemin vers la Gr\u00e2ce. Cette tradition nous ouvre \u00e0 la&nbsp;<strong>mystique<\/strong>.<br>&#8211; <b>Baktunawi<\/b>, femme m\u00e9decine au service de l&rsquo;\u00e9l\u00e9vation des consciences et gardienne de la sagesse du Conseil des Anciennes des 13 Lunes, lui a ouvert le chemin de la <b>profonde f\u00e9minit\u00e9.<\/b><\/p><p><span style=\"font-size: 1rem;\">\u2013 et&nbsp;<\/span><strong style=\"font-size: 1rem;\">Madame Nature<\/strong><span style=\"font-size: 1rem;\">, sa principale source d\u2019inspiration, guide incorruptible de l\u2019<\/span><strong style=\"font-size: 1rem;\">authenticit\u00e9,&nbsp;<\/strong><span style=\"font-size: 1rem;\">de la g\u00e9n\u00e9rosit\u00e9 et de la neutralit\u00e9 bienveillante.&nbsp;<\/span><\/p>\n<p>En 2008, elle s\u2019installe \u00e0 Dakar au S\u00e9n\u00e9gal o\u00f9 elle cr\u00e9e une \u00e9cole de yoga Aduna Yoga, en partenariat avec l\u2019<a href=\"http:\/\/hotelsokhamon.com\/bienvenue\">H\u00f4tel Sokhamon<\/a>. L\u2019Afrique noire sub-sah\u00e9lienne, et ses nombreux s\u00e9jours en Asie et en Am\u00e9rique Latine, l\u2019ont nourri d\u2019exp\u00e9riences de vie, de culture, d\u2019humanit\u00e9, d\u2019amour, de transe et chamanisme. Ils offrent \u00e0 sa pratique une nouvelle dimension o\u00f9 la terre, l\u2019eau, l\u2019air et le feu s\u2019harmonisent au rythme du c\u0153ur.<\/p>\n<p>Valentina fait partie depuis 2010 d\u2019un organisme de formation de professeurs de yoga&nbsp;<a href=\"http:\/\/chanting-root.org\/blog\/about\/formations\">Chanting Root<\/a>&nbsp;reli\u00e9 \u00e0 la Yoga Alliance. Elles forment en Yin yoga et Yoga du son aux c\u00f4t\u00e9s de <span style=\"color: #8c8c8c;\">Cecile Roubaud et des diff\u00e9rents animateurs.<\/span>.&nbsp;<\/p><p>Elle s&rsquo;est r\u00e9cemment install\u00e9e dans les C\u00e9vennes pour poursuivre son r\u00eave de la Grande Tribu Harmonie.<\/p>\n<p><\/p>\t\t\t\t\t\t\t\t<\/div>\n\t\t\t\t<\/div>\n\t\t\t\t\t<\/div>\n\t\t<\/div>\n\t\t\t\t\t<\/div>\n\t\t<\/section>\n\t\t\t\t<section class=\"elementor-section elementor-top-section elementor-element elementor-element-5612c24 elementor-section-boxed elementor-section-height-default elementor-section-height-default\" data-id=\"5612c24\" data-element_type=\"section\">\n\t\t\t\t\t\t<div class=\"elementor-container elementor-column-gap-default\">\n\t\t\t\t\t<div class=\"elementor-column elementor-col-100 elementor-top-column elementor-element elementor-element-c32f545\" data-id=\"c32f545\" data-element_type=\"column\">\n\t\t\t<div class=\"elementor-widget-wrap elementor-element-populated\">\n\t\t\t\t\t\t<div class=\"elementor-element elementor-element-3574a3f elementor-widget elementor-widget-spacer\" data-id=\"3574a3f\" data-element_type=\"widget\" data-widget_type=\"spacer.default\">\n\t\t\t\t<div class=\"elementor-widget-container\">\n\t\t\t\t\t\t\t<div class=\"elementor-spacer\">\n\t\t\t<div class=\"elementor-spacer-inner\"><\/div>\n\t\t<\/div>\n\t\t\t\t\t\t<\/div>\n\t\t\t\t<\/div>\n\t\t\t\t\t<\/div>\n\t\t<\/div>\n\t\t\t\t\t<\/div>\n\t\t<\/section>\n\t\t\t\t<\/div>\n\t\t","protected":false},"excerpt":{"rendered":"<p>Professeure et Formatrice de yoga install\u00e9e dans les C\u00e9vennes Il \u00e9tait une fois, aux confins d\u2019une province fran\u00e7aise bordant l\u2019Oc\u00e9an Atlantique, une jeune ado, r\u00eavant de son enfance tropicale \u00e0 l\u2019\u00eele de la R\u00e9union. La R\u00e9union\u2026 Petite \u00eele fran\u00e7aise flottant sur l\u2019Oc\u00e9an Indien. Valentina Duna \u00c0 propos d&rsquo;ailes L\u2019Oc\u00e9an&#8230; L\u2019Oc\u00e9an, le grand bleu, fut son [&hellip;]<\/p>\n","protected":false},"author":1,"featured_media":0,"parent":0,"menu_order":0,"comment_status":"closed","ping_status":"closed","template":"elementor_header_footer","meta":{"footnotes":""},"class_list":["post-7","page","type-page","status-publish","hentry"],"yoast_head":"<!-- This site is optimized with the Yoast SEO plugin v27.5 - https:\/\/yoast.com\/product\/yoast-seo-wordpress\/ -->\n<title>\u00c0 propos d&#039;ailes - Here &amp; now<\/title>\n<meta name=\"description\" content=\"Valentina Duna pratique le yoga depuis l&#039;\u00e2ge de 17 ans. Elle d\u00e9couvrit le yoga lors d&#039;un voyage en Inde et ne le quitta plus jamais !\" \/>\n<meta name=\"robots\" content=\"index, follow, max-snippet:-1, max-image-preview:large, max-video-preview:-1\" \/>\n<link rel=\"canonical\" href=\"https:\/\/valentinaduna.com\/?page_id=7\" \/>\n<meta property=\"og:locale\" content=\"fr_FR\" \/>\n<meta property=\"og:type\" content=\"article\" \/>\n<meta property=\"og:title\" content=\"\u00c0 propos d&#039;ailes - Here &amp; now\" \/>\n<meta property=\"og:description\" content=\"Valentina Duna pratique le yoga depuis l&#039;\u00e2ge de 17 ans. Elle d\u00e9couvrit le yoga lors d&#039;un voyage en Inde et ne le quitta plus jamais !\" \/>\n<meta property=\"og:url\" content=\"https:\/\/valentinaduna.com\/?page_id=7\" \/>\n<meta property=\"og:site_name\" content=\"Here &amp; now\" \/>\n<meta property=\"article:modified_time\" content=\"2024-06-15T16:41:10+00:00\" \/>\n<meta property=\"og:image\" content=\"https:\/\/valentinaduna.com\/wp-content\/uploads\/2023\/10\/Valentina-Titicaca-scaled.jpg\" \/>\n<meta name=\"twitter:card\" content=\"summary_large_image\" \/>\n<meta name=\"twitter:label1\" content=\"Dur\u00e9e de lecture estim\u00e9e\" \/>\n\t<meta name=\"twitter:data1\" content=\"5 minutes\" \/>\n<script type=\"application\/ld+json\" class=\"yoast-schema-graph\">{\"@context\":\"https:\\\/\\\/schema.org\",\"@graph\":[{\"@type\":\"WebPage\",\"@id\":\"https:\\\/\\\/valentinaduna.com\\\/?page_id=7\",\"url\":\"https:\\\/\\\/valentinaduna.com\\\/?page_id=7\",\"name\":\"\u00c0 propos d'ailes - Here &amp; now\",\"isPartOf\":{\"@id\":\"https:\\\/\\\/valentinaduna.com\\\/#website\"},\"primaryImageOfPage\":{\"@id\":\"https:\\\/\\\/valentinaduna.com\\\/?page_id=7#primaryimage\"},\"image\":{\"@id\":\"https:\\\/\\\/valentinaduna.com\\\/?page_id=7#primaryimage\"},\"thumbnailUrl\":\"https:\\\/\\\/valentinaduna.com\\\/wp-content\\\/uploads\\\/2023\\\/10\\\/Valentina-Titicaca-scaled.jpg\",\"datePublished\":\"2018-11-17T13:56:43+00:00\",\"dateModified\":\"2024-06-15T16:41:10+00:00\",\"description\":\"Valentina Duna pratique le yoga depuis l'\u00e2ge de 17 ans. Elle d\u00e9couvrit le yoga lors d'un voyage en Inde et ne le quitta plus jamais !\",\"breadcrumb\":{\"@id\":\"https:\\\/\\\/valentinaduna.com\\\/?page_id=7#breadcrumb\"},\"inLanguage\":\"fr-FR\",\"potentialAction\":[{\"@type\":\"ReadAction\",\"target\":[\"https:\\\/\\\/valentinaduna.com\\\/?page_id=7\"]}]},{\"@type\":\"ImageObject\",\"inLanguage\":\"fr-FR\",\"@id\":\"https:\\\/\\\/valentinaduna.com\\\/?page_id=7#primaryimage\",\"url\":\"https:\\\/\\\/valentinaduna.com\\\/wp-content\\\/uploads\\\/2023\\\/10\\\/Valentina-Titicaca-scaled.jpg\",\"contentUrl\":\"https:\\\/\\\/valentinaduna.com\\\/wp-content\\\/uploads\\\/2023\\\/10\\\/Valentina-Titicaca-scaled.jpg\",\"width\":2560,\"height\":1920},{\"@type\":\"BreadcrumbList\",\"@id\":\"https:\\\/\\\/valentinaduna.com\\\/?page_id=7#breadcrumb\",\"itemListElement\":[{\"@type\":\"ListItem\",\"position\":1,\"name\":\"Accueil\",\"item\":\"https:\\\/\\\/valentinaduna.com\\\/\"},{\"@type\":\"ListItem\",\"position\":2,\"name\":\"\u00c0 propos d&#8217;ailes\"}]},{\"@type\":\"WebSite\",\"@id\":\"https:\\\/\\\/valentinaduna.com\\\/#website\",\"url\":\"https:\\\/\\\/valentinaduna.com\\\/\",\"name\":\"Here &amp; now\",\"description\":\"Valentina Duna \u2022 World Wild Yogini \u00e0 plumes\",\"potentialAction\":[{\"@type\":\"SearchAction\",\"target\":{\"@type\":\"EntryPoint\",\"urlTemplate\":\"https:\\\/\\\/valentinaduna.com\\\/?s={search_term_string}\"},\"query-input\":{\"@type\":\"PropertyValueSpecification\",\"valueRequired\":true,\"valueName\":\"search_term_string\"}}],\"inLanguage\":\"fr-FR\"}]}<\/script>\n<!-- \/ Yoast SEO plugin. -->","yoast_head_json":{"title":"\u00c0 propos d'ailes - Here &amp; now","description":"Valentina Duna pratique le yoga depuis l'\u00e2ge de 17 ans. Elle d\u00e9couvrit le yoga lors d'un voyage en Inde et ne le quitta plus jamais !","robots":{"index":"index","follow":"follow","max-snippet":"max-snippet:-1","max-image-preview":"max-image-preview:large","max-video-preview":"max-video-preview:-1"},"canonical":"https:\/\/valentinaduna.com\/?page_id=7","og_locale":"fr_FR","og_type":"article","og_title":"\u00c0 propos d'ailes - Here &amp; now","og_description":"Valentina Duna pratique le yoga depuis l'\u00e2ge de 17 ans. Elle d\u00e9couvrit le yoga lors d'un voyage en Inde et ne le quitta plus jamais !","og_url":"https:\/\/valentinaduna.com\/?page_id=7","og_site_name":"Here &amp; now","article_modified_time":"2024-06-15T16:41:10+00:00","og_image":[{"url":"https:\/\/valentinaduna.com\/wp-content\/uploads\/2023\/10\/Valentina-Titicaca-scaled.jpg","type":"","width":"","height":""}],"twitter_card":"summary_large_image","twitter_misc":{"Dur\u00e9e de lecture estim\u00e9e":"5 minutes"},"schema":{"@context":"https:\/\/schema.org","@graph":[{"@type":"WebPage","@id":"https:\/\/valentinaduna.com\/?page_id=7","url":"https:\/\/valentinaduna.com\/?page_id=7","name":"\u00c0 propos d'ailes - Here &amp; now","isPartOf":{"@id":"https:\/\/valentinaduna.com\/#website"},"primaryImageOfPage":{"@id":"https:\/\/valentinaduna.com\/?page_id=7#primaryimage"},"image":{"@id":"https:\/\/valentinaduna.com\/?page_id=7#primaryimage"},"thumbnailUrl":"https:\/\/valentinaduna.com\/wp-content\/uploads\/2023\/10\/Valentina-Titicaca-scaled.jpg","datePublished":"2018-11-17T13:56:43+00:00","dateModified":"2024-06-15T16:41:10+00:00","description":"Valentina Duna pratique le yoga depuis l'\u00e2ge de 17 ans. Elle d\u00e9couvrit le yoga lors d'un voyage en Inde et ne le quitta plus jamais !","breadcrumb":{"@id":"https:\/\/valentinaduna.com\/?page_id=7#breadcrumb"},"inLanguage":"fr-FR","potentialAction":[{"@type":"ReadAction","target":["https:\/\/valentinaduna.com\/?page_id=7"]}]},{"@type":"ImageObject","inLanguage":"fr-FR","@id":"https:\/\/valentinaduna.com\/?page_id=7#primaryimage","url":"https:\/\/valentinaduna.com\/wp-content\/uploads\/2023\/10\/Valentina-Titicaca-scaled.jpg","contentUrl":"https:\/\/valentinaduna.com\/wp-content\/uploads\/2023\/10\/Valentina-Titicaca-scaled.jpg","width":2560,"height":1920},{"@type":"BreadcrumbList","@id":"https:\/\/valentinaduna.com\/?page_id=7#breadcrumb","itemListElement":[{"@type":"ListItem","position":1,"name":"Accueil","item":"https:\/\/valentinaduna.com\/"},{"@type":"ListItem","position":2,"name":"\u00c0 propos d&#8217;ailes"}]},{"@type":"WebSite","@id":"https:\/\/valentinaduna.com\/#website","url":"https:\/\/valentinaduna.com\/","name":"Here &amp; now","description":"Valentina Duna \u2022 World Wild Yogini \u00e0 plumes","potentialAction":[{"@type":"SearchAction","target":{"@type":"EntryPoint","urlTemplate":"https:\/\/valentinaduna.com\/?s={search_term_string}"},"query-input":{"@type":"PropertyValueSpecification","valueRequired":true,"valueName":"search_term_string"}}],"inLanguage":"fr-FR"}]}},"_links":{"self":[{"href":"https:\/\/valentinaduna.com\/index.php?rest_route=\/wp\/v2\/pages\/7","targetHints":{"allow":["GET"]}}],"collection":[{"href":"https:\/\/valentinaduna.com\/index.php?rest_route=\/wp\/v2\/pages"}],"about":[{"href":"https:\/\/valentinaduna.com\/index.php?rest_route=\/wp\/v2\/types\/page"}],"author":[{"embeddable":true,"href":"https:\/\/valentinaduna.com\/index.php?rest_route=\/wp\/v2\/users\/1"}],"replies":[{"embeddable":true,"href":"https:\/\/valentinaduna.com\/index.php?rest_route=%2Fwp%2Fv2%2Fcomments&post=7"}],"version-history":[{"count":241,"href":"https:\/\/valentinaduna.com\/index.php?rest_route=\/wp\/v2\/pages\/7\/revisions"}],"predecessor-version":[{"id":6580,"href":"https:\/\/valentinaduna.com\/index.php?rest_route=\/wp\/v2\/pages\/7\/revisions\/6580"}],"wp:attachment":[{"href":"https:\/\/valentinaduna.com\/index.php?rest_route=%2Fwp%2Fv2%2Fmedia&parent=7"}],"curies":[{"name":"wp","href":"https:\/\/api.w.org\/{rel}","templated":true}]}}