{"id":83,"date":"2019-01-15T10:04:42","date_gmt":"2019-01-15T09:04:42","guid":{"rendered":"http:\/\/valentinaduna.com\/?page_id=83"},"modified":"2023-10-14T11:56:03","modified_gmt":"2023-10-14T09:56:03","slug":"ateliers","status":"publish","type":"page","link":"https:\/\/valentinaduna.com\/?page_id=83","title":{"rendered":"Ateliers"},"content":{"rendered":"\t\t<div data-elementor-type=\"wp-post\" data-elementor-id=\"83\" class=\"elementor elementor-83\">\n\t\t\t\t\t\t<section class=\"elementor-section elementor-top-section elementor-element elementor-element-7ca43c2c elementor-section-boxed elementor-section-height-default elementor-section-height-default\" data-id=\"7ca43c2c\" data-element_type=\"section\" data-settings=\"{&quot;background_background&quot;:&quot;classic&quot;}\">\n\t\t\t\t\t\t\t<div class=\"elementor-background-overlay\"><\/div>\n\t\t\t\t\t\t\t<div class=\"elementor-container elementor-column-gap-default\">\n\t\t\t\t\t<div class=\"elementor-column elementor-col-100 elementor-top-column elementor-element elementor-element-41d8188b\" data-id=\"41d8188b\" data-element_type=\"column\">\n\t\t\t<div class=\"elementor-widget-wrap elementor-element-populated\">\n\t\t\t\t\t\t<div class=\"elementor-element elementor-element-2f7b5379 elementor-widget elementor-widget-spacer\" data-id=\"2f7b5379\" data-element_type=\"widget\" data-widget_type=\"spacer.default\">\n\t\t\t\t<div class=\"elementor-widget-container\">\n\t\t\t\t\t\t\t<div class=\"elementor-spacer\">\n\t\t\t<div class=\"elementor-spacer-inner\"><\/div>\n\t\t<\/div>\n\t\t\t\t\t\t<\/div>\n\t\t\t\t<\/div>\n\t\t\t\t<div class=\"elementor-element elementor-element-4c5dfd3b elementor-widget elementor-widget-heading\" data-id=\"4c5dfd3b\" data-element_type=\"widget\" data-widget_type=\"heading.default\">\n\t\t\t\t<div class=\"elementor-widget-container\">\n\t\t\t\t\t<h2 class=\"elementor-heading-title elementor-size-default\">Ateliers<\/h2>\t\t\t\t<\/div>\n\t\t\t\t<\/div>\n\t\t\t\t<div class=\"elementor-element elementor-element-26c9f173 elementor-widget elementor-widget-spacer\" data-id=\"26c9f173\" data-element_type=\"widget\" data-widget_type=\"spacer.default\">\n\t\t\t\t<div class=\"elementor-widget-container\">\n\t\t\t\t\t\t\t<div class=\"elementor-spacer\">\n\t\t\t<div class=\"elementor-spacer-inner\"><\/div>\n\t\t<\/div>\n\t\t\t\t\t\t<\/div>\n\t\t\t\t<\/div>\n\t\t\t\t\t<\/div>\n\t\t<\/div>\n\t\t\t\t\t<\/div>\n\t\t<\/section>\n\t\t\t\t<section class=\"elementor-section elementor-top-section elementor-element elementor-element-159568e0 elementor-section-content-middle elementor-section-boxed elementor-section-height-default elementor-section-height-default\" data-id=\"159568e0\" data-element_type=\"section\" data-settings=\"{&quot;background_background&quot;:&quot;classic&quot;}\">\n\t\t\t\t\t\t\t<div class=\"elementor-background-overlay\"><\/div>\n\t\t\t\t\t\t\t<div class=\"elementor-container elementor-column-gap-no\">\n\t\t\t\t\t<div class=\"elementor-column elementor-col-100 elementor-top-column elementor-element elementor-element-158b53e8\" data-id=\"158b53e8\" data-element_type=\"column\">\n\t\t\t<div class=\"elementor-widget-wrap elementor-element-populated\">\n\t\t\t\t\t\t<section class=\"elementor-section elementor-inner-section elementor-element elementor-element-634146c9 elementor-section-boxed elementor-section-height-default elementor-section-height-default\" data-id=\"634146c9\" data-element_type=\"section\">\n\t\t\t\t\t\t<div class=\"elementor-container elementor-column-gap-default\">\n\t\t\t\t\t<div class=\"elementor-column elementor-col-50 elementor-inner-column elementor-element elementor-element-30e3d22a\" data-id=\"30e3d22a\" data-element_type=\"column\">\n\t\t\t<div class=\"elementor-widget-wrap elementor-element-populated\">\n\t\t\t\t\t\t<div class=\"elementor-element elementor-element-8bebf54 elementor-widget elementor-widget-spacer\" data-id=\"8bebf54\" data-element_type=\"widget\" data-widget_type=\"spacer.default\">\n\t\t\t\t<div class=\"elementor-widget-container\">\n\t\t\t\t\t\t\t<div class=\"elementor-spacer\">\n\t\t\t<div class=\"elementor-spacer-inner\"><\/div>\n\t\t<\/div>\n\t\t\t\t\t\t<\/div>\n\t\t\t\t<\/div>\n\t\t\t\t<div class=\"elementor-element elementor-element-4b325386 imgnb elementor-widget elementor-widget-image\" data-id=\"4b325386\" data-element_type=\"widget\" data-widget_type=\"image.default\">\n\t\t\t\t<div class=\"elementor-widget-container\">\n\t\t\t\t\t\t\t\t\t\t\t\t\t\t\t\t<a href=\"https:\/\/valentinaduna.com\/?page_id=6351\">\n\t\t\t\t\t\t\t<img decoding=\"async\" width=\"150\" height=\"150\" src=\"https:\/\/valentinaduna.com\/wp-content\/uploads\/2019\/01\/37772317_1655983991194490_4876639724829147136_o-150x150.jpg\" class=\"elementor-animation-shrink attachment-thumbnail size-thumbnail wp-image-337\" alt=\"yin yoga avignon\" srcset=\"https:\/\/valentinaduna.com\/wp-content\/uploads\/2019\/01\/37772317_1655983991194490_4876639724829147136_o-150x150.jpg 150w, https:\/\/valentinaduna.com\/wp-content\/uploads\/2019\/01\/37772317_1655983991194490_4876639724829147136_o-e1549446298358-300x300.jpg 300w, https:\/\/valentinaduna.com\/wp-content\/uploads\/2019\/01\/37772317_1655983991194490_4876639724829147136_o-100x100.jpg 100w, https:\/\/valentinaduna.com\/wp-content\/uploads\/2019\/01\/37772317_1655983991194490_4876639724829147136_o-640x640.jpg 640w, https:\/\/valentinaduna.com\/wp-content\/uploads\/2019\/01\/37772317_1655983991194490_4876639724829147136_o-270x270.jpg 270w, https:\/\/valentinaduna.com\/wp-content\/uploads\/2019\/01\/37772317_1655983991194490_4876639724829147136_o-480x480.jpg 480w, https:\/\/valentinaduna.com\/wp-content\/uploads\/2019\/01\/37772317_1655983991194490_4876639724829147136_o-50x50.jpg 50w\" sizes=\"(max-width: 150px) 100vw, 150px\" \/>\t\t\t\t\t\t\t\t<\/a>\n\t\t\t\t\t\t\t\t\t\t\t\t\t\t\t<\/div>\n\t\t\t\t<\/div>\n\t\t\t\t<div class=\"elementor-element elementor-element-27e2d64c elementor-widget elementor-widget-heading\" data-id=\"27e2d64c\" data-element_type=\"widget\" data-widget_type=\"heading.default\">\n\t\t\t\t<div class=\"elementor-widget-container\">\n\t\t\t\t\t<h2 class=\"elementor-heading-title elementor-size-default\">Yinside<\/h2>\t\t\t\t<\/div>\n\t\t\t\t<\/div>\n\t\t\t\t<div class=\"elementor-element elementor-element-113eedac elementor-widget elementor-widget-text-editor\" data-id=\"113eedac\" data-element_type=\"widget\" data-widget_type=\"text-editor.default\">\n\t\t\t\t<div class=\"elementor-widget-container\">\n\t\t\t\t\t\t\t\t\t<p>Atelier immersif dans la voie du yin yoga, <br \/>de la voix sacr\u00e9e et de la d\u00e9tente. 3h out of time<\/p>\t\t\t\t\t\t\t\t<\/div>\n\t\t\t\t<\/div>\n\t\t\t\t<div class=\"elementor-element elementor-element-3e63d971 elementor-widget elementor-widget-toggle\" data-id=\"3e63d971\" data-element_type=\"widget\" data-widget_type=\"toggle.default\">\n\t\t\t\t<div class=\"elementor-widget-container\">\n\t\t\t\t\t\t\t<div class=\"elementor-toggle\">\n\t\t\t\t\t\t\t<div class=\"elementor-toggle-item\">\n\t\t\t\t\t<div id=\"elementor-tab-title-1041\" class=\"elementor-tab-title\" data-tab=\"1\" role=\"button\" aria-controls=\"elementor-tab-content-1041\" aria-expanded=\"false\">\n\t\t\t\t\t\t\t\t\t\t\t\t<span class=\"elementor-toggle-icon elementor-toggle-icon-right\" aria-hidden=\"true\">\n\t\t\t\t\t\t\t\t\t\t\t\t\t\t\t<span class=\"elementor-toggle-icon-closed\"><i class=\"fas fa-angle-down\"><\/i><\/span>\n\t\t\t\t\t\t\t\t<span class=\"elementor-toggle-icon-opened\"><i class=\"elementor-toggle-icon-opened fas fa-caret-up\"><\/i><\/span>\n\t\t\t\t\t\t\t\t\t\t\t\t\t<\/span>\n\t\t\t\t\t\t\t\t\t\t\t\t<a class=\"elementor-toggle-title\" tabindex=\"0\">D\u00e9couvrir<\/a>\n\t\t\t\t\t<\/div>\n\n\t\t\t\t\t<div id=\"elementor-tab-content-1041\" class=\"elementor-tab-content elementor-clearfix\" data-tab=\"1\" role=\"region\" aria-labelledby=\"elementor-tab-title-1041\"><p>Atelier immersif dans la voie du yin yoga, de la voix sacr\u00e9e et de la d\u00e9tente. 3h out of time<\/p><p>Nous commencerons par boire une boisson sacr\u00e9e pr\u00e9par\u00e9e \u00e0 base de cacao criollo cru. Cette plante nous permet d&rsquo;acc\u00e9der \u00e0 un \u00e9tat de d\u00e9tente, d&rsquo;expansion et de pleine attention. Elle va soutenir notre exploration du Soi, au travers d&rsquo;une longue pratique de yin yoga, ponctu\u00e9e de pranayamas (breath work). La relaxation sera accompagn\u00e9e d&rsquo;un sound bath, r\u00eave \u00e9veill\u00e9 guid\u00e9 en immersion sonore acoustique live. <br \/>Pour cl\u00f4turer ce voyage, la m\u00e9ditation, sera une pratique de yoga du son, douce et ludique,activant notre principe originel d\u00e9votionnel et sacr\u00e9. <br \/>Destin\u00e9e \u00e0 tous.tes, cette immersion \u00ab\u00a0Yinside\u00a0\u00bb offre une exp\u00e9rience unique et transformatrice o\u00f9 la tridimension \u00ab\u00a0corps-coeur-esprit\u00a0\u00bb s&rsquo;harmonise au service du Nous.<\/p><\/div>\n\t\t\t\t<\/div>\n\t\t\t\t\t\t\t\t<\/div>\n\t\t\t\t\t\t<\/div>\n\t\t\t\t<\/div>\n\t\t\t\t\t<\/div>\n\t\t<\/div>\n\t\t\t\t<div class=\"elementor-column elementor-col-50 elementor-inner-column elementor-element elementor-element-739d552e\" data-id=\"739d552e\" data-element_type=\"column\">\n\t\t\t<div class=\"elementor-widget-wrap elementor-element-populated\">\n\t\t\t\t\t\t<div class=\"elementor-element elementor-element-e421857 elementor-widget elementor-widget-spacer\" data-id=\"e421857\" data-element_type=\"widget\" data-widget_type=\"spacer.default\">\n\t\t\t\t<div class=\"elementor-widget-container\">\n\t\t\t\t\t\t\t<div class=\"elementor-spacer\">\n\t\t\t<div class=\"elementor-spacer-inner\"><\/div>\n\t\t<\/div>\n\t\t\t\t\t\t<\/div>\n\t\t\t\t<\/div>\n\t\t\t\t<div class=\"elementor-element elementor-element-66e05e9f imgnb elementor-widget elementor-widget-image\" data-id=\"66e05e9f\" data-element_type=\"widget\" data-widget_type=\"image.default\">\n\t\t\t\t<div class=\"elementor-widget-container\">\n\t\t\t\t\t\t\t\t\t\t\t\t\t\t\t\t<a href=\"https:\/\/valentinaduna.com\/?page_id=5825\">\n\t\t\t\t\t\t\t<img decoding=\"async\" width=\"150\" height=\"150\" src=\"https:\/\/valentinaduna.com\/wp-content\/uploads\/2019\/02\/IMG_4834-150x150.jpg\" class=\"elementor-animation-shrink attachment-thumbnail size-thumbnail wp-image-482\" alt=\"dragon-dance-yoga\" srcset=\"https:\/\/valentinaduna.com\/wp-content\/uploads\/2019\/02\/IMG_4834-150x150.jpg 150w, https:\/\/valentinaduna.com\/wp-content\/uploads\/2019\/02\/IMG_4834-e1549443334519-300x300.jpg 300w, https:\/\/valentinaduna.com\/wp-content\/uploads\/2019\/02\/IMG_4834-100x100.jpg 100w, https:\/\/valentinaduna.com\/wp-content\/uploads\/2019\/02\/IMG_4834-640x640.jpg 640w, https:\/\/valentinaduna.com\/wp-content\/uploads\/2019\/02\/IMG_4834-270x270.jpg 270w, https:\/\/valentinaduna.com\/wp-content\/uploads\/2019\/02\/IMG_4834-480x480.jpg 480w, https:\/\/valentinaduna.com\/wp-content\/uploads\/2019\/02\/IMG_4834-50x50.jpg 50w\" sizes=\"(max-width: 150px) 100vw, 150px\" \/>\t\t\t\t\t\t\t\t<\/a>\n\t\t\t\t\t\t\t\t\t\t\t\t\t\t\t<\/div>\n\t\t\t\t<\/div>\n\t\t\t\t<div class=\"elementor-element elementor-element-2ec220c7 elementor-widget elementor-widget-heading\" data-id=\"2ec220c7\" data-element_type=\"widget\" data-widget_type=\"heading.default\">\n\t\t\t\t<div class=\"elementor-widget-container\">\n\t\t\t\t\t<h2 class=\"elementor-heading-title elementor-size-default\">\u200bDanse du Dragon<\/h2>\t\t\t\t<\/div>\n\t\t\t\t<\/div>\n\t\t\t\t<div class=\"elementor-element elementor-element-7644077a elementor-widget elementor-widget-text-editor\" data-id=\"7644077a\" data-element_type=\"widget\" data-widget_type=\"text-editor.default\">\n\t\t\t\t<div class=\"elementor-widget-container\">\n\t\t\t\t\t\t\t\t\t<p>La danse du dragon est un flow gracieux et puissant <br>qui va mettre en challenge notre esprit\/corps dans sa globalit\u00e9. \u2026<\/p>\t\t\t\t\t\t\t\t<\/div>\n\t\t\t\t<\/div>\n\t\t\t\t<div class=\"elementor-element elementor-element-191888a elementor-widget elementor-widget-toggle\" data-id=\"191888a\" data-element_type=\"widget\" data-widget_type=\"toggle.default\">\n\t\t\t\t<div class=\"elementor-widget-container\">\n\t\t\t\t\t\t\t<div class=\"elementor-toggle\">\n\t\t\t\t\t\t\t<div class=\"elementor-toggle-item\">\n\t\t\t\t\t<div id=\"elementor-tab-title-2631\" class=\"elementor-tab-title\" data-tab=\"1\" role=\"button\" aria-controls=\"elementor-tab-content-2631\" aria-expanded=\"false\">\n\t\t\t\t\t\t\t\t\t\t\t\t<span class=\"elementor-toggle-icon elementor-toggle-icon-right\" aria-hidden=\"true\">\n\t\t\t\t\t\t\t\t\t\t\t\t\t\t\t<span class=\"elementor-toggle-icon-closed\"><i class=\"fas fa-angle-down\"><\/i><\/span>\n\t\t\t\t\t\t\t\t<span class=\"elementor-toggle-icon-opened\"><i class=\"elementor-toggle-icon-opened fas fa-caret-up\"><\/i><\/span>\n\t\t\t\t\t\t\t\t\t\t\t\t\t<\/span>\n\t\t\t\t\t\t\t\t\t\t\t\t<a class=\"elementor-toggle-title\" tabindex=\"0\">D\u00e9couvrir<\/a>\n\t\t\t\t\t<\/div>\n\n\t\t\t\t\t<div id=\"elementor-tab-content-2631\" class=\"elementor-tab-content elementor-clearfix\" data-tab=\"1\" role=\"region\" aria-labelledby=\"elementor-tab-title-2631\"><p>La danse du dragon est un flow gracieux et puissant qui va mettre en challenge notre esprit\/corps dans sa globalit\u00e9.<\/p><p>Il am\u00e9liore notre \u00e9quilibre, nettoie et renforce notre corps physique, calme l\u2019esprit et manifeste notre plus profonde intention.<\/p><p>Cette \u201cdanse\u201d, jumelle d\u2019un vinyasa, inspir\u00e9e du Qi Gong, s\u2019apprend en petites s\u00e9quences r\u00e9p\u00e9t\u00e9es \u00e0 l\u2019infini. C\u2019est pour cela qu\u2019elle contient le secret du Fractal et de la Transe. \u00c0 chaque s\u00e9quence se rajoute une nouvelle posture aux premi\u00e8res\u2026 Nous pouvons comparer la danse du Dragon \u00e0 une pri\u00e8re en \u201cJapa\u201c, tel avec un mala, chaque perle est une posture tenue par un fil dor\u00e9 pr\u00e2nic. Ainsi, nous cr\u00e9ons ce mouvement circulaire. Le processus est telle une transe alchimique o\u00f9 la musique et le rythme embrasse l\u2019exp\u00e9rience.<\/p><\/div>\n\t\t\t\t<\/div>\n\t\t\t\t\t\t\t\t<\/div>\n\t\t\t\t\t\t<\/div>\n\t\t\t\t<\/div>\n\t\t\t\t<div class=\"elementor-element elementor-element-c4b6d17 elementor-align-center elementor-widget elementor-widget-button\" data-id=\"c4b6d17\" data-element_type=\"widget\" data-widget_type=\"button.default\">\n\t\t\t\t<div class=\"elementor-widget-container\">\n\t\t\t\t\t\t\t\t\t<div class=\"elementor-button-wrapper\">\n\t\t\t\t\t<a class=\"elementor-button elementor-button-link elementor-size-sm elementor-animation-shrink\" href=\"https:\/\/valentinaduna.com\/?page_id=5825\">\n\t\t\t\t\t\t<span class=\"elementor-button-content-wrapper\">\n\t\t\t\t\t\t\t\t\t<span class=\"elementor-button-text\">Infos et inscription<\/span>\n\t\t\t\t\t<\/span>\n\t\t\t\t\t<\/a>\n\t\t\t\t<\/div>\n\t\t\t\t\t\t\t\t<\/div>\n\t\t\t\t<\/div>\n\t\t\t\t\t<\/div>\n\t\t<\/div>\n\t\t\t\t\t<\/div>\n\t\t<\/section>\n\t\t\t\t\t<\/div>\n\t\t<\/div>\n\t\t\t\t\t<\/div>\n\t\t<\/section>\n\t\t\t\t<section class=\"elementor-section elementor-top-section elementor-element elementor-element-277c654 elementor-section-boxed elementor-section-height-default elementor-section-height-default\" data-id=\"277c654\" data-element_type=\"section\">\n\t\t\t\t\t\t<div class=\"elementor-container elementor-column-gap-default\">\n\t\t\t\t\t<div class=\"elementor-column elementor-col-100 elementor-top-column elementor-element elementor-element-a5c034e\" data-id=\"a5c034e\" data-element_type=\"column\">\n\t\t\t<div class=\"elementor-widget-wrap elementor-element-populated\">\n\t\t\t\t\t\t<div class=\"elementor-element elementor-element-b55f69a elementor-widget elementor-widget-spacer\" data-id=\"b55f69a\" data-element_type=\"widget\" data-widget_type=\"spacer.default\">\n\t\t\t\t<div class=\"elementor-widget-container\">\n\t\t\t\t\t\t\t<div class=\"elementor-spacer\">\n\t\t\t<div class=\"elementor-spacer-inner\"><\/div>\n\t\t<\/div>\n\t\t\t\t\t\t<\/div>\n\t\t\t\t<\/div>\n\t\t\t\t\t<\/div>\n\t\t<\/div>\n\t\t\t\t\t<\/div>\n\t\t<\/section>\n\t\t\t\t<\/div>\n\t\t","protected":false},"excerpt":{"rendered":"<p>Ateliers Yinside Atelier immersif dans la voie du yin yoga, de la voix sacr\u00e9e et de la d\u00e9tente. 3h out of time D\u00e9couvrir Atelier immersif dans la voie du yin yoga, de la voix sacr\u00e9e et de la d\u00e9tente. 3h out of time Nous commencerons par boire une boisson sacr\u00e9e pr\u00e9par\u00e9e \u00e0 base de cacao [&hellip;]<\/p>\n","protected":false},"author":1,"featured_media":294,"parent":0,"menu_order":0,"comment_status":"closed","ping_status":"closed","template":"elementor_header_footer","meta":{"footnotes":""},"class_list":["post-83","page","type-page","status-publish","has-post-thumbnail","hentry"],"yoast_head":"<!-- This site is optimized with the Yoast SEO plugin v26.7 - https:\/\/yoast.com\/wordpress\/plugins\/seo\/ -->\n<title>Ateliers - Here &amp; now<\/title>\n<meta name=\"description\" content=\"Valentina Duna organise tous les mois des ateliers de yoga. Yin yoga, Danse du Dragon, m\u00e9ditation et ateliers pour accompagner les changements de saisons.\" \/>\n<meta name=\"robots\" content=\"index, follow, max-snippet:-1, max-image-preview:large, max-video-preview:-1\" \/>\n<link rel=\"canonical\" href=\"https:\/\/valentinaduna.com\/?page_id=83\" \/>\n<meta property=\"og:locale\" content=\"fr_FR\" \/>\n<meta property=\"og:type\" content=\"article\" \/>\n<meta property=\"og:title\" content=\"Ateliers - Here &amp; now\" \/>\n<meta property=\"og:description\" content=\"Valentina Duna organise tous les mois des ateliers de yoga. Yin yoga, Danse du Dragon, m\u00e9ditation et ateliers pour accompagner les changements de saisons.\" \/>\n<meta property=\"og:url\" content=\"https:\/\/valentinaduna.com\/?page_id=83\" \/>\n<meta property=\"og:site_name\" content=\"Here &amp; now\" \/>\n<meta property=\"article:modified_time\" content=\"2023-10-14T09:56:03+00:00\" \/>\n<meta property=\"og:image\" content=\"https:\/\/valentinaduna.com\/wp-content\/uploads\/2019\/01\/Valentina-5-e1549446075280.jpg\" \/>\n\t<meta property=\"og:image:width\" content=\"1000\" \/>\n\t<meta property=\"og:image:height\" content=\"667\" \/>\n\t<meta property=\"og:image:type\" content=\"image\/jpeg\" \/>\n<meta name=\"twitter:card\" content=\"summary_large_image\" \/>\n<meta name=\"twitter:label1\" content=\"Dur\u00e9e de lecture estim\u00e9e\" \/>\n\t<meta name=\"twitter:data1\" content=\"2 minutes\" \/>\n<script type=\"application\/ld+json\" class=\"yoast-schema-graph\">{\"@context\":\"https:\/\/schema.org\",\"@graph\":[{\"@type\":\"WebPage\",\"@id\":\"https:\/\/valentinaduna.com\/?page_id=83\",\"url\":\"https:\/\/valentinaduna.com\/?page_id=83\",\"name\":\"Ateliers - Here &amp; now\",\"isPartOf\":{\"@id\":\"https:\/\/valentinaduna.com\/#website\"},\"primaryImageOfPage\":{\"@id\":\"https:\/\/valentinaduna.com\/?page_id=83#primaryimage\"},\"image\":{\"@id\":\"https:\/\/valentinaduna.com\/?page_id=83#primaryimage\"},\"thumbnailUrl\":\"https:\/\/valentinaduna.com\/wp-content\/uploads\/2019\/01\/Valentina-5-e1549446075280.jpg\",\"datePublished\":\"2019-01-15T09:04:42+00:00\",\"dateModified\":\"2023-10-14T09:56:03+00:00\",\"description\":\"Valentina Duna organise tous les mois des ateliers de yoga. Yin yoga, Danse du Dragon, m\u00e9ditation et ateliers pour accompagner les changements de saisons.\",\"breadcrumb\":{\"@id\":\"https:\/\/valentinaduna.com\/?page_id=83#breadcrumb\"},\"inLanguage\":\"fr-FR\",\"potentialAction\":[{\"@type\":\"ReadAction\",\"target\":[\"https:\/\/valentinaduna.com\/?page_id=83\"]}]},{\"@type\":\"ImageObject\",\"inLanguage\":\"fr-FR\",\"@id\":\"https:\/\/valentinaduna.com\/?page_id=83#primaryimage\",\"url\":\"https:\/\/valentinaduna.com\/wp-content\/uploads\/2019\/01\/Valentina-5-e1549446075280.jpg\",\"contentUrl\":\"https:\/\/valentinaduna.com\/wp-content\/uploads\/2019\/01\/Valentina-5-e1549446075280.jpg\",\"width\":1000,\"height\":667,\"caption\":\"cours-yoga-ateliers-avignon\"},{\"@type\":\"BreadcrumbList\",\"@id\":\"https:\/\/valentinaduna.com\/?page_id=83#breadcrumb\",\"itemListElement\":[{\"@type\":\"ListItem\",\"position\":1,\"name\":\"Accueil\",\"item\":\"https:\/\/valentinaduna.com\/\"},{\"@type\":\"ListItem\",\"position\":2,\"name\":\"Ateliers\"}]},{\"@type\":\"WebSite\",\"@id\":\"https:\/\/valentinaduna.com\/#website\",\"url\":\"https:\/\/valentinaduna.com\/\",\"name\":\"Here &amp; now\",\"description\":\"Valentina Duna \u2022 World Wild Yogini \u00e0 plumes\",\"potentialAction\":[{\"@type\":\"SearchAction\",\"target\":{\"@type\":\"EntryPoint\",\"urlTemplate\":\"https:\/\/valentinaduna.com\/?s={search_term_string}\"},\"query-input\":{\"@type\":\"PropertyValueSpecification\",\"valueRequired\":true,\"valueName\":\"search_term_string\"}}],\"inLanguage\":\"fr-FR\"}]}<\/script>\n<!-- \/ Yoast SEO plugin. -->","yoast_head_json":{"title":"Ateliers - Here &amp; now","description":"Valentina Duna organise tous les mois des ateliers de yoga. Yin yoga, Danse du Dragon, m\u00e9ditation et ateliers pour accompagner les changements de saisons.","robots":{"index":"index","follow":"follow","max-snippet":"max-snippet:-1","max-image-preview":"max-image-preview:large","max-video-preview":"max-video-preview:-1"},"canonical":"https:\/\/valentinaduna.com\/?page_id=83","og_locale":"fr_FR","og_type":"article","og_title":"Ateliers - Here &amp; now","og_description":"Valentina Duna organise tous les mois des ateliers de yoga. Yin yoga, Danse du Dragon, m\u00e9ditation et ateliers pour accompagner les changements de saisons.","og_url":"https:\/\/valentinaduna.com\/?page_id=83","og_site_name":"Here &amp; now","article_modified_time":"2023-10-14T09:56:03+00:00","og_image":[{"width":1000,"height":667,"url":"https:\/\/valentinaduna.com\/wp-content\/uploads\/2019\/01\/Valentina-5-e1549446075280.jpg","type":"image\/jpeg"}],"twitter_card":"summary_large_image","twitter_misc":{"Dur\u00e9e de lecture estim\u00e9e":"2 minutes"},"schema":{"@context":"https:\/\/schema.org","@graph":[{"@type":"WebPage","@id":"https:\/\/valentinaduna.com\/?page_id=83","url":"https:\/\/valentinaduna.com\/?page_id=83","name":"Ateliers - Here &amp; now","isPartOf":{"@id":"https:\/\/valentinaduna.com\/#website"},"primaryImageOfPage":{"@id":"https:\/\/valentinaduna.com\/?page_id=83#primaryimage"},"image":{"@id":"https:\/\/valentinaduna.com\/?page_id=83#primaryimage"},"thumbnailUrl":"https:\/\/valentinaduna.com\/wp-content\/uploads\/2019\/01\/Valentina-5-e1549446075280.jpg","datePublished":"2019-01-15T09:04:42+00:00","dateModified":"2023-10-14T09:56:03+00:00","description":"Valentina Duna organise tous les mois des ateliers de yoga. Yin yoga, Danse du Dragon, m\u00e9ditation et ateliers pour accompagner les changements de saisons.","breadcrumb":{"@id":"https:\/\/valentinaduna.com\/?page_id=83#breadcrumb"},"inLanguage":"fr-FR","potentialAction":[{"@type":"ReadAction","target":["https:\/\/valentinaduna.com\/?page_id=83"]}]},{"@type":"ImageObject","inLanguage":"fr-FR","@id":"https:\/\/valentinaduna.com\/?page_id=83#primaryimage","url":"https:\/\/valentinaduna.com\/wp-content\/uploads\/2019\/01\/Valentina-5-e1549446075280.jpg","contentUrl":"https:\/\/valentinaduna.com\/wp-content\/uploads\/2019\/01\/Valentina-5-e1549446075280.jpg","width":1000,"height":667,"caption":"cours-yoga-ateliers-avignon"},{"@type":"BreadcrumbList","@id":"https:\/\/valentinaduna.com\/?page_id=83#breadcrumb","itemListElement":[{"@type":"ListItem","position":1,"name":"Accueil","item":"https:\/\/valentinaduna.com\/"},{"@type":"ListItem","position":2,"name":"Ateliers"}]},{"@type":"WebSite","@id":"https:\/\/valentinaduna.com\/#website","url":"https:\/\/valentinaduna.com\/","name":"Here &amp; now","description":"Valentina Duna \u2022 World Wild Yogini \u00e0 plumes","potentialAction":[{"@type":"SearchAction","target":{"@type":"EntryPoint","urlTemplate":"https:\/\/valentinaduna.com\/?s={search_term_string}"},"query-input":{"@type":"PropertyValueSpecification","valueRequired":true,"valueName":"search_term_string"}}],"inLanguage":"fr-FR"}]}},"_links":{"self":[{"href":"https:\/\/valentinaduna.com\/index.php?rest_route=\/wp\/v2\/pages\/83","targetHints":{"allow":["GET"]}}],"collection":[{"href":"https:\/\/valentinaduna.com\/index.php?rest_route=\/wp\/v2\/pages"}],"about":[{"href":"https:\/\/valentinaduna.com\/index.php?rest_route=\/wp\/v2\/types\/page"}],"author":[{"embeddable":true,"href":"https:\/\/valentinaduna.com\/index.php?rest_route=\/wp\/v2\/users\/1"}],"replies":[{"embeddable":true,"href":"https:\/\/valentinaduna.com\/index.php?rest_route=%2Fwp%2Fv2%2Fcomments&post=83"}],"version-history":[{"count":183,"href":"https:\/\/valentinaduna.com\/index.php?rest_route=\/wp\/v2\/pages\/83\/revisions"}],"predecessor-version":[{"id":6367,"href":"https:\/\/valentinaduna.com\/index.php?rest_route=\/wp\/v2\/pages\/83\/revisions\/6367"}],"wp:featuredmedia":[{"embeddable":true,"href":"https:\/\/valentinaduna.com\/index.php?rest_route=\/wp\/v2\/media\/294"}],"wp:attachment":[{"href":"https:\/\/valentinaduna.com\/index.php?rest_route=%2Fwp%2Fv2%2Fmedia&parent=83"}],"curies":[{"name":"wp","href":"https:\/\/api.w.org\/{rel}","templated":true}]}}