{"id":855,"date":"2019-02-25T09:54:11","date_gmt":"2019-02-25T08:54:11","guid":{"rendered":"http:\/\/valentinaduna.com\/?page_id=855"},"modified":"2023-10-14T09:36:19","modified_gmt":"2023-10-14T07:36:19","slug":"politique-de-confidentialite","status":"publish","type":"page","link":"https:\/\/valentinaduna.com\/?page_id=855","title":{"rendered":"Politique de confidentialit\u00e9"},"content":{"rendered":"\t\t<div data-elementor-type=\"wp-page\" data-elementor-id=\"855\" class=\"elementor elementor-855\">\n\t\t\t\t\t\t<section class=\"elementor-section elementor-top-section elementor-element elementor-element-5aaa0fc elementor-section-boxed elementor-section-height-default elementor-section-height-default\" data-id=\"5aaa0fc\" data-element_type=\"section\">\n\t\t\t\t\t\t<div class=\"elementor-container elementor-column-gap-default\">\n\t\t\t\t\t<div class=\"elementor-column elementor-col-100 elementor-top-column elementor-element elementor-element-eef4f67\" data-id=\"eef4f67\" data-element_type=\"column\">\n\t\t\t<div class=\"elementor-widget-wrap elementor-element-populated\">\n\t\t\t\t\t\t<div class=\"elementor-element elementor-element-c8c3a3e elementor-widget elementor-widget-heading\" data-id=\"c8c3a3e\" data-element_type=\"widget\" data-widget_type=\"heading.default\">\n\t\t\t\t<div class=\"elementor-widget-container\">\n\t\t\t\t\t<h2 class=\"elementor-heading-title elementor-size-default\">Politique de confidentialit\u00e9\n<\/h2>\t\t\t\t<\/div>\n\t\t\t\t<\/div>\n\t\t\t\t\t<\/div>\n\t\t<\/div>\n\t\t\t\t\t<\/div>\n\t\t<\/section>\n\t\t\t\t<section class=\"elementor-section elementor-top-section elementor-element elementor-element-563ccda9 elementor-section-boxed elementor-section-height-default elementor-section-height-default\" data-id=\"563ccda9\" data-element_type=\"section\">\n\t\t\t\t\t\t<div class=\"elementor-container elementor-column-gap-default\">\n\t\t\t\t\t<div class=\"elementor-column elementor-col-100 elementor-top-column elementor-element elementor-element-9879bc4\" data-id=\"9879bc4\" data-element_type=\"column\">\n\t\t\t<div class=\"elementor-widget-wrap elementor-element-populated\">\n\t\t\t\t\t\t<div class=\"elementor-element elementor-element-8549a5e elementor-widget elementor-widget-text-editor\" data-id=\"8549a5e\" data-element_type=\"widget\" data-widget_type=\"text-editor.default\">\n\t\t\t\t<div class=\"elementor-widget-container\">\n\t\t\t\t\t\t\t\t\t\n<p><strong>Qui sommes-nous&nbsp;?<\/strong><\/p>\n\n\n\n<p>L\u2019adresse de notre site Web est : <a href=\"http:\/\/valentinaduna.com\/\">http:\/\/valentinaduna.com\/<\/a><\/p>\n\n\n\n<p><strong>Utilisation des donn\u00e9es personnelles collect\u00e9es<\/strong><\/p>\n\n\n\n<p>Vous pouvez utiliser le site Internet valentinaduna.com sans fournir d&rsquo;informations d&rsquo;ordre personnel \u00e0 Valentine Carlier. Il vous sera toutefois n\u00e9cessaire de fournir certaines informations, dont notamment :<br>&#8211; vos nom, adresse, num\u00e9ro de t\u00e9l\u00e9phone et adresse \u00e9lectronique si vous souhaitez notamment recevoir des informations de Valentine Carlier.<\/p>\n\n\n\n<p>Les informations fournies sur le site Internet valentinaduna.com seront stock\u00e9es sur le serveur de Valentine Carlier en France.<\/p>\n\n\n\n<p>La dur\u00e9e de conservation de vos informations personnelles est de 10 ans.<\/p>\n\n\n\n<p>Vous pouvez \u00e9galement envoyer \u00e0 tout moment un courrier \u00e9lectronique demandant \u00e0 Valentine Carlier de supprimer les informations personnelles vous concernant d\u00e8s que votre commande aura \u00e9t\u00e9 trait\u00e9e et livr\u00e9e. Valentine Carlier peut collecter des informations non personnelles sur vous, m\u00eame si vous n&rsquo;achetez aucun produit sur le site Internet valentinaduna.com.<\/p>\n\n\n\n<p><strong>Commentaires<\/strong><\/p>\n\n\n\n<p>Quand vous laissez un commentaire sur notre site web, les donn\u00e9es inscrites dans le formulaire de commentaire, mais aussi votre adresse IP et l\u2019agent utilisateur de votre navigateur sont collect\u00e9s pour nous aider \u00e0 la d\u00e9tection des commentaires ind\u00e9sirables.<\/p>\n\n\n\n<p>Une cha\u00eene anonymis\u00e9e cr\u00e9\u00e9e \u00e0 partir de votre adresse de messagerie (\u00e9galement appel\u00e9e hash) peut \u00eatre envoy\u00e9e au service Gravatar pour v\u00e9rifier si vous utilisez ce dernier. Les clauses de confidentialit\u00e9 du service Gravatar sont disponibles ici&nbsp;: https:\/\/automattic.com\/privacy\/. Apr\u00e8s validation de votre commentaire, votre photo de profil sera visible publiquement \u00e0 cot\u00e9 de votre commentaire.<\/p>\n\n\n\n<p><strong>R\u00e9ception d&rsquo;informations<br><\/strong><\/p>\n\n\n\n<p>Valentine Carlier vous donne aussi la possibilit\u00e9 de recevoir des informations susceptibles de vous int\u00e9resser, dont notamment des informations concernant les produits Valentine Carlier et les nouveaux produits propos\u00e9s sur le site Internet valentinaduna.com. Si vous ne d\u00e9sirez pas recevoir ces informations, vous pouvez choisir \u00e0 tout moment de ne plus recevoir les communications ult\u00e9rieures en contactant notre Service Clients par courrier \u00e9lectronique \u00e0 l&rsquo;adresse adunayoga@gmail.com<\/p>\n\n\n\n<p><strong>Cookies<\/strong><\/p>\n\n\n\n<h4 class=\"wp-block-heading\">Quels cookies utilisons-nous ?<\/h4>\n\n\n\n<p><strong>&#8211; Des cookies tiers<\/strong><br>Ce sont notamment des cookies d&rsquo;analyses statistiques qui recueillent des informations sur la navigation faite sur notre site, nous permettant ainsi d&rsquo;am\u00e9liorer votre exp\u00e9rience utilisateur et d&rsquo;adapter les services \u00e0 vos pr\u00e9f\u00e9rences. Vous pouvez \u00e0 tout moment modifier vos pr\u00e9f\u00e9rences en vous rendant dans la section \u00ab&nbsp;G\u00e9rer vos pr\u00e9f\u00e9rences en mati\u00e8res de cookies&nbsp;\u00bb.<\/p>\n\n\n\n<p>Si vous d\u00e9posez un commentaire sur notre site, il vous sera propos\u00e9 d\u2019enregistrer votre nom, adresse de messagerie et site web dans des cookies. C\u2019est uniquement pour votre confort afin de ne pas avoir \u00e0 saisir ces informations si vous d\u00e9posez un autre commentaire plus tard. Ces cookies expirent au bout d\u2019un an.<\/p>\n\n\n\n<p>Si vous avez un compte et que vous vous connectez sur ce site, un cookie temporaire sera cr\u00e9\u00e9 afin de d\u00e9terminer si votre navigateur accepte les cookies. Il ne contient pas de donn\u00e9es personnelles et sera supprim\u00e9 automatiquement \u00e0 la fermeture de votre navigateur.<\/p>\n\n\n\n<p>Lorsque vous vous connecterez, nous mettrons en place un certain nombre de cookies pour enregistrer vos informations de connexion et vos pr\u00e9f\u00e9rences d\u2019\u00e9cran. La dur\u00e9e de vie d\u2019un cookie de connexion est de deux jours, celle d\u2019un cookie d\u2019option d\u2019\u00e9cran est d\u2019un an. Si vous cochez \u00ab&nbsp;Se souvenir de moi&nbsp;\u00bb, votre cookie de connexion sera conserv\u00e9 pendant deux semaines. Si vous vous d\u00e9connectez de votre compte, le cookie de connexion sera effac\u00e9.<\/p>\n\n\n\n<p>En modifiant ou en publiant une publication, un cookie suppl\u00e9mentaire sera enregistr\u00e9 dans votre navigateur. Ce cookie ne comprend aucune donn\u00e9e personnelle. Il indique simplement l\u2019ID de la publication que vous venez de modifier. Il expire au bout d\u2019un jour.<\/p>\n\n\n\n<p><strong>Contenu embarqu\u00e9 depuis d\u2019autres sites<\/strong><\/p>\n\n\n\n<p>Les articles de ce site peuvent inclure des contenus int\u00e9gr\u00e9s (par exemple des vid\u00e9os, images, articles\u2026). Le contenu int\u00e9gr\u00e9 depuis d\u2019autres sites se comporte de la m\u00eame mani\u00e8re que si le visiteur se rendait sur cet autre site.<\/p>\n\n\n\n<p>Ces sites web pourraient collecter des donn\u00e9es sur vous, utiliser des cookies, embarquer des outils de suivis tiers, suivre vos interactions avec ces contenus embarqu\u00e9s si vous disposez d\u2019un compte connect\u00e9 sur leur site web.<\/p>\n\n\n\n<p><strong>Statistiques et mesures d\u2019audience<\/strong><\/p>\n\n\n\n<p>Aux fins de statistiques et mesures d\u2019audience nous utilisons Google Analytics. <\/p>\n\n\n\n<p><strong>Utilisation et transmission de vos donn\u00e9es personnelles<\/strong><\/p>\n\n\n\n<p>valentinaduna.com peut communiquer \u00e0 Valentine Carlier , les informations que vous fournissez sur le site Internet valentinaduna.com afin de traiter votre commande et de lutter contre les tentatives de fraude aux moyens de paiement en ligne. Dans le cadre de la lutte contre la fraude aux moyens de paiement en ligne, Valentine Carlier, en qualit\u00e9 de responsable de traitement, peut transmettre vos informations financi\u00e8res \u00e0 un prestataire externe dot\u00e9 d\u2019un outil de d\u00e9tection de la fraude en ligne afin d\u2019authentifier un paiement.<\/p>\n\n\n\n<p>Valentine Carlier peut \u00e9galement communiquer les informations que vous fournissez sur le site Internet valentinaduna.com \u00e0 des tiers qui fournissent des services sur ou au site Internet valentinaduna.com.<\/p>\n\n\n\n<p>Si vous ne souhaitez pas recevoir ces informations par courrier \u00e9lectronique, vous pouvez vous d\u00e9sinscrire en suivant la proc\u00e9dure pr\u00e9vue dans le chapitre \u00a0\u00bb R\u00e9ception d&rsquo;Informations \u00ab\u00a0.<\/p>\n\n\n\n<p>Valentine Carlier peut aussi communiquer les informations que vous lui avez fournies si elle estime de bonne foi que cette divulgation est n\u00e9cessaire pour respecter le droit en vigueur, une assignation ou toute autre proc\u00e9dure juridique. \u00c0 titre d&rsquo;exemple, Valentine Carlier peut divulguer les informations n\u00e9cessaires pour identifier ou contacter une personne ou encore intenter une action juridique contre une personne ou une entit\u00e9 susceptibles de violer les Conditions G\u00e9n\u00e9rales de Vente et d&rsquo;Utilisation de valentinaduna.com ou susceptibles de causer un pr\u00e9judice ou de perturber d&rsquo;autres utilisateurs du site Internet valentinaduna.com. Dans l&rsquo;\u00e9ventualit\u00e9 o\u00f9 Valentine Carlier, ou tout ou partie de leurs actifs seraient acquis par un tiers, la liste de clients de valentinaduna.com peut \u00eatre incluse dans les actifs c\u00e9d\u00e9s.<\/p>\n\n\n\n<p>Valentine Carlier ne contr\u00f4lant pas les politiques de confidentialit\u00e9 ou les pratiques des tiers auxquels elle transmet des informations sur les utilisateurs du site valentinaduna.com, la pr\u00e9sente Politique de confidentialit\u00e9 ne couvre pas l&rsquo;utilisation ou la divulgation de ces informations par ces tiers.<\/p>\n\n\n\n<p><strong>Dur\u00e9es de stockage de vos donn\u00e9es<\/strong><\/p>\n\n\n\n<p>Si vous laissez un commentaire, le commentaire et ses m\u00e9tadonn\u00e9es sont conserv\u00e9s ind\u00e9finiment. Cela permet de reconna\u00eetre et approuver automatiquement les commentaires suivants au lieu de les laisser dans la file de mod\u00e9ration.<\/p>\n\n\n\n<p>Pour les utilisateurs et utilisatrices qui s\u2019enregistrent sur notre site (si cela est possible), nous stockons \u00e9galement les donn\u00e9es personnelles indiqu\u00e9es dans leur profil. Tous les utilisateurs et utilisatrices peuvent voir, modifier ou supprimer leurs informations personnelles \u00e0 tout moment (\u00e0 l\u2019exception de leur nom d\u2019utilisateur\u00b7ice). Les gestionnaires du site peuvent aussi voir et modifier ces informations.<\/p>\n\n\n\n<p><strong>Les droits que vous avez sur vos donn\u00e9es<\/strong><\/p>\n\n\n\n<p>Si vous avez un compte ou si vous avez laiss\u00e9 des commentaires sur le site, vous pouvez demander \u00e0 recevoir un fichier contenant toutes les donn\u00e9es personnelles que nous poss\u00e9dons \u00e0 votre sujet, incluant celles que vous nous avez fournies. Vous pouvez \u00e9galement demander la suppression des donn\u00e9es personnelles vous concernant. Cela ne prend pas en compte les donn\u00e9es stock\u00e9es \u00e0 des fins administratives, l\u00e9gales ou pour des raisons de s\u00e9curit\u00e9.<\/p>\n\n\n\n<p><strong>Transmission de vos donn\u00e9es personnelles<\/strong><\/p>\n\n\n\n<p>Les commentaires des visiteurs peuvent \u00eatre v\u00e9rifi\u00e9s \u00e0 l\u2019aide d\u2019un service automatis\u00e9 de d\u00e9tection des commentaires ind\u00e9sirables.<\/p>\n\n\n\n<p><strong>Informations de contact<\/strong><\/p>\n\n\n\n<p>Vous pouvez nous contacter :<\/p>\n\n\n\n<p>\u2022 par email : <a href=\"mailto:adunayoga@gmail.com\">adunayoga@gmail.com<\/a><\/p>\n\n\n\n<p>\u2022 par courrier \u00e0 Valentina Carlier, 193 chemin des Pins 84870 LORIOL DU COMTAT, France<\/p>\n\t\t\t\t\t\t\t\t<\/div>\n\t\t\t\t<\/div>\n\t\t\t\t\t<\/div>\n\t\t<\/div>\n\t\t\t\t\t<\/div>\n\t\t<\/section>\n\t\t\t\t<\/div>\n\t\t","protected":false},"excerpt":{"rendered":"<p>Politique de confidentialit\u00e9 Qui sommes-nous&nbsp;? L\u2019adresse de notre site Web est : http:\/\/valentinaduna.com\/ Utilisation des donn\u00e9es personnelles collect\u00e9es Vous pouvez utiliser le site Internet valentinaduna.com sans fournir d&rsquo;informations d&rsquo;ordre personnel \u00e0 Valentine Carlier. Il vous sera toutefois n\u00e9cessaire de fournir certaines informations, dont notamment :&#8211; vos nom, adresse, num\u00e9ro de t\u00e9l\u00e9phone et adresse \u00e9lectronique si [&hellip;]<\/p>\n","protected":false},"author":2,"featured_media":0,"parent":0,"menu_order":0,"comment_status":"closed","ping_status":"closed","template":"elementor_header_footer","meta":{"footnotes":""},"class_list":["post-855","page","type-page","status-publish","hentry"],"yoast_head":"<!-- This site is optimized with the Yoast SEO plugin v26.7 - https:\/\/yoast.com\/wordpress\/plugins\/seo\/ -->\n<title>Politique de confidentialit\u00e9 - Here &amp; now<\/title>\n<meta name=\"robots\" content=\"index, follow, max-snippet:-1, max-image-preview:large, max-video-preview:-1\" \/>\n<link rel=\"canonical\" href=\"https:\/\/valentinaduna.com\/?page_id=855\" \/>\n<meta property=\"og:locale\" content=\"fr_FR\" \/>\n<meta property=\"og:type\" content=\"article\" \/>\n<meta property=\"og:title\" content=\"Politique de confidentialit\u00e9 - Here &amp; now\" \/>\n<meta property=\"og:description\" content=\"Politique de confidentialit\u00e9 Qui sommes-nous&nbsp;? L\u2019adresse de notre site Web est : http:\/\/valentinaduna.com\/ Utilisation des donn\u00e9es personnelles collect\u00e9es Vous pouvez utiliser le site Internet valentinaduna.com sans fournir d&rsquo;informations d&rsquo;ordre personnel \u00e0 Valentine Carlier. Il vous sera toutefois n\u00e9cessaire de fournir certaines informations, dont notamment :&#8211; vos nom, adresse, num\u00e9ro de t\u00e9l\u00e9phone et adresse \u00e9lectronique si [&hellip;]\" \/>\n<meta property=\"og:url\" content=\"https:\/\/valentinaduna.com\/?page_id=855\" \/>\n<meta property=\"og:site_name\" content=\"Here &amp; now\" \/>\n<meta property=\"article:modified_time\" content=\"2023-10-14T07:36:19+00:00\" \/>\n<meta name=\"twitter:card\" content=\"summary_large_image\" \/>\n<meta name=\"twitter:label1\" content=\"Dur\u00e9e de lecture estim\u00e9e\" \/>\n\t<meta name=\"twitter:data1\" content=\"7 minutes\" \/>\n<script type=\"application\/ld+json\" class=\"yoast-schema-graph\">{\"@context\":\"https:\/\/schema.org\",\"@graph\":[{\"@type\":\"WebPage\",\"@id\":\"https:\/\/valentinaduna.com\/?page_id=855\",\"url\":\"https:\/\/valentinaduna.com\/?page_id=855\",\"name\":\"Politique de confidentialit\u00e9 - Here &amp; now\",\"isPartOf\":{\"@id\":\"https:\/\/valentinaduna.com\/#website\"},\"datePublished\":\"2019-02-25T08:54:11+00:00\",\"dateModified\":\"2023-10-14T07:36:19+00:00\",\"breadcrumb\":{\"@id\":\"https:\/\/valentinaduna.com\/?page_id=855#breadcrumb\"},\"inLanguage\":\"fr-FR\",\"potentialAction\":[{\"@type\":\"ReadAction\",\"target\":[\"https:\/\/valentinaduna.com\/?page_id=855\"]}]},{\"@type\":\"BreadcrumbList\",\"@id\":\"https:\/\/valentinaduna.com\/?page_id=855#breadcrumb\",\"itemListElement\":[{\"@type\":\"ListItem\",\"position\":1,\"name\":\"Accueil\",\"item\":\"https:\/\/valentinaduna.com\/\"},{\"@type\":\"ListItem\",\"position\":2,\"name\":\"Politique de confidentialit\u00e9\"}]},{\"@type\":\"WebSite\",\"@id\":\"https:\/\/valentinaduna.com\/#website\",\"url\":\"https:\/\/valentinaduna.com\/\",\"name\":\"Here &amp; now\",\"description\":\"Valentina Duna \u2022 World Wild Yogini \u00e0 plumes\",\"potentialAction\":[{\"@type\":\"SearchAction\",\"target\":{\"@type\":\"EntryPoint\",\"urlTemplate\":\"https:\/\/valentinaduna.com\/?s={search_term_string}\"},\"query-input\":{\"@type\":\"PropertyValueSpecification\",\"valueRequired\":true,\"valueName\":\"search_term_string\"}}],\"inLanguage\":\"fr-FR\"}]}<\/script>\n<!-- \/ Yoast SEO plugin. -->","yoast_head_json":{"title":"Politique de confidentialit\u00e9 - Here &amp; now","robots":{"index":"index","follow":"follow","max-snippet":"max-snippet:-1","max-image-preview":"max-image-preview:large","max-video-preview":"max-video-preview:-1"},"canonical":"https:\/\/valentinaduna.com\/?page_id=855","og_locale":"fr_FR","og_type":"article","og_title":"Politique de confidentialit\u00e9 - Here &amp; now","og_description":"Politique de confidentialit\u00e9 Qui sommes-nous&nbsp;? L\u2019adresse de notre site Web est : http:\/\/valentinaduna.com\/ Utilisation des donn\u00e9es personnelles collect\u00e9es Vous pouvez utiliser le site Internet valentinaduna.com sans fournir d&rsquo;informations d&rsquo;ordre personnel \u00e0 Valentine Carlier. Il vous sera toutefois n\u00e9cessaire de fournir certaines informations, dont notamment :&#8211; vos nom, adresse, num\u00e9ro de t\u00e9l\u00e9phone et adresse \u00e9lectronique si [&hellip;]","og_url":"https:\/\/valentinaduna.com\/?page_id=855","og_site_name":"Here &amp; now","article_modified_time":"2023-10-14T07:36:19+00:00","twitter_card":"summary_large_image","twitter_misc":{"Dur\u00e9e de lecture estim\u00e9e":"7 minutes"},"schema":{"@context":"https:\/\/schema.org","@graph":[{"@type":"WebPage","@id":"https:\/\/valentinaduna.com\/?page_id=855","url":"https:\/\/valentinaduna.com\/?page_id=855","name":"Politique de confidentialit\u00e9 - Here &amp; now","isPartOf":{"@id":"https:\/\/valentinaduna.com\/#website"},"datePublished":"2019-02-25T08:54:11+00:00","dateModified":"2023-10-14T07:36:19+00:00","breadcrumb":{"@id":"https:\/\/valentinaduna.com\/?page_id=855#breadcrumb"},"inLanguage":"fr-FR","potentialAction":[{"@type":"ReadAction","target":["https:\/\/valentinaduna.com\/?page_id=855"]}]},{"@type":"BreadcrumbList","@id":"https:\/\/valentinaduna.com\/?page_id=855#breadcrumb","itemListElement":[{"@type":"ListItem","position":1,"name":"Accueil","item":"https:\/\/valentinaduna.com\/"},{"@type":"ListItem","position":2,"name":"Politique de confidentialit\u00e9"}]},{"@type":"WebSite","@id":"https:\/\/valentinaduna.com\/#website","url":"https:\/\/valentinaduna.com\/","name":"Here &amp; now","description":"Valentina Duna \u2022 World Wild Yogini \u00e0 plumes","potentialAction":[{"@type":"SearchAction","target":{"@type":"EntryPoint","urlTemplate":"https:\/\/valentinaduna.com\/?s={search_term_string}"},"query-input":{"@type":"PropertyValueSpecification","valueRequired":true,"valueName":"search_term_string"}}],"inLanguage":"fr-FR"}]}},"_links":{"self":[{"href":"https:\/\/valentinaduna.com\/index.php?rest_route=\/wp\/v2\/pages\/855","targetHints":{"allow":["GET"]}}],"collection":[{"href":"https:\/\/valentinaduna.com\/index.php?rest_route=\/wp\/v2\/pages"}],"about":[{"href":"https:\/\/valentinaduna.com\/index.php?rest_route=\/wp\/v2\/types\/page"}],"author":[{"embeddable":true,"href":"https:\/\/valentinaduna.com\/index.php?rest_route=\/wp\/v2\/users\/2"}],"replies":[{"embeddable":true,"href":"https:\/\/valentinaduna.com\/index.php?rest_route=%2Fwp%2Fv2%2Fcomments&post=855"}],"version-history":[{"count":4,"href":"https:\/\/valentinaduna.com\/index.php?rest_route=\/wp\/v2\/pages\/855\/revisions"}],"predecessor-version":[{"id":6149,"href":"https:\/\/valentinaduna.com\/index.php?rest_route=\/wp\/v2\/pages\/855\/revisions\/6149"}],"wp:attachment":[{"href":"https:\/\/valentinaduna.com\/index.php?rest_route=%2Fwp%2Fv2%2Fmedia&parent=855"}],"curies":[{"name":"wp","href":"https:\/\/api.w.org\/{rel}","templated":true}]}}