{"id":880,"date":"2019-04-02T14:31:58","date_gmt":"2019-04-02T12:31:58","guid":{"rendered":"https:\/\/valentinaduna.com\/?page_id=880"},"modified":"2023-09-26T23:01:55","modified_gmt":"2023-09-26T21:01:55","slug":"yoga-en-entreprise","status":"publish","type":"page","link":"https:\/\/valentinaduna.com\/?page_id=880","title":{"rendered":"Yoga en entreprise"},"content":{"rendered":"\t\t<div data-elementor-type=\"wp-page\" data-elementor-id=\"880\" class=\"elementor elementor-880\">\n\t\t\t\t\t\t<section class=\"elementor-section elementor-top-section elementor-element elementor-element-4ec8b306 elementor-section-boxed elementor-section-height-default elementor-section-height-default\" data-id=\"4ec8b306\" data-element_type=\"section\" data-settings=\"{&quot;background_background&quot;:&quot;classic&quot;}\">\n\t\t\t\t\t\t\t<div class=\"elementor-background-overlay\"><\/div>\n\t\t\t\t\t\t\t<div class=\"elementor-container elementor-column-gap-default\">\n\t\t\t\t\t<div class=\"elementor-column elementor-col-100 elementor-top-column elementor-element elementor-element-54674705\" data-id=\"54674705\" data-element_type=\"column\">\n\t\t\t<div class=\"elementor-widget-wrap elementor-element-populated\">\n\t\t\t\t\t\t<div class=\"elementor-element elementor-element-65da9225 elementor-widget elementor-widget-spacer\" data-id=\"65da9225\" data-element_type=\"widget\" data-widget_type=\"spacer.default\">\n\t\t\t\t<div class=\"elementor-widget-container\">\n\t\t\t\t\t\t\t<div class=\"elementor-spacer\">\n\t\t\t<div class=\"elementor-spacer-inner\"><\/div>\n\t\t<\/div>\n\t\t\t\t\t\t<\/div>\n\t\t\t\t<\/div>\n\t\t\t\t<div class=\"elementor-element elementor-element-6d9d41d1 elementor-widget elementor-widget-heading\" data-id=\"6d9d41d1\" data-element_type=\"widget\" data-widget_type=\"heading.default\">\n\t\t\t\t<div class=\"elementor-widget-container\">\n\t\t\t\t\t<h2 class=\"elementor-heading-title elementor-size-default\">Yoga en entreprise<\/h2>\t\t\t\t<\/div>\n\t\t\t\t<\/div>\n\t\t\t\t<div class=\"elementor-element elementor-element-175790a7 elementor-widget elementor-widget-spacer\" data-id=\"175790a7\" data-element_type=\"widget\" data-widget_type=\"spacer.default\">\n\t\t\t\t<div class=\"elementor-widget-container\">\n\t\t\t\t\t\t\t<div class=\"elementor-spacer\">\n\t\t\t<div class=\"elementor-spacer-inner\"><\/div>\n\t\t<\/div>\n\t\t\t\t\t\t<\/div>\n\t\t\t\t<\/div>\n\t\t\t\t\t<\/div>\n\t\t<\/div>\n\t\t\t\t\t<\/div>\n\t\t<\/section>\n\t\t\t\t<section class=\"elementor-section elementor-top-section elementor-element elementor-element-a42b39c elementor-section-boxed elementor-section-height-default elementor-section-height-default\" data-id=\"a42b39c\" data-element_type=\"section\">\n\t\t\t\t\t\t<div class=\"elementor-container elementor-column-gap-default\">\n\t\t\t\t\t<div class=\"elementor-column elementor-col-100 elementor-top-column elementor-element elementor-element-aa67612\" data-id=\"aa67612\" data-element_type=\"column\">\n\t\t\t<div class=\"elementor-widget-wrap elementor-element-populated\">\n\t\t\t\t\t\t<div class=\"elementor-element elementor-element-cb4dbd8 elementor-widget elementor-widget-spacer\" data-id=\"cb4dbd8\" data-element_type=\"widget\" data-widget_type=\"spacer.default\">\n\t\t\t\t<div class=\"elementor-widget-container\">\n\t\t\t\t\t\t\t<div class=\"elementor-spacer\">\n\t\t\t<div class=\"elementor-spacer-inner\"><\/div>\n\t\t<\/div>\n\t\t\t\t\t\t<\/div>\n\t\t\t\t<\/div>\n\t\t\t\t\t<\/div>\n\t\t<\/div>\n\t\t\t\t\t<\/div>\n\t\t<\/section>\n\t\t\t\t<section class=\"elementor-section elementor-top-section elementor-element elementor-element-61700220 elementor-section-boxed elementor-section-height-default elementor-section-height-default\" data-id=\"61700220\" data-element_type=\"section\">\n\t\t\t\t\t\t<div class=\"elementor-container elementor-column-gap-default\">\n\t\t\t\t\t<div class=\"elementor-column elementor-col-100 elementor-top-column elementor-element elementor-element-6f95aa42\" data-id=\"6f95aa42\" data-element_type=\"column\">\n\t\t\t<div class=\"elementor-widget-wrap elementor-element-populated\">\n\t\t\t\t\t\t<div class=\"elementor-element elementor-element-4d3b3976 elementor-widget elementor-widget-text-editor\" data-id=\"4d3b3976\" data-element_type=\"widget\" data-widget_type=\"text-editor.default\">\n\t\t\t\t<div class=\"elementor-widget-container\">\n\t\t\t\t\t\t\t\t\t<p>Aujourd&rsquo;hui le yoga a prouv\u00e9 ses bienfaits th\u00e9rapeutiques sur l&rsquo;\u00e9quilibre psycho-somatiques de ses pratiquants.\u00a0<\/p>\n<p>En agissant sur les syst\u00e8mes nerveux de la personne, il permet de mieux g\u00e9rer les \u00e9tats de stress et donc pr\u00e9venir les \u00ab\u00a0burn outs\u00a0\u00bb, ph\u00e9nom\u00e8ne croissant dans les entreprises d&rsquo;aujourd&rsquo;hui.\u00a0<\/p>\n<p>Il harmonise aussi l&rsquo;ambiance au sein de l&rsquo;entreprise.<\/p>\t\t\t\t\t\t\t\t<\/div>\n\t\t\t\t<\/div>\n\t\t\t\t<div class=\"elementor-element elementor-element-188fe122 elementor-widget elementor-widget-text-editor\" data-id=\"188fe122\" data-element_type=\"widget\" data-widget_type=\"text-editor.default\">\n\t\t\t\t<div class=\"elementor-widget-container\">\n\t\t\t\t\t\t\t\t\t<p>C&rsquo;est en cela que nous intervenons aupr\u00e8s des comit\u00e9s d&rsquo;entreprise afin de proposer des cours de yoga hebdomadaires, d&rsquo;une heure, entre midi et 14h.\u00a0<span style=\"font-family: var( --e-global-typography-text-font-family ), Sans-serif; font-weight: var( --e-global-typography-text-font-weight ); font-size: 1rem;\">La structure des cours est discut\u00e9 au pr\u00e9alable afin de r\u00e9pondre au mieux au besoin des salari\u00e9s. Valentina est d\u00e9j\u00e0 pr\u00e9sente dans certaines entreprises du Comtat Venaissin.\u00a0<\/span><\/p>\n<p><span style=\"font-family: var( --e-global-typography-text-font-family ), Sans-serif; font-weight: var( --e-global-typography-text-font-weight ); font-size: 1rem;\">Le r\u00e9sultat est tr\u00e8s positif et prometteur. Il est de grande sagesse d&rsquo;offrir ces espaces de relaxation et d&rsquo;\u00e9quilibre pour le bien \u00eatre de ses salari\u00e9s.<\/span><\/p>\t\t\t\t\t\t\t\t<\/div>\n\t\t\t\t<\/div>\n\t\t\t\t<div class=\"elementor-element elementor-element-48eda804 elementor-align-center elementor-widget elementor-widget-button\" data-id=\"48eda804\" data-element_type=\"widget\" data-widget_type=\"button.default\">\n\t\t\t\t<div class=\"elementor-widget-container\">\n\t\t\t\t\t\t\t\t\t<div class=\"elementor-button-wrapper\">\n\t\t\t\t\t<a class=\"elementor-button elementor-button-link elementor-size-sm elementor-animation-shrink\" href=\"https:\/\/valentinaduna.com\/?page_id=86\">\n\t\t\t\t\t\t<span class=\"elementor-button-content-wrapper\">\n\t\t\t\t\t\t\t\t\t<span class=\"elementor-button-text\">Contactez-moi pour plus d'infos<\/span>\n\t\t\t\t\t<\/span>\n\t\t\t\t\t<\/a>\n\t\t\t\t<\/div>\n\t\t\t\t\t\t\t\t<\/div>\n\t\t\t\t<\/div>\n\t\t\t\t\t<\/div>\n\t\t<\/div>\n\t\t\t\t\t<\/div>\n\t\t<\/section>\n\t\t\t\t<section class=\"elementor-section elementor-top-section elementor-element elementor-element-beb60a6 elementor-section-boxed elementor-section-height-default elementor-section-height-default\" data-id=\"beb60a6\" data-element_type=\"section\">\n\t\t\t\t\t\t<div class=\"elementor-container elementor-column-gap-default\">\n\t\t\t\t\t<div class=\"elementor-column elementor-col-100 elementor-top-column elementor-element elementor-element-e35df7a\" data-id=\"e35df7a\" data-element_type=\"column\">\n\t\t\t<div class=\"elementor-widget-wrap elementor-element-populated\">\n\t\t\t\t\t\t<div class=\"elementor-element elementor-element-dda66b6 elementor-widget elementor-widget-spacer\" data-id=\"dda66b6\" data-element_type=\"widget\" data-widget_type=\"spacer.default\">\n\t\t\t\t<div class=\"elementor-widget-container\">\n\t\t\t\t\t\t\t<div class=\"elementor-spacer\">\n\t\t\t<div class=\"elementor-spacer-inner\"><\/div>\n\t\t<\/div>\n\t\t\t\t\t\t<\/div>\n\t\t\t\t<\/div>\n\t\t\t\t\t<\/div>\n\t\t<\/div>\n\t\t\t\t\t<\/div>\n\t\t<\/section>\n\t\t\t\t<\/div>\n\t\t","protected":false},"excerpt":{"rendered":"<p>Yoga en entreprise Aujourd&rsquo;hui le yoga a prouv\u00e9 ses bienfaits th\u00e9rapeutiques sur l&rsquo;\u00e9quilibre psycho-somatiques de ses pratiquants.\u00a0 En agissant sur les syst\u00e8mes nerveux de la personne, il permet de mieux g\u00e9rer les \u00e9tats de stress et donc pr\u00e9venir les \u00ab\u00a0burn outs\u00a0\u00bb, ph\u00e9nom\u00e8ne croissant dans les entreprises d&rsquo;aujourd&rsquo;hui.\u00a0 Il harmonise aussi l&rsquo;ambiance au sein de l&rsquo;entreprise. [&hellip;]<\/p>\n","protected":false},"author":1,"featured_media":0,"parent":0,"menu_order":0,"comment_status":"closed","ping_status":"closed","template":"elementor_header_footer","meta":{"footnotes":""},"class_list":["post-880","page","type-page","status-publish","hentry"],"yoast_head":"<!-- This site is optimized with the Yoast SEO plugin v26.7 - https:\/\/yoast.com\/wordpress\/plugins\/seo\/ -->\n<title>Yoga en entreprise - Here &amp; now<\/title>\n<meta name=\"description\" content=\"Les bienfaits du yoga ont \u00e9t\u00e9 prouv\u00e9s aujourd&#039;hui scientifiquement. C&#039;est pourquoi plusieurs entreprises font appel \u00e0 moi pour des cours de yoga d&#039;une heure\" \/>\n<meta name=\"robots\" content=\"index, follow, max-snippet:-1, max-image-preview:large, max-video-preview:-1\" \/>\n<link rel=\"canonical\" href=\"https:\/\/valentinaduna.com\/?page_id=880\" \/>\n<meta property=\"og:locale\" content=\"fr_FR\" \/>\n<meta property=\"og:type\" content=\"article\" \/>\n<meta property=\"og:title\" content=\"Yoga en entreprise - Here &amp; now\" \/>\n<meta property=\"og:description\" content=\"Les bienfaits du yoga ont \u00e9t\u00e9 prouv\u00e9s aujourd&#039;hui scientifiquement. C&#039;est pourquoi plusieurs entreprises font appel \u00e0 moi pour des cours de yoga d&#039;une heure\" \/>\n<meta property=\"og:url\" content=\"https:\/\/valentinaduna.com\/?page_id=880\" \/>\n<meta property=\"og:site_name\" content=\"Here &amp; now\" \/>\n<meta property=\"article:modified_time\" content=\"2023-09-26T21:01:55+00:00\" \/>\n<meta name=\"twitter:card\" content=\"summary_large_image\" \/>\n<meta name=\"twitter:label1\" content=\"Dur\u00e9e de lecture estim\u00e9e\" \/>\n\t<meta name=\"twitter:data1\" content=\"1 minute\" \/>\n<script type=\"application\/ld+json\" class=\"yoast-schema-graph\">{\"@context\":\"https:\/\/schema.org\",\"@graph\":[{\"@type\":\"WebPage\",\"@id\":\"https:\/\/valentinaduna.com\/?page_id=880\",\"url\":\"https:\/\/valentinaduna.com\/?page_id=880\",\"name\":\"Yoga en entreprise - Here &amp; now\",\"isPartOf\":{\"@id\":\"https:\/\/valentinaduna.com\/#website\"},\"datePublished\":\"2019-04-02T12:31:58+00:00\",\"dateModified\":\"2023-09-26T21:01:55+00:00\",\"description\":\"Les bienfaits du yoga ont \u00e9t\u00e9 prouv\u00e9s aujourd'hui scientifiquement. C'est pourquoi plusieurs entreprises font appel \u00e0 moi pour des cours de yoga d'une heure\",\"breadcrumb\":{\"@id\":\"https:\/\/valentinaduna.com\/?page_id=880#breadcrumb\"},\"inLanguage\":\"fr-FR\",\"potentialAction\":[{\"@type\":\"ReadAction\",\"target\":[\"https:\/\/valentinaduna.com\/?page_id=880\"]}]},{\"@type\":\"BreadcrumbList\",\"@id\":\"https:\/\/valentinaduna.com\/?page_id=880#breadcrumb\",\"itemListElement\":[{\"@type\":\"ListItem\",\"position\":1,\"name\":\"Accueil\",\"item\":\"https:\/\/valentinaduna.com\/\"},{\"@type\":\"ListItem\",\"position\":2,\"name\":\"Yoga en entreprise\"}]},{\"@type\":\"WebSite\",\"@id\":\"https:\/\/valentinaduna.com\/#website\",\"url\":\"https:\/\/valentinaduna.com\/\",\"name\":\"Here &amp; now\",\"description\":\"Valentina Duna \u2022 World Wild Yogini \u00e0 plumes\",\"potentialAction\":[{\"@type\":\"SearchAction\",\"target\":{\"@type\":\"EntryPoint\",\"urlTemplate\":\"https:\/\/valentinaduna.com\/?s={search_term_string}\"},\"query-input\":{\"@type\":\"PropertyValueSpecification\",\"valueRequired\":true,\"valueName\":\"search_term_string\"}}],\"inLanguage\":\"fr-FR\"}]}<\/script>\n<!-- \/ Yoast SEO plugin. -->","yoast_head_json":{"title":"Yoga en entreprise - Here &amp; now","description":"Les bienfaits du yoga ont \u00e9t\u00e9 prouv\u00e9s aujourd'hui scientifiquement. C'est pourquoi plusieurs entreprises font appel \u00e0 moi pour des cours de yoga d'une heure","robots":{"index":"index","follow":"follow","max-snippet":"max-snippet:-1","max-image-preview":"max-image-preview:large","max-video-preview":"max-video-preview:-1"},"canonical":"https:\/\/valentinaduna.com\/?page_id=880","og_locale":"fr_FR","og_type":"article","og_title":"Yoga en entreprise - Here &amp; now","og_description":"Les bienfaits du yoga ont \u00e9t\u00e9 prouv\u00e9s aujourd'hui scientifiquement. C'est pourquoi plusieurs entreprises font appel \u00e0 moi pour des cours de yoga d'une heure","og_url":"https:\/\/valentinaduna.com\/?page_id=880","og_site_name":"Here &amp; now","article_modified_time":"2023-09-26T21:01:55+00:00","twitter_card":"summary_large_image","twitter_misc":{"Dur\u00e9e de lecture estim\u00e9e":"1 minute"},"schema":{"@context":"https:\/\/schema.org","@graph":[{"@type":"WebPage","@id":"https:\/\/valentinaduna.com\/?page_id=880","url":"https:\/\/valentinaduna.com\/?page_id=880","name":"Yoga en entreprise - Here &amp; now","isPartOf":{"@id":"https:\/\/valentinaduna.com\/#website"},"datePublished":"2019-04-02T12:31:58+00:00","dateModified":"2023-09-26T21:01:55+00:00","description":"Les bienfaits du yoga ont \u00e9t\u00e9 prouv\u00e9s aujourd'hui scientifiquement. C'est pourquoi plusieurs entreprises font appel \u00e0 moi pour des cours de yoga d'une heure","breadcrumb":{"@id":"https:\/\/valentinaduna.com\/?page_id=880#breadcrumb"},"inLanguage":"fr-FR","potentialAction":[{"@type":"ReadAction","target":["https:\/\/valentinaduna.com\/?page_id=880"]}]},{"@type":"BreadcrumbList","@id":"https:\/\/valentinaduna.com\/?page_id=880#breadcrumb","itemListElement":[{"@type":"ListItem","position":1,"name":"Accueil","item":"https:\/\/valentinaduna.com\/"},{"@type":"ListItem","position":2,"name":"Yoga en entreprise"}]},{"@type":"WebSite","@id":"https:\/\/valentinaduna.com\/#website","url":"https:\/\/valentinaduna.com\/","name":"Here &amp; now","description":"Valentina Duna \u2022 World Wild Yogini \u00e0 plumes","potentialAction":[{"@type":"SearchAction","target":{"@type":"EntryPoint","urlTemplate":"https:\/\/valentinaduna.com\/?s={search_term_string}"},"query-input":{"@type":"PropertyValueSpecification","valueRequired":true,"valueName":"search_term_string"}}],"inLanguage":"fr-FR"}]}},"_links":{"self":[{"href":"https:\/\/valentinaduna.com\/index.php?rest_route=\/wp\/v2\/pages\/880","targetHints":{"allow":["GET"]}}],"collection":[{"href":"https:\/\/valentinaduna.com\/index.php?rest_route=\/wp\/v2\/pages"}],"about":[{"href":"https:\/\/valentinaduna.com\/index.php?rest_route=\/wp\/v2\/types\/page"}],"author":[{"embeddable":true,"href":"https:\/\/valentinaduna.com\/index.php?rest_route=\/wp\/v2\/users\/1"}],"replies":[{"embeddable":true,"href":"https:\/\/valentinaduna.com\/index.php?rest_route=%2Fwp%2Fv2%2Fcomments&post=880"}],"version-history":[{"count":83,"href":"https:\/\/valentinaduna.com\/index.php?rest_route=\/wp\/v2\/pages\/880\/revisions"}],"predecessor-version":[{"id":6474,"href":"https:\/\/valentinaduna.com\/index.php?rest_route=\/wp\/v2\/pages\/880\/revisions\/6474"}],"wp:attachment":[{"href":"https:\/\/valentinaduna.com\/index.php?rest_route=%2Fwp%2Fv2%2Fmedia&parent=880"}],"curies":[{"name":"wp","href":"https:\/\/api.w.org\/{rel}","templated":true}]}}